{"id":4736,"date":"2025-09-19T11:38:28","date_gmt":"2025-09-19T08:38:28","guid":{"rendered":"https:\/\/lazaro.mg\/?post_type=product&#038;p=4736"},"modified":"2025-10-25T00:08:42","modified_gmt":"2025-10-24T21:08:42","slug":"vanille-gourmet-gousses-de-vanille-bourbon-premium","status":"publish","type":"product","link":"https:\/\/lazaro.mg\/en\/nos-produits\/vanille\/vanille-gourmet-gousses-de-vanille-bourbon-premium\/","title":{"rendered":"Vanilla Gourmet \u2013 Premium Bourbon Vanilla Pods"},"content":{"rendered":"","protected":false},"excerpt":{"rendered":"<span class=\"subtitle subtitle-block subtitle-above subtitle-left use-body-font\">Exceptional Black Vanilla<\/span>\r\nDiscover Madagascar Bourbon Vanilla: plump, supple, glossy gourmet pods, rich in beans and easy to split. A true treasure of Madagascar, gourmet vanilla stands out for its intense and refined aroma : perfect for pastry chefs, chocolatiers, ice cream makers, gourmet caterers, and perfumers. Savor authenticity in every bean!","protected":false},"featured_media":5002,"template":"","meta":{"_acf_changed":false},"product_brand":[],"product_cat":[48],"product_tag":[],"class_list":{"0":"post-4736","1":"product","2":"type-product","3":"status-publish","4":"has-post-thumbnail","6":"product_cat-vanille","8":"first","9":"instock","10":"shipping-taxable","11":"product-type-simple"},"acf":[],"yoast_head":"<!-- This site is optimized with the Yoast SEO plugin v26.8 - https:\/\/yoast.com\/product\/yoast-seo-wordpress\/ -->\n<title>Vanille Gourmet \u2013 Gousses de vanille Bourbon Premium - Company Lazaro<\/title>\n<meta name=\"robots\" content=\"index, follow, max-snippet:-1, max-image-preview:large, max-video-preview:-1\" \/>\n<link rel=\"canonical\" href=\"https:\/\/lazaro.mg\/en\/nos-produits\/vanille\/vanille-gourmet-gousses-de-vanille-bourbon-premium\/\" \/>\n<meta property=\"og:locale\" content=\"en_US\" \/>\n<meta property=\"og:type\" content=\"article\" \/>\n<meta property=\"og:title\" content=\"Vanille Gourmet \u2013 Gousses de vanille Bourbon Premium - Company Lazaro\" \/>\n<meta property=\"og:description\" content=\"Vanille noire d\u2019exception D\u00e9couvrez notre vanille Bourbon de Madagascar : des gousses de vanille gourmet charnues, souples et brillantes, riches en grains et faciles \u00e0 fendre. Produit d\u2019exception de Madagascar, la vanille Gourmet s\u00e9duit par son intensit\u00e9 aromatique unique, parfaite pour les chefs gastronomes, p\u00e2tissiers, chocolatiers, glaciers et parfumeurs. Savourez l\u2019authenticit\u00e9 !\" \/>\n<meta property=\"og:url\" content=\"https:\/\/lazaro.mg\/en\/nos-produits\/vanille\/vanille-gourmet-gousses-de-vanille-bourbon-premium\/\" \/>\n<meta property=\"og:site_name\" content=\"Company Lazaro\" \/>\n<meta property=\"article:modified_time\" content=\"2025-10-24T21:08:42+00:00\" \/>\n<meta property=\"og:image\" content=\"https:\/\/lazaro.mg\/wp-content\/uploads\/2025\/10\/Lazaro-Vanille-Gourmet-3.png\" \/>\n\t<meta property=\"og:image:width\" content=\"2308\" \/>\n\t<meta property=\"og:image:height\" content=\"2308\" \/>\n\t<meta property=\"og:image:type\" content=\"image\/png\" \/>\n<meta name=\"twitter:card\" content=\"summary_large_image\" \/>\n<script type=\"application\/ld+json\" class=\"yoast-schema-graph\">{\"@context\":\"https:\/\/schema.org\",\"@graph\":[{\"@type\":\"WebPage\",\"@id\":\"https:\/\/lazaro.mg\/nos-produits\/vanille\/vanille-gourmet-gousses-de-vanille-bourbon-premium\/\",\"url\":\"https:\/\/lazaro.mg\/nos-produits\/vanille\/vanille-gourmet-gousses-de-vanille-bourbon-premium\/\",\"name\":\"Vanille Gourmet \u2013 Gousses de vanille Bourbon Premium - Company Lazaro\",\"isPartOf\":{\"@id\":\"https:\/\/lazaro.mg\/#website\"},\"primaryImageOfPage\":{\"@id\":\"https:\/\/lazaro.mg\/nos-produits\/vanille\/vanille-gourmet-gousses-de-vanille-bourbon-premium\/#primaryimage\"},\"image\":{\"@id\":\"https:\/\/lazaro.mg\/nos-produits\/vanille\/vanille-gourmet-gousses-de-vanille-bourbon-premium\/#primaryimage\"},\"thumbnailUrl\":\"https:\/\/lazaro.mg\/wp-content\/uploads\/2025\/10\/Lazaro-Vanille-Gourmet-3.png\",\"datePublished\":\"2025-09-19T08:38:28+00:00\",\"dateModified\":\"2025-10-24T21:08:42+00:00\",\"breadcrumb\":{\"@id\":\"https:\/\/lazaro.mg\/nos-produits\/vanille\/vanille-gourmet-gousses-de-vanille-bourbon-premium\/#breadcrumb\"},\"inLanguage\":\"en-US\",\"potentialAction\":[{\"@type\":\"ReadAction\",\"target\":[\"https:\/\/lazaro.mg\/nos-produits\/vanille\/vanille-gourmet-gousses-de-vanille-bourbon-premium\/\"]}]},{\"@type\":\"ImageObject\",\"inLanguage\":\"en-US\",\"@id\":\"https:\/\/lazaro.mg\/nos-produits\/vanille\/vanille-gourmet-gousses-de-vanille-bourbon-premium\/#primaryimage\",\"url\":\"https:\/\/lazaro.mg\/wp-content\/uploads\/2025\/10\/Lazaro-Vanille-Gourmet-3.png\",\"contentUrl\":\"https:\/\/lazaro.mg\/wp-content\/uploads\/2025\/10\/Lazaro-Vanille-Gourmet-3.png\",\"width\":2308,\"height\":2308},{\"@type\":\"BreadcrumbList\",\"@id\":\"https:\/\/lazaro.mg\/nos-produits\/vanille\/vanille-gourmet-gousses-de-vanille-bourbon-premium\/#breadcrumb\",\"itemListElement\":[{\"@type\":\"ListItem\",\"position\":1,\"name\":\"Accueil\",\"item\":\"https:\/\/lazaro.mg\/\"},{\"@type\":\"ListItem\",\"position\":2,\"name\":\"Nos produits\",\"item\":\"https:\/\/lazaro.mg\/nos-produits\/\"},{\"@type\":\"ListItem\",\"position\":3,\"name\":\"Vanille Gourmet \u2013 Gousses de vanille Bourbon Premium\"}]},{\"@type\":\"WebSite\",\"@id\":\"https:\/\/lazaro.mg\/#website\",\"url\":\"https:\/\/lazaro.mg\/\",\"name\":\"Company Lazaro\",\"description\":\"Lazaro\",\"publisher\":{\"@id\":\"https:\/\/lazaro.mg\/#organization\"},\"potentialAction\":[{\"@type\":\"SearchAction\",\"target\":{\"@type\":\"EntryPoint\",\"urlTemplate\":\"https:\/\/lazaro.mg\/?s={search_term_string}\"},\"query-input\":{\"@type\":\"PropertyValueSpecification\",\"valueRequired\":true,\"valueName\":\"search_term_string\"}}],\"inLanguage\":\"en-US\"},{\"@type\":\"Organization\",\"@id\":\"https:\/\/lazaro.mg\/#organization\",\"name\":\"Company Lazaro\",\"url\":\"https:\/\/lazaro.mg\/\",\"logo\":{\"@type\":\"ImageObject\",\"inLanguage\":\"en-US\",\"@id\":\"https:\/\/lazaro.mg\/#\/schema\/logo\/image\/\",\"url\":\"https:\/\/lazaro.mg\/wp-content\/uploads\/2025\/09\/cropped-Lazaro-logo-referencement-1.png\",\"contentUrl\":\"https:\/\/lazaro.mg\/wp-content\/uploads\/2025\/09\/cropped-Lazaro-logo-referencement-1.png\",\"width\":512,\"height\":511,\"caption\":\"Company Lazaro\"},\"image\":{\"@id\":\"https:\/\/lazaro.mg\/#\/schema\/logo\/image\/\"}}]}<\/script>\n<!-- \/ Yoast SEO plugin. -->","yoast_head_json":{"title":"Vanille Gourmet \u2013 Gousses de vanille Bourbon Premium - Company Lazaro","robots":{"index":"index","follow":"follow","max-snippet":"max-snippet:-1","max-image-preview":"max-image-preview:large","max-video-preview":"max-video-preview:-1"},"canonical":"https:\/\/lazaro.mg\/en\/nos-produits\/vanille\/vanille-gourmet-gousses-de-vanille-bourbon-premium\/","og_locale":"en_US","og_type":"article","og_title":"Vanille Gourmet \u2013 Gousses de vanille Bourbon Premium - Company Lazaro","og_description":"Vanille noire d\u2019exception D\u00e9couvrez notre vanille Bourbon de Madagascar : des gousses de vanille gourmet charnues, souples et brillantes, riches en grains et faciles \u00e0 fendre. Produit d\u2019exception de Madagascar, la vanille Gourmet s\u00e9duit par son intensit\u00e9 aromatique unique, parfaite pour les chefs gastronomes, p\u00e2tissiers, chocolatiers, glaciers et parfumeurs. Savourez l\u2019authenticit\u00e9 !","og_url":"https:\/\/lazaro.mg\/en\/nos-produits\/vanille\/vanille-gourmet-gousses-de-vanille-bourbon-premium\/","og_site_name":"Company Lazaro","article_modified_time":"2025-10-24T21:08:42+00:00","og_image":[{"width":2308,"height":2308,"url":"https:\/\/lazaro.mg\/wp-content\/uploads\/2025\/10\/Lazaro-Vanille-Gourmet-3.png","type":"image\/png"}],"twitter_card":"summary_large_image","schema":{"@context":"https:\/\/schema.org","@graph":[{"@type":"WebPage","@id":"https:\/\/lazaro.mg\/nos-produits\/vanille\/vanille-gourmet-gousses-de-vanille-bourbon-premium\/","url":"https:\/\/lazaro.mg\/nos-produits\/vanille\/vanille-gourmet-gousses-de-vanille-bourbon-premium\/","name":"Vanille Gourmet \u2013 Gousses de vanille Bourbon Premium - Company Lazaro","isPartOf":{"@id":"https:\/\/lazaro.mg\/#website"},"primaryImageOfPage":{"@id":"https:\/\/lazaro.mg\/nos-produits\/vanille\/vanille-gourmet-gousses-de-vanille-bourbon-premium\/#primaryimage"},"image":{"@id":"https:\/\/lazaro.mg\/nos-produits\/vanille\/vanille-gourmet-gousses-de-vanille-bourbon-premium\/#primaryimage"},"thumbnailUrl":"https:\/\/lazaro.mg\/wp-content\/uploads\/2025\/10\/Lazaro-Vanille-Gourmet-3.png","datePublished":"2025-09-19T08:38:28+00:00","dateModified":"2025-10-24T21:08:42+00:00","breadcrumb":{"@id":"https:\/\/lazaro.mg\/nos-produits\/vanille\/vanille-gourmet-gousses-de-vanille-bourbon-premium\/#breadcrumb"},"inLanguage":"en-US","potentialAction":[{"@type":"ReadAction","target":["https:\/\/lazaro.mg\/nos-produits\/vanille\/vanille-gourmet-gousses-de-vanille-bourbon-premium\/"]}]},{"@type":"ImageObject","inLanguage":"en-US","@id":"https:\/\/lazaro.mg\/nos-produits\/vanille\/vanille-gourmet-gousses-de-vanille-bourbon-premium\/#primaryimage","url":"https:\/\/lazaro.mg\/wp-content\/uploads\/2025\/10\/Lazaro-Vanille-Gourmet-3.png","contentUrl":"https:\/\/lazaro.mg\/wp-content\/uploads\/2025\/10\/Lazaro-Vanille-Gourmet-3.png","width":2308,"height":2308},{"@type":"BreadcrumbList","@id":"https:\/\/lazaro.mg\/nos-produits\/vanille\/vanille-gourmet-gousses-de-vanille-bourbon-premium\/#breadcrumb","itemListElement":[{"@type":"ListItem","position":1,"name":"Accueil","item":"https:\/\/lazaro.mg\/"},{"@type":"ListItem","position":2,"name":"Nos produits","item":"https:\/\/lazaro.mg\/nos-produits\/"},{"@type":"ListItem","position":3,"name":"Vanille Gourmet \u2013 Gousses de vanille Bourbon Premium"}]},{"@type":"WebSite","@id":"https:\/\/lazaro.mg\/#website","url":"https:\/\/lazaro.mg\/","name":"Company Lazaro","description":"Lazaro","publisher":{"@id":"https:\/\/lazaro.mg\/#organization"},"potentialAction":[{"@type":"SearchAction","target":{"@type":"EntryPoint","urlTemplate":"https:\/\/lazaro.mg\/?s={search_term_string}"},"query-input":{"@type":"PropertyValueSpecification","valueRequired":true,"valueName":"search_term_string"}}],"inLanguage":"en-US"},{"@type":"Organization","@id":"https:\/\/lazaro.mg\/#organization","name":"Company Lazaro","url":"https:\/\/lazaro.mg\/","logo":{"@type":"ImageObject","inLanguage":"en-US","@id":"https:\/\/lazaro.mg\/#\/schema\/logo\/image\/","url":"https:\/\/lazaro.mg\/wp-content\/uploads\/2025\/09\/cropped-Lazaro-logo-referencement-1.png","contentUrl":"https:\/\/lazaro.mg\/wp-content\/uploads\/2025\/09\/cropped-Lazaro-logo-referencement-1.png","width":512,"height":511,"caption":"Company Lazaro"},"image":{"@id":"https:\/\/lazaro.mg\/#\/schema\/logo\/image\/"}}]}},"_links":{"self":[{"href":"https:\/\/lazaro.mg\/en\/wp-json\/wp\/v2\/product\/4736","targetHints":{"allow":["GET"]}}],"collection":[{"href":"https:\/\/lazaro.mg\/en\/wp-json\/wp\/v2\/product"}],"about":[{"href":"https:\/\/lazaro.mg\/en\/wp-json\/wp\/v2\/types\/product"}],"wp:featuredmedia":[{"embeddable":true,"href":"https:\/\/lazaro.mg\/en\/wp-json\/wp\/v2\/media\/5002"}],"wp:attachment":[{"href":"https:\/\/lazaro.mg\/en\/wp-json\/wp\/v2\/media?parent=4736"}],"wp:term":[{"taxonomy":"product_brand","embeddable":true,"href":"https:\/\/lazaro.mg\/en\/wp-json\/wp\/v2\/product_brand?post=4736"},{"taxonomy":"product_cat","embeddable":true,"href":"https:\/\/lazaro.mg\/en\/wp-json\/wp\/v2\/product_cat?post=4736"},{"taxonomy":"product_tag","embeddable":true,"href":"https:\/\/lazaro.mg\/en\/wp-json\/wp\/v2\/product_tag?post=4736"}],"curies":[{"name":"wp","href":"https:\/\/api.w.org\/{rel}","templated":true}]}}