{"id":4744,"date":"2025-09-19T11:36:34","date_gmt":"2025-09-19T08:36:34","guid":{"rendered":"https:\/\/lazaro.mg\/?post_type=product&#038;p=4744"},"modified":"2025-10-25T00:15:43","modified_gmt":"2025-10-24T21:15:43","slug":"vanille-rouge-europe-gousses-de-vanille-bourbon","status":"publish","type":"product","link":"https:\/\/lazaro.mg\/en\/nos-produits\/vanille\/vanille-rouge-europe-gousses-de-vanille-bourbon\/","title":{"rendered":"European Red Vanilla \u2013 Bourbon Vanilla Pods"},"content":{"rendered":"","protected":false},"excerpt":{"rendered":"<span class=\"subtitle subtitle-block subtitle-above subtitle-left use-body-font\">Premium extraction vanilla for the European market<\/span>\r\nLa vanille Bourbon Rouge Europe s\u00e9duit les professionnels de l\u2019industrie agroalimentaire et de la parfumerie en Europe, d\u2019o\u00f9 son nom. Moins grasse et plus s\u00e8che que la TK, elle est id\u00e9ale pour l\u2019extraction d\u2019ar\u00f4mes naturels. Vanille d\u2019excellente qualit\u00e9, elle est souple et d\u00e9voile un parfum intense. \r\nElle est disponible fendue ou non fendue.","protected":false},"featured_media":4992,"template":"","meta":{"_acf_changed":false},"product_brand":[],"product_cat":[48],"product_tag":[],"class_list":{"0":"post-4744","1":"product","2":"type-product","3":"status-publish","4":"has-post-thumbnail","6":"product_cat-vanille","8":"first","9":"instock","10":"shipping-taxable","11":"product-type-simple"},"acf":[],"yoast_head":"<!-- This site is optimized with the Yoast SEO plugin v26.8 - https:\/\/yoast.com\/product\/yoast-seo-wordpress\/ -->\n<title>Vanille rouge Europe \u2013 Gousses de vanille Bourbon - Company Lazaro<\/title>\n<meta name=\"robots\" content=\"index, follow, max-snippet:-1, max-image-preview:large, max-video-preview:-1\" \/>\n<link rel=\"canonical\" href=\"https:\/\/lazaro.mg\/en\/nos-produits\/vanille\/vanille-rouge-europe-gousses-de-vanille-bourbon\/\" \/>\n<meta property=\"og:locale\" content=\"en_US\" \/>\n<meta property=\"og:type\" content=\"article\" \/>\n<meta property=\"og:title\" content=\"Vanille rouge Europe \u2013 Gousses de vanille Bourbon - Company Lazaro\" \/>\n<meta property=\"og:description\" content=\"Vanille d\u2019extraction pris\u00e9e du march\u00e9 europ\u00e9en La vanille Bourbon Rouge Europe s\u00e9duit les professionnels de l\u2019industrie agroalimentaire et de la parfumerie en Europe, d\u2019o\u00f9 son nom. Moins grasse et plus s\u00e8che que la TK, elle est id\u00e9ale pour l\u2019extraction d\u2019ar\u00f4mes naturels. Vanille d\u2019excellente qualit\u00e9, elle est souple et d\u00e9voile un parfum intense.  Elle est disponible fendue ou non fendue.\" \/>\n<meta property=\"og:url\" content=\"https:\/\/lazaro.mg\/en\/nos-produits\/vanille\/vanille-rouge-europe-gousses-de-vanille-bourbon\/\" \/>\n<meta property=\"og:site_name\" content=\"Company Lazaro\" \/>\n<meta property=\"article:modified_time\" content=\"2025-10-24T21:15:43+00:00\" \/>\n<meta property=\"og:image\" content=\"https:\/\/lazaro.mg\/wp-content\/uploads\/2025\/10\/Lazaro-Vanille-rouge-Europe.png\" \/>\n\t<meta property=\"og:image:width\" content=\"2308\" \/>\n\t<meta property=\"og:image:height\" content=\"2308\" \/>\n\t<meta property=\"og:image:type\" content=\"image\/png\" \/>\n<meta name=\"twitter:card\" content=\"summary_large_image\" \/>\n<script type=\"application\/ld+json\" class=\"yoast-schema-graph\">{\"@context\":\"https:\/\/schema.org\",\"@graph\":[{\"@type\":\"WebPage\",\"@id\":\"https:\/\/lazaro.mg\/nos-produits\/vanille\/vanille-rouge-europe-gousses-de-vanille-bourbon\/\",\"url\":\"https:\/\/lazaro.mg\/nos-produits\/vanille\/vanille-rouge-europe-gousses-de-vanille-bourbon\/\",\"name\":\"Vanille rouge Europe \u2013 Gousses de vanille Bourbon - Company Lazaro\",\"isPartOf\":{\"@id\":\"https:\/\/lazaro.mg\/#website\"},\"primaryImageOfPage\":{\"@id\":\"https:\/\/lazaro.mg\/nos-produits\/vanille\/vanille-rouge-europe-gousses-de-vanille-bourbon\/#primaryimage\"},\"image\":{\"@id\":\"https:\/\/lazaro.mg\/nos-produits\/vanille\/vanille-rouge-europe-gousses-de-vanille-bourbon\/#primaryimage\"},\"thumbnailUrl\":\"https:\/\/lazaro.mg\/wp-content\/uploads\/2025\/10\/Lazaro-Vanille-rouge-Europe.png\",\"datePublished\":\"2025-09-19T08:36:34+00:00\",\"dateModified\":\"2025-10-24T21:15:43+00:00\",\"breadcrumb\":{\"@id\":\"https:\/\/lazaro.mg\/nos-produits\/vanille\/vanille-rouge-europe-gousses-de-vanille-bourbon\/#breadcrumb\"},\"inLanguage\":\"en-US\",\"potentialAction\":[{\"@type\":\"ReadAction\",\"target\":[\"https:\/\/lazaro.mg\/nos-produits\/vanille\/vanille-rouge-europe-gousses-de-vanille-bourbon\/\"]}]},{\"@type\":\"ImageObject\",\"inLanguage\":\"en-US\",\"@id\":\"https:\/\/lazaro.mg\/nos-produits\/vanille\/vanille-rouge-europe-gousses-de-vanille-bourbon\/#primaryimage\",\"url\":\"https:\/\/lazaro.mg\/wp-content\/uploads\/2025\/10\/Lazaro-Vanille-rouge-Europe.png\",\"contentUrl\":\"https:\/\/lazaro.mg\/wp-content\/uploads\/2025\/10\/Lazaro-Vanille-rouge-Europe.png\",\"width\":2308,\"height\":2308,\"caption\":\"Lazaro - Vanille rouge Europe\"},{\"@type\":\"BreadcrumbList\",\"@id\":\"https:\/\/lazaro.mg\/nos-produits\/vanille\/vanille-rouge-europe-gousses-de-vanille-bourbon\/#breadcrumb\",\"itemListElement\":[{\"@type\":\"ListItem\",\"position\":1,\"name\":\"Accueil\",\"item\":\"https:\/\/lazaro.mg\/\"},{\"@type\":\"ListItem\",\"position\":2,\"name\":\"Nos produits\",\"item\":\"https:\/\/lazaro.mg\/nos-produits\/\"},{\"@type\":\"ListItem\",\"position\":3,\"name\":\"Vanille rouge Europe \u2013 Gousses de vanille Bourbon\"}]},{\"@type\":\"WebSite\",\"@id\":\"https:\/\/lazaro.mg\/#website\",\"url\":\"https:\/\/lazaro.mg\/\",\"name\":\"Company Lazaro\",\"description\":\"Lazaro\",\"publisher\":{\"@id\":\"https:\/\/lazaro.mg\/#organization\"},\"potentialAction\":[{\"@type\":\"SearchAction\",\"target\":{\"@type\":\"EntryPoint\",\"urlTemplate\":\"https:\/\/lazaro.mg\/?s={search_term_string}\"},\"query-input\":{\"@type\":\"PropertyValueSpecification\",\"valueRequired\":true,\"valueName\":\"search_term_string\"}}],\"inLanguage\":\"en-US\"},{\"@type\":\"Organization\",\"@id\":\"https:\/\/lazaro.mg\/#organization\",\"name\":\"Company Lazaro\",\"url\":\"https:\/\/lazaro.mg\/\",\"logo\":{\"@type\":\"ImageObject\",\"inLanguage\":\"en-US\",\"@id\":\"https:\/\/lazaro.mg\/#\/schema\/logo\/image\/\",\"url\":\"https:\/\/lazaro.mg\/wp-content\/uploads\/2025\/09\/cropped-Lazaro-logo-referencement-1.png\",\"contentUrl\":\"https:\/\/lazaro.mg\/wp-content\/uploads\/2025\/09\/cropped-Lazaro-logo-referencement-1.png\",\"width\":512,\"height\":511,\"caption\":\"Company Lazaro\"},\"image\":{\"@id\":\"https:\/\/lazaro.mg\/#\/schema\/logo\/image\/\"}}]}<\/script>\n<!-- \/ Yoast SEO plugin. -->","yoast_head_json":{"title":"Vanille rouge Europe \u2013 Gousses de vanille Bourbon - Company Lazaro","robots":{"index":"index","follow":"follow","max-snippet":"max-snippet:-1","max-image-preview":"max-image-preview:large","max-video-preview":"max-video-preview:-1"},"canonical":"https:\/\/lazaro.mg\/en\/nos-produits\/vanille\/vanille-rouge-europe-gousses-de-vanille-bourbon\/","og_locale":"en_US","og_type":"article","og_title":"Vanille rouge Europe \u2013 Gousses de vanille Bourbon - Company Lazaro","og_description":"Vanille d\u2019extraction pris\u00e9e du march\u00e9 europ\u00e9en La vanille Bourbon Rouge Europe s\u00e9duit les professionnels de l\u2019industrie agroalimentaire et de la parfumerie en Europe, d\u2019o\u00f9 son nom. Moins grasse et plus s\u00e8che que la TK, elle est id\u00e9ale pour l\u2019extraction d\u2019ar\u00f4mes naturels. Vanille d\u2019excellente qualit\u00e9, elle est souple et d\u00e9voile un parfum intense.  Elle est disponible fendue ou non fendue.","og_url":"https:\/\/lazaro.mg\/en\/nos-produits\/vanille\/vanille-rouge-europe-gousses-de-vanille-bourbon\/","og_site_name":"Company Lazaro","article_modified_time":"2025-10-24T21:15:43+00:00","og_image":[{"width":2308,"height":2308,"url":"https:\/\/lazaro.mg\/wp-content\/uploads\/2025\/10\/Lazaro-Vanille-rouge-Europe.png","type":"image\/png"}],"twitter_card":"summary_large_image","schema":{"@context":"https:\/\/schema.org","@graph":[{"@type":"WebPage","@id":"https:\/\/lazaro.mg\/nos-produits\/vanille\/vanille-rouge-europe-gousses-de-vanille-bourbon\/","url":"https:\/\/lazaro.mg\/nos-produits\/vanille\/vanille-rouge-europe-gousses-de-vanille-bourbon\/","name":"Vanille rouge Europe \u2013 Gousses de vanille Bourbon - Company Lazaro","isPartOf":{"@id":"https:\/\/lazaro.mg\/#website"},"primaryImageOfPage":{"@id":"https:\/\/lazaro.mg\/nos-produits\/vanille\/vanille-rouge-europe-gousses-de-vanille-bourbon\/#primaryimage"},"image":{"@id":"https:\/\/lazaro.mg\/nos-produits\/vanille\/vanille-rouge-europe-gousses-de-vanille-bourbon\/#primaryimage"},"thumbnailUrl":"https:\/\/lazaro.mg\/wp-content\/uploads\/2025\/10\/Lazaro-Vanille-rouge-Europe.png","datePublished":"2025-09-19T08:36:34+00:00","dateModified":"2025-10-24T21:15:43+00:00","breadcrumb":{"@id":"https:\/\/lazaro.mg\/nos-produits\/vanille\/vanille-rouge-europe-gousses-de-vanille-bourbon\/#breadcrumb"},"inLanguage":"en-US","potentialAction":[{"@type":"ReadAction","target":["https:\/\/lazaro.mg\/nos-produits\/vanille\/vanille-rouge-europe-gousses-de-vanille-bourbon\/"]}]},{"@type":"ImageObject","inLanguage":"en-US","@id":"https:\/\/lazaro.mg\/nos-produits\/vanille\/vanille-rouge-europe-gousses-de-vanille-bourbon\/#primaryimage","url":"https:\/\/lazaro.mg\/wp-content\/uploads\/2025\/10\/Lazaro-Vanille-rouge-Europe.png","contentUrl":"https:\/\/lazaro.mg\/wp-content\/uploads\/2025\/10\/Lazaro-Vanille-rouge-Europe.png","width":2308,"height":2308,"caption":"Lazaro - Vanille rouge Europe"},{"@type":"BreadcrumbList","@id":"https:\/\/lazaro.mg\/nos-produits\/vanille\/vanille-rouge-europe-gousses-de-vanille-bourbon\/#breadcrumb","itemListElement":[{"@type":"ListItem","position":1,"name":"Accueil","item":"https:\/\/lazaro.mg\/"},{"@type":"ListItem","position":2,"name":"Nos produits","item":"https:\/\/lazaro.mg\/nos-produits\/"},{"@type":"ListItem","position":3,"name":"Vanille rouge Europe \u2013 Gousses de vanille Bourbon"}]},{"@type":"WebSite","@id":"https:\/\/lazaro.mg\/#website","url":"https:\/\/lazaro.mg\/","name":"Company Lazaro","description":"Lazaro","publisher":{"@id":"https:\/\/lazaro.mg\/#organization"},"potentialAction":[{"@type":"SearchAction","target":{"@type":"EntryPoint","urlTemplate":"https:\/\/lazaro.mg\/?s={search_term_string}"},"query-input":{"@type":"PropertyValueSpecification","valueRequired":true,"valueName":"search_term_string"}}],"inLanguage":"en-US"},{"@type":"Organization","@id":"https:\/\/lazaro.mg\/#organization","name":"Company Lazaro","url":"https:\/\/lazaro.mg\/","logo":{"@type":"ImageObject","inLanguage":"en-US","@id":"https:\/\/lazaro.mg\/#\/schema\/logo\/image\/","url":"https:\/\/lazaro.mg\/wp-content\/uploads\/2025\/09\/cropped-Lazaro-logo-referencement-1.png","contentUrl":"https:\/\/lazaro.mg\/wp-content\/uploads\/2025\/09\/cropped-Lazaro-logo-referencement-1.png","width":512,"height":511,"caption":"Company Lazaro"},"image":{"@id":"https:\/\/lazaro.mg\/#\/schema\/logo\/image\/"}}]}},"_links":{"self":[{"href":"https:\/\/lazaro.mg\/en\/wp-json\/wp\/v2\/product\/4744","targetHints":{"allow":["GET"]}}],"collection":[{"href":"https:\/\/lazaro.mg\/en\/wp-json\/wp\/v2\/product"}],"about":[{"href":"https:\/\/lazaro.mg\/en\/wp-json\/wp\/v2\/types\/product"}],"wp:featuredmedia":[{"embeddable":true,"href":"https:\/\/lazaro.mg\/en\/wp-json\/wp\/v2\/media\/4992"}],"wp:attachment":[{"href":"https:\/\/lazaro.mg\/en\/wp-json\/wp\/v2\/media?parent=4744"}],"wp:term":[{"taxonomy":"product_brand","embeddable":true,"href":"https:\/\/lazaro.mg\/en\/wp-json\/wp\/v2\/product_brand?post=4744"},{"taxonomy":"product_cat","embeddable":true,"href":"https:\/\/lazaro.mg\/en\/wp-json\/wp\/v2\/product_cat?post=4744"},{"taxonomy":"product_tag","embeddable":true,"href":"https:\/\/lazaro.mg\/en\/wp-json\/wp\/v2\/product_tag?post=4744"}],"curies":[{"name":"wp","href":"https:\/\/api.w.org\/{rel}","templated":true}]}}