{"id":4745,"date":"2025-09-19T11:35:22","date_gmt":"2025-09-19T08:35:22","guid":{"rendered":"https:\/\/lazaro.mg\/?post_type=product&#038;p=4745"},"modified":"2025-10-25T00:17:34","modified_gmt":"2025-10-24T21:17:34","slug":"vanille-rouge-usa-gousses-de-vanille-bourbon","status":"publish","type":"product","link":"https:\/\/lazaro.mg\/en\/nos-produits\/vanille\/vanille-rouge-usa-gousses-de-vanille-bourbon\/","title":{"rendered":"U.S. Red Vanilla \u2013 Bourbon Vanilla Pods"},"content":{"rendered":"","protected":false},"excerpt":{"rendered":"<span class=\"subtitle subtitle-block subtitle-above subtitle-left use-body-font\">The preferred extraction vanilla of American professionals<\/span>\r\n<span style=\"font-weight: 400;\">The U.S. Red Bourbon Vanilla from Madagascar is the benchmark choice for American professionals.<\/span>\r\n<span style=\"font-weight: 400;\">Drier than the European Red variety, it meets North American market standards with a moisture rate below 25%, a high vanillin concentration and a sweet, woody aroma.<\/span>\r\n<span style=\"font-weight: 400;\">Available split or unsplit, this natural premium vanilla is ideal for flavor extraction and for enhancing refined culinary creations.<\/span>\r\n\r\n&nbsp;","protected":false},"featured_media":5008,"template":"","meta":{"_acf_changed":false},"product_brand":[],"product_cat":[48],"product_tag":[],"class_list":{"0":"post-4745","1":"product","2":"type-product","3":"status-publish","4":"has-post-thumbnail","6":"product_cat-vanille","8":"first","9":"instock","10":"shipping-taxable","11":"product-type-simple"},"acf":[],"yoast_head":"<!-- This site is optimized with the Yoast SEO plugin v26.8 - https:\/\/yoast.com\/product\/yoast-seo-wordpress\/ -->\n<title>Vanille rouge USA \u2013 Gousses de vanille Bourbon - Company Lazaro<\/title>\n<meta name=\"robots\" content=\"index, follow, max-snippet:-1, max-image-preview:large, max-video-preview:-1\" \/>\n<link rel=\"canonical\" href=\"https:\/\/lazaro.mg\/en\/nos-produits\/vanille\/vanille-rouge-usa-gousses-de-vanille-bourbon\/\" \/>\n<meta property=\"og:locale\" content=\"en_US\" \/>\n<meta property=\"og:type\" content=\"article\" \/>\n<meta property=\"og:title\" content=\"Vanille rouge USA \u2013 Gousses de vanille Bourbon - Company Lazaro\" \/>\n<meta property=\"og:description\" content=\"Vanille d\u2019extraction pr\u00e9f\u00e9r\u00e9e des Am\u00e9ricains La vanille Bourbon de Madagascar cat\u00e9gorie Rouge USA est la r\u00e9f\u00e9rence des professionnels am\u00e9ricains. Plus s\u00e8che que la Rouge Europe, elle r\u00e9pond aux standards du march\u00e9 nord-am\u00e9ricain gr\u00e2ce \u00e0 un taux d\u2019humidit\u00e9 inf\u00e9rieur \u00e0 25 %, une forte concentration en vanilline et un ar\u00f4me sucr\u00e9 et bois\u00e9. Disponible fendue ou non fendue, elle est id\u00e9ale pour l\u2019extraction d\u2019ar\u00f4mes naturels et pour relever les pr\u00e9parations culinaires raffin\u00e9es.  &nbsp;\" \/>\n<meta property=\"og:url\" content=\"https:\/\/lazaro.mg\/en\/nos-produits\/vanille\/vanille-rouge-usa-gousses-de-vanille-bourbon\/\" \/>\n<meta property=\"og:site_name\" content=\"Company Lazaro\" \/>\n<meta property=\"article:modified_time\" content=\"2025-10-24T21:17:34+00:00\" \/>\n<meta property=\"og:image\" content=\"https:\/\/lazaro.mg\/wp-content\/uploads\/2025\/10\/Vanille-rouge-USA-3.png\" \/>\n\t<meta property=\"og:image:width\" content=\"2308\" \/>\n\t<meta property=\"og:image:height\" content=\"2308\" \/>\n\t<meta property=\"og:image:type\" content=\"image\/png\" \/>\n<meta name=\"twitter:card\" content=\"summary_large_image\" \/>\n<script type=\"application\/ld+json\" class=\"yoast-schema-graph\">{\"@context\":\"https:\/\/schema.org\",\"@graph\":[{\"@type\":\"WebPage\",\"@id\":\"https:\/\/lazaro.mg\/nos-produits\/vanille\/vanille-rouge-usa-gousses-de-vanille-bourbon\/\",\"url\":\"https:\/\/lazaro.mg\/nos-produits\/vanille\/vanille-rouge-usa-gousses-de-vanille-bourbon\/\",\"name\":\"Vanille rouge USA \u2013 Gousses de vanille Bourbon - Company Lazaro\",\"isPartOf\":{\"@id\":\"https:\/\/lazaro.mg\/#website\"},\"primaryImageOfPage\":{\"@id\":\"https:\/\/lazaro.mg\/nos-produits\/vanille\/vanille-rouge-usa-gousses-de-vanille-bourbon\/#primaryimage\"},\"image\":{\"@id\":\"https:\/\/lazaro.mg\/nos-produits\/vanille\/vanille-rouge-usa-gousses-de-vanille-bourbon\/#primaryimage\"},\"thumbnailUrl\":\"https:\/\/lazaro.mg\/wp-content\/uploads\/2025\/10\/Vanille-rouge-USA-3.png\",\"datePublished\":\"2025-09-19T08:35:22+00:00\",\"dateModified\":\"2025-10-24T21:17:34+00:00\",\"breadcrumb\":{\"@id\":\"https:\/\/lazaro.mg\/nos-produits\/vanille\/vanille-rouge-usa-gousses-de-vanille-bourbon\/#breadcrumb\"},\"inLanguage\":\"en-US\",\"potentialAction\":[{\"@type\":\"ReadAction\",\"target\":[\"https:\/\/lazaro.mg\/nos-produits\/vanille\/vanille-rouge-usa-gousses-de-vanille-bourbon\/\"]}]},{\"@type\":\"ImageObject\",\"inLanguage\":\"en-US\",\"@id\":\"https:\/\/lazaro.mg\/nos-produits\/vanille\/vanille-rouge-usa-gousses-de-vanille-bourbon\/#primaryimage\",\"url\":\"https:\/\/lazaro.mg\/wp-content\/uploads\/2025\/10\/Vanille-rouge-USA-3.png\",\"contentUrl\":\"https:\/\/lazaro.mg\/wp-content\/uploads\/2025\/10\/Vanille-rouge-USA-3.png\",\"width\":2308,\"height\":2308},{\"@type\":\"BreadcrumbList\",\"@id\":\"https:\/\/lazaro.mg\/nos-produits\/vanille\/vanille-rouge-usa-gousses-de-vanille-bourbon\/#breadcrumb\",\"itemListElement\":[{\"@type\":\"ListItem\",\"position\":1,\"name\":\"Accueil\",\"item\":\"https:\/\/lazaro.mg\/\"},{\"@type\":\"ListItem\",\"position\":2,\"name\":\"Nos produits\",\"item\":\"https:\/\/lazaro.mg\/nos-produits\/\"},{\"@type\":\"ListItem\",\"position\":3,\"name\":\"Vanille rouge USA \u2013 Gousses de vanille Bourbon\"}]},{\"@type\":\"WebSite\",\"@id\":\"https:\/\/lazaro.mg\/#website\",\"url\":\"https:\/\/lazaro.mg\/\",\"name\":\"Company Lazaro\",\"description\":\"Lazaro\",\"publisher\":{\"@id\":\"https:\/\/lazaro.mg\/#organization\"},\"potentialAction\":[{\"@type\":\"SearchAction\",\"target\":{\"@type\":\"EntryPoint\",\"urlTemplate\":\"https:\/\/lazaro.mg\/?s={search_term_string}\"},\"query-input\":{\"@type\":\"PropertyValueSpecification\",\"valueRequired\":true,\"valueName\":\"search_term_string\"}}],\"inLanguage\":\"en-US\"},{\"@type\":\"Organization\",\"@id\":\"https:\/\/lazaro.mg\/#organization\",\"name\":\"Company Lazaro\",\"url\":\"https:\/\/lazaro.mg\/\",\"logo\":{\"@type\":\"ImageObject\",\"inLanguage\":\"en-US\",\"@id\":\"https:\/\/lazaro.mg\/#\/schema\/logo\/image\/\",\"url\":\"https:\/\/lazaro.mg\/wp-content\/uploads\/2025\/09\/cropped-Lazaro-logo-referencement-1.png\",\"contentUrl\":\"https:\/\/lazaro.mg\/wp-content\/uploads\/2025\/09\/cropped-Lazaro-logo-referencement-1.png\",\"width\":512,\"height\":511,\"caption\":\"Company Lazaro\"},\"image\":{\"@id\":\"https:\/\/lazaro.mg\/#\/schema\/logo\/image\/\"}}]}<\/script>\n<!-- \/ Yoast SEO plugin. -->","yoast_head_json":{"title":"Vanille rouge USA \u2013 Gousses de vanille Bourbon - Company Lazaro","robots":{"index":"index","follow":"follow","max-snippet":"max-snippet:-1","max-image-preview":"max-image-preview:large","max-video-preview":"max-video-preview:-1"},"canonical":"https:\/\/lazaro.mg\/en\/nos-produits\/vanille\/vanille-rouge-usa-gousses-de-vanille-bourbon\/","og_locale":"en_US","og_type":"article","og_title":"Vanille rouge USA \u2013 Gousses de vanille Bourbon - Company Lazaro","og_description":"Vanille d\u2019extraction pr\u00e9f\u00e9r\u00e9e des Am\u00e9ricains La vanille Bourbon de Madagascar cat\u00e9gorie Rouge USA est la r\u00e9f\u00e9rence des professionnels am\u00e9ricains. Plus s\u00e8che que la Rouge Europe, elle r\u00e9pond aux standards du march\u00e9 nord-am\u00e9ricain gr\u00e2ce \u00e0 un taux d\u2019humidit\u00e9 inf\u00e9rieur \u00e0 25 %, une forte concentration en vanilline et un ar\u00f4me sucr\u00e9 et bois\u00e9. Disponible fendue ou non fendue, elle est id\u00e9ale pour l\u2019extraction d\u2019ar\u00f4mes naturels et pour relever les pr\u00e9parations culinaires raffin\u00e9es.  &nbsp;","og_url":"https:\/\/lazaro.mg\/en\/nos-produits\/vanille\/vanille-rouge-usa-gousses-de-vanille-bourbon\/","og_site_name":"Company Lazaro","article_modified_time":"2025-10-24T21:17:34+00:00","og_image":[{"width":2308,"height":2308,"url":"https:\/\/lazaro.mg\/wp-content\/uploads\/2025\/10\/Vanille-rouge-USA-3.png","type":"image\/png"}],"twitter_card":"summary_large_image","schema":{"@context":"https:\/\/schema.org","@graph":[{"@type":"WebPage","@id":"https:\/\/lazaro.mg\/nos-produits\/vanille\/vanille-rouge-usa-gousses-de-vanille-bourbon\/","url":"https:\/\/lazaro.mg\/nos-produits\/vanille\/vanille-rouge-usa-gousses-de-vanille-bourbon\/","name":"Vanille rouge USA \u2013 Gousses de vanille Bourbon - Company Lazaro","isPartOf":{"@id":"https:\/\/lazaro.mg\/#website"},"primaryImageOfPage":{"@id":"https:\/\/lazaro.mg\/nos-produits\/vanille\/vanille-rouge-usa-gousses-de-vanille-bourbon\/#primaryimage"},"image":{"@id":"https:\/\/lazaro.mg\/nos-produits\/vanille\/vanille-rouge-usa-gousses-de-vanille-bourbon\/#primaryimage"},"thumbnailUrl":"https:\/\/lazaro.mg\/wp-content\/uploads\/2025\/10\/Vanille-rouge-USA-3.png","datePublished":"2025-09-19T08:35:22+00:00","dateModified":"2025-10-24T21:17:34+00:00","breadcrumb":{"@id":"https:\/\/lazaro.mg\/nos-produits\/vanille\/vanille-rouge-usa-gousses-de-vanille-bourbon\/#breadcrumb"},"inLanguage":"en-US","potentialAction":[{"@type":"ReadAction","target":["https:\/\/lazaro.mg\/nos-produits\/vanille\/vanille-rouge-usa-gousses-de-vanille-bourbon\/"]}]},{"@type":"ImageObject","inLanguage":"en-US","@id":"https:\/\/lazaro.mg\/nos-produits\/vanille\/vanille-rouge-usa-gousses-de-vanille-bourbon\/#primaryimage","url":"https:\/\/lazaro.mg\/wp-content\/uploads\/2025\/10\/Vanille-rouge-USA-3.png","contentUrl":"https:\/\/lazaro.mg\/wp-content\/uploads\/2025\/10\/Vanille-rouge-USA-3.png","width":2308,"height":2308},{"@type":"BreadcrumbList","@id":"https:\/\/lazaro.mg\/nos-produits\/vanille\/vanille-rouge-usa-gousses-de-vanille-bourbon\/#breadcrumb","itemListElement":[{"@type":"ListItem","position":1,"name":"Accueil","item":"https:\/\/lazaro.mg\/"},{"@type":"ListItem","position":2,"name":"Nos produits","item":"https:\/\/lazaro.mg\/nos-produits\/"},{"@type":"ListItem","position":3,"name":"Vanille rouge USA \u2013 Gousses de vanille Bourbon"}]},{"@type":"WebSite","@id":"https:\/\/lazaro.mg\/#website","url":"https:\/\/lazaro.mg\/","name":"Company Lazaro","description":"Lazaro","publisher":{"@id":"https:\/\/lazaro.mg\/#organization"},"potentialAction":[{"@type":"SearchAction","target":{"@type":"EntryPoint","urlTemplate":"https:\/\/lazaro.mg\/?s={search_term_string}"},"query-input":{"@type":"PropertyValueSpecification","valueRequired":true,"valueName":"search_term_string"}}],"inLanguage":"en-US"},{"@type":"Organization","@id":"https:\/\/lazaro.mg\/#organization","name":"Company Lazaro","url":"https:\/\/lazaro.mg\/","logo":{"@type":"ImageObject","inLanguage":"en-US","@id":"https:\/\/lazaro.mg\/#\/schema\/logo\/image\/","url":"https:\/\/lazaro.mg\/wp-content\/uploads\/2025\/09\/cropped-Lazaro-logo-referencement-1.png","contentUrl":"https:\/\/lazaro.mg\/wp-content\/uploads\/2025\/09\/cropped-Lazaro-logo-referencement-1.png","width":512,"height":511,"caption":"Company Lazaro"},"image":{"@id":"https:\/\/lazaro.mg\/#\/schema\/logo\/image\/"}}]}},"_links":{"self":[{"href":"https:\/\/lazaro.mg\/en\/wp-json\/wp\/v2\/product\/4745","targetHints":{"allow":["GET"]}}],"collection":[{"href":"https:\/\/lazaro.mg\/en\/wp-json\/wp\/v2\/product"}],"about":[{"href":"https:\/\/lazaro.mg\/en\/wp-json\/wp\/v2\/types\/product"}],"wp:featuredmedia":[{"embeddable":true,"href":"https:\/\/lazaro.mg\/en\/wp-json\/wp\/v2\/media\/5008"}],"wp:attachment":[{"href":"https:\/\/lazaro.mg\/en\/wp-json\/wp\/v2\/media?parent=4745"}],"wp:term":[{"taxonomy":"product_brand","embeddable":true,"href":"https:\/\/lazaro.mg\/en\/wp-json\/wp\/v2\/product_brand?post=4745"},{"taxonomy":"product_cat","embeddable":true,"href":"https:\/\/lazaro.mg\/en\/wp-json\/wp\/v2\/product_cat?post=4745"},{"taxonomy":"product_tag","embeddable":true,"href":"https:\/\/lazaro.mg\/en\/wp-json\/wp\/v2\/product_tag?post=4745"}],"curies":[{"name":"wp","href":"https:\/\/api.w.org\/{rel}","templated":true}]}}