{"id":4746,"date":"2025-09-19T11:34:17","date_gmt":"2025-09-19T08:34:17","guid":{"rendered":"https:\/\/lazaro.mg\/?post_type=product&#038;p=4746"},"modified":"2025-10-03T22:18:48","modified_gmt":"2025-10-03T19:18:48","slug":"cuts-de-vanille-bourbon-lalternative-economique","status":"publish","type":"product","link":"https:\/\/lazaro.mg\/en\/nos-produits\/vanille\/cuts-de-vanille-bourbon-lalternative-economique\/","title":{"rendered":"Bourbon Vanilla Cuts \u2013 The smart choice"},"content":{"rendered":"","protected":false},"excerpt":{"rendered":"<span class=\"subtitle subtitle-block subtitle-above subtitle-left use-body-font\">Small in size, big in flavor \u2013 the smart choice<\/span>\r\nBourbon Vanilla Cuts from Madagascar are smaller beans (8-10 cm) or pieces of cut vanilla that retain all the natural quality and authenticity of Madagascar\u2019s terroir. Though lower in vanillin content than larger beans, they offer an excellent quality-to-price ratio. Their smooth, rounded flavor with caramel and cocoa notes makes them especially valued by the natural flavor extraction industry. Each batch is carefully graded to meet professional requirements.","protected":false},"featured_media":5015,"template":"","meta":{"_acf_changed":false},"product_brand":[],"product_cat":[48],"product_tag":[],"class_list":{"0":"post-4746","1":"product","2":"type-product","3":"status-publish","4":"has-post-thumbnail","6":"product_cat-vanille","8":"first","9":"instock","10":"shipping-taxable","11":"product-type-simple"},"acf":[],"yoast_head":"<!-- This site is optimized with the Yoast SEO plugin v26.8 - https:\/\/yoast.com\/product\/yoast-seo-wordpress\/ -->\n<title>Cuts de vanille Bourbon \u2013 L\u2019alternative \u00e9conomique - Company Lazaro<\/title>\n<meta name=\"robots\" content=\"index, follow, max-snippet:-1, max-image-preview:large, max-video-preview:-1\" \/>\n<link rel=\"canonical\" href=\"https:\/\/lazaro.mg\/en\/nos-produits\/vanille\/cuts-de-vanille-bourbon-lalternative-economique\/\" \/>\n<meta property=\"og:locale\" content=\"en_US\" \/>\n<meta property=\"og:type\" content=\"article\" \/>\n<meta property=\"og:title\" content=\"Cuts de vanille Bourbon \u2013 L\u2019alternative \u00e9conomique - Company Lazaro\" \/>\n<meta property=\"og:description\" content=\"Cuts de vanille, petits mais de qualit\u00e9 Les cuts de vanille Bourbon de Madagascar sont de petites gousses calibr\u00e9es (8 \u00e0 10 cm) ou de la vanille coup\u00e9e qui conservent la qualit\u00e9 et l\u2019authenticit\u00e9 du terroir malgache. Moins riches en vanilline que les grandes gousses, elles offrent cependant un excellent rapport qualit\u00e9\/prix. Leur saveur douce et ronde, aux notes de caramel et de cacao, s\u00e9duit particuli\u00e8rement l\u2019industrie de l\u2019extraction d\u2019ar\u00f4mes naturels. Elles sont calibr\u00e9es suivant les attentes sp\u00e9cifiques des professionnels.\" \/>\n<meta property=\"og:url\" content=\"https:\/\/lazaro.mg\/en\/nos-produits\/vanille\/cuts-de-vanille-bourbon-lalternative-economique\/\" \/>\n<meta property=\"og:site_name\" content=\"Company Lazaro\" \/>\n<meta property=\"article:modified_time\" content=\"2025-10-03T19:18:48+00:00\" \/>\n<meta property=\"og:image\" content=\"https:\/\/lazaro.mg\/wp-content\/uploads\/2025\/10\/Lazaro-Cuts-vanille-4-1024x1024.png\" \/>\n\t<meta property=\"og:image:width\" content=\"1024\" \/>\n\t<meta property=\"og:image:height\" content=\"1024\" \/>\n\t<meta property=\"og:image:type\" content=\"image\/png\" \/>\n<meta name=\"twitter:card\" content=\"summary_large_image\" \/>\n<script type=\"application\/ld+json\" class=\"yoast-schema-graph\">{\"@context\":\"https:\/\/schema.org\",\"@graph\":[{\"@type\":\"WebPage\",\"@id\":\"https:\/\/lazaro.mg\/nos-produits\/vanille\/cuts-de-vanille-bourbon-lalternative-economique\/\",\"url\":\"https:\/\/lazaro.mg\/nos-produits\/vanille\/cuts-de-vanille-bourbon-lalternative-economique\/\",\"name\":\"Cuts de vanille Bourbon \u2013 L\u2019alternative \u00e9conomique - Company Lazaro\",\"isPartOf\":{\"@id\":\"https:\/\/lazaro.mg\/#website\"},\"primaryImageOfPage\":{\"@id\":\"https:\/\/lazaro.mg\/nos-produits\/vanille\/cuts-de-vanille-bourbon-lalternative-economique\/#primaryimage\"},\"image\":{\"@id\":\"https:\/\/lazaro.mg\/nos-produits\/vanille\/cuts-de-vanille-bourbon-lalternative-economique\/#primaryimage\"},\"thumbnailUrl\":\"https:\/\/lazaro.mg\/wp-content\/uploads\/2025\/10\/Lazaro-Cuts-vanille-4.png\",\"datePublished\":\"2025-09-19T08:34:17+00:00\",\"dateModified\":\"2025-10-03T19:18:48+00:00\",\"breadcrumb\":{\"@id\":\"https:\/\/lazaro.mg\/nos-produits\/vanille\/cuts-de-vanille-bourbon-lalternative-economique\/#breadcrumb\"},\"inLanguage\":\"en-US\",\"potentialAction\":[{\"@type\":\"ReadAction\",\"target\":[\"https:\/\/lazaro.mg\/nos-produits\/vanille\/cuts-de-vanille-bourbon-lalternative-economique\/\"]}]},{\"@type\":\"ImageObject\",\"inLanguage\":\"en-US\",\"@id\":\"https:\/\/lazaro.mg\/nos-produits\/vanille\/cuts-de-vanille-bourbon-lalternative-economique\/#primaryimage\",\"url\":\"https:\/\/lazaro.mg\/wp-content\/uploads\/2025\/10\/Lazaro-Cuts-vanille-4.png\",\"contentUrl\":\"https:\/\/lazaro.mg\/wp-content\/uploads\/2025\/10\/Lazaro-Cuts-vanille-4.png\",\"width\":2308,\"height\":2308},{\"@type\":\"BreadcrumbList\",\"@id\":\"https:\/\/lazaro.mg\/nos-produits\/vanille\/cuts-de-vanille-bourbon-lalternative-economique\/#breadcrumb\",\"itemListElement\":[{\"@type\":\"ListItem\",\"position\":1,\"name\":\"Accueil\",\"item\":\"https:\/\/lazaro.mg\/\"},{\"@type\":\"ListItem\",\"position\":2,\"name\":\"Nos produits\",\"item\":\"https:\/\/lazaro.mg\/nos-produits\/\"},{\"@type\":\"ListItem\",\"position\":3,\"name\":\"Cuts de vanille Bourbon \u2013 L\u2019alternative \u00e9conomique\"}]},{\"@type\":\"WebSite\",\"@id\":\"https:\/\/lazaro.mg\/#website\",\"url\":\"https:\/\/lazaro.mg\/\",\"name\":\"Company Lazaro\",\"description\":\"Lazaro\",\"publisher\":{\"@id\":\"https:\/\/lazaro.mg\/#organization\"},\"potentialAction\":[{\"@type\":\"SearchAction\",\"target\":{\"@type\":\"EntryPoint\",\"urlTemplate\":\"https:\/\/lazaro.mg\/?s={search_term_string}\"},\"query-input\":{\"@type\":\"PropertyValueSpecification\",\"valueRequired\":true,\"valueName\":\"search_term_string\"}}],\"inLanguage\":\"en-US\"},{\"@type\":\"Organization\",\"@id\":\"https:\/\/lazaro.mg\/#organization\",\"name\":\"Company Lazaro\",\"url\":\"https:\/\/lazaro.mg\/\",\"logo\":{\"@type\":\"ImageObject\",\"inLanguage\":\"en-US\",\"@id\":\"https:\/\/lazaro.mg\/#\/schema\/logo\/image\/\",\"url\":\"https:\/\/lazaro.mg\/wp-content\/uploads\/2025\/09\/cropped-Lazaro-logo-referencement-1.png\",\"contentUrl\":\"https:\/\/lazaro.mg\/wp-content\/uploads\/2025\/09\/cropped-Lazaro-logo-referencement-1.png\",\"width\":512,\"height\":511,\"caption\":\"Company Lazaro\"},\"image\":{\"@id\":\"https:\/\/lazaro.mg\/#\/schema\/logo\/image\/\"}}]}<\/script>\n<!-- \/ Yoast SEO plugin. -->","yoast_head_json":{"title":"Cuts de vanille Bourbon \u2013 L\u2019alternative \u00e9conomique - Company Lazaro","robots":{"index":"index","follow":"follow","max-snippet":"max-snippet:-1","max-image-preview":"max-image-preview:large","max-video-preview":"max-video-preview:-1"},"canonical":"https:\/\/lazaro.mg\/en\/nos-produits\/vanille\/cuts-de-vanille-bourbon-lalternative-economique\/","og_locale":"en_US","og_type":"article","og_title":"Cuts de vanille Bourbon \u2013 L\u2019alternative \u00e9conomique - Company Lazaro","og_description":"Cuts de vanille, petits mais de qualit\u00e9 Les cuts de vanille Bourbon de Madagascar sont de petites gousses calibr\u00e9es (8 \u00e0 10 cm) ou de la vanille coup\u00e9e qui conservent la qualit\u00e9 et l\u2019authenticit\u00e9 du terroir malgache. Moins riches en vanilline que les grandes gousses, elles offrent cependant un excellent rapport qualit\u00e9\/prix. Leur saveur douce et ronde, aux notes de caramel et de cacao, s\u00e9duit particuli\u00e8rement l\u2019industrie de l\u2019extraction d\u2019ar\u00f4mes naturels. Elles sont calibr\u00e9es suivant les attentes sp\u00e9cifiques des professionnels.","og_url":"https:\/\/lazaro.mg\/en\/nos-produits\/vanille\/cuts-de-vanille-bourbon-lalternative-economique\/","og_site_name":"Company Lazaro","article_modified_time":"2025-10-03T19:18:48+00:00","og_image":[{"width":1024,"height":1024,"url":"https:\/\/lazaro.mg\/wp-content\/uploads\/2025\/10\/Lazaro-Cuts-vanille-4-1024x1024.png","type":"image\/png"}],"twitter_card":"summary_large_image","schema":{"@context":"https:\/\/schema.org","@graph":[{"@type":"WebPage","@id":"https:\/\/lazaro.mg\/nos-produits\/vanille\/cuts-de-vanille-bourbon-lalternative-economique\/","url":"https:\/\/lazaro.mg\/nos-produits\/vanille\/cuts-de-vanille-bourbon-lalternative-economique\/","name":"Cuts de vanille Bourbon \u2013 L\u2019alternative \u00e9conomique - Company Lazaro","isPartOf":{"@id":"https:\/\/lazaro.mg\/#website"},"primaryImageOfPage":{"@id":"https:\/\/lazaro.mg\/nos-produits\/vanille\/cuts-de-vanille-bourbon-lalternative-economique\/#primaryimage"},"image":{"@id":"https:\/\/lazaro.mg\/nos-produits\/vanille\/cuts-de-vanille-bourbon-lalternative-economique\/#primaryimage"},"thumbnailUrl":"https:\/\/lazaro.mg\/wp-content\/uploads\/2025\/10\/Lazaro-Cuts-vanille-4.png","datePublished":"2025-09-19T08:34:17+00:00","dateModified":"2025-10-03T19:18:48+00:00","breadcrumb":{"@id":"https:\/\/lazaro.mg\/nos-produits\/vanille\/cuts-de-vanille-bourbon-lalternative-economique\/#breadcrumb"},"inLanguage":"en-US","potentialAction":[{"@type":"ReadAction","target":["https:\/\/lazaro.mg\/nos-produits\/vanille\/cuts-de-vanille-bourbon-lalternative-economique\/"]}]},{"@type":"ImageObject","inLanguage":"en-US","@id":"https:\/\/lazaro.mg\/nos-produits\/vanille\/cuts-de-vanille-bourbon-lalternative-economique\/#primaryimage","url":"https:\/\/lazaro.mg\/wp-content\/uploads\/2025\/10\/Lazaro-Cuts-vanille-4.png","contentUrl":"https:\/\/lazaro.mg\/wp-content\/uploads\/2025\/10\/Lazaro-Cuts-vanille-4.png","width":2308,"height":2308},{"@type":"BreadcrumbList","@id":"https:\/\/lazaro.mg\/nos-produits\/vanille\/cuts-de-vanille-bourbon-lalternative-economique\/#breadcrumb","itemListElement":[{"@type":"ListItem","position":1,"name":"Accueil","item":"https:\/\/lazaro.mg\/"},{"@type":"ListItem","position":2,"name":"Nos produits","item":"https:\/\/lazaro.mg\/nos-produits\/"},{"@type":"ListItem","position":3,"name":"Cuts de vanille Bourbon \u2013 L\u2019alternative \u00e9conomique"}]},{"@type":"WebSite","@id":"https:\/\/lazaro.mg\/#website","url":"https:\/\/lazaro.mg\/","name":"Company Lazaro","description":"Lazaro","publisher":{"@id":"https:\/\/lazaro.mg\/#organization"},"potentialAction":[{"@type":"SearchAction","target":{"@type":"EntryPoint","urlTemplate":"https:\/\/lazaro.mg\/?s={search_term_string}"},"query-input":{"@type":"PropertyValueSpecification","valueRequired":true,"valueName":"search_term_string"}}],"inLanguage":"en-US"},{"@type":"Organization","@id":"https:\/\/lazaro.mg\/#organization","name":"Company Lazaro","url":"https:\/\/lazaro.mg\/","logo":{"@type":"ImageObject","inLanguage":"en-US","@id":"https:\/\/lazaro.mg\/#\/schema\/logo\/image\/","url":"https:\/\/lazaro.mg\/wp-content\/uploads\/2025\/09\/cropped-Lazaro-logo-referencement-1.png","contentUrl":"https:\/\/lazaro.mg\/wp-content\/uploads\/2025\/09\/cropped-Lazaro-logo-referencement-1.png","width":512,"height":511,"caption":"Company Lazaro"},"image":{"@id":"https:\/\/lazaro.mg\/#\/schema\/logo\/image\/"}}]}},"_links":{"self":[{"href":"https:\/\/lazaro.mg\/en\/wp-json\/wp\/v2\/product\/4746","targetHints":{"allow":["GET"]}}],"collection":[{"href":"https:\/\/lazaro.mg\/en\/wp-json\/wp\/v2\/product"}],"about":[{"href":"https:\/\/lazaro.mg\/en\/wp-json\/wp\/v2\/types\/product"}],"wp:featuredmedia":[{"embeddable":true,"href":"https:\/\/lazaro.mg\/en\/wp-json\/wp\/v2\/media\/5015"}],"wp:attachment":[{"href":"https:\/\/lazaro.mg\/en\/wp-json\/wp\/v2\/media?parent=4746"}],"wp:term":[{"taxonomy":"product_brand","embeddable":true,"href":"https:\/\/lazaro.mg\/en\/wp-json\/wp\/v2\/product_brand?post=4746"},{"taxonomy":"product_cat","embeddable":true,"href":"https:\/\/lazaro.mg\/en\/wp-json\/wp\/v2\/product_cat?post=4746"},{"taxonomy":"product_tag","embeddable":true,"href":"https:\/\/lazaro.mg\/en\/wp-json\/wp\/v2\/product_tag?post=4746"}],"curies":[{"name":"wp","href":"https:\/\/api.w.org\/{rel}","templated":true}]}}