{"id":4747,"date":"2025-09-19T11:33:39","date_gmt":"2025-09-19T08:33:39","guid":{"rendered":"https:\/\/lazaro.mg\/?post_type=product&#038;p=4747"},"modified":"2025-10-25T00:01:14","modified_gmt":"2025-10-24T21:01:14","slug":"vanille-pompona-gousses-geantes-et-rares-a-madagascar","status":"publish","type":"product","link":"https:\/\/lazaro.mg\/en\/nos-produits\/vanille\/vanille-pompona-gousses-geantes-et-rares-a-madagascar\/","title":{"rendered":"Black Pompona Vanilla \u2013 Giant Pods"},"content":{"rendered":"","protected":false},"excerpt":{"rendered":"<span class=\"subtitle subtitle-block subtitle-above subtitle-left use-body-font\">Black Pompona Vanilla \u2013 The perfumers\u2019 favorite<\/span>\r\nMadagascar Black Pompona Vanilla (also called Mexican Vanilla) stands out for its impressive, fleshy pods up to 25 cm long \u2013 glossy, supple, and powerfully aromatic despite a lower vanillin content. Its complex bouquet blends woody, floral, leathery and caramel notes, offering a refined sensory experience. O<span style=\"display:none\">black pompona<\/span> des notes bois\u00e9es, de cuir, de caramel et de fleurs, pour une exp\u00e9rience gustative raffin\u00e9e.&nbsp;Originaire des Antilles et du Mexique mais&nbsp;adapt\u00e9e \u00e0 la r\u00e9gion Nord-Est de Madagascar, cette vari\u00e9t\u00e9 rare demande un savoir-faire artisanal et un&nbsp;affinage plus lent que la vanille Bourbon. Appr\u00e9ci\u00e9e&nbsp;des parfumeurs pour sa richesse naturelle en coumarine et des chefs gastronomes pour ses ar\u00f4mes d\u2019exception.\r\n\r\nIl existe aussi de la vanille Pompona noire Tsy Taitry,\u00a0dite\u00a0hybride.","protected":false},"featured_media":5172,"template":"","meta":{"_acf_changed":false},"product_brand":[],"product_cat":[48],"product_tag":[],"class_list":{"0":"post-4747","1":"product","2":"type-product","3":"status-publish","4":"has-post-thumbnail","6":"product_cat-vanille","8":"first","9":"instock","10":"shipping-taxable","11":"product-type-simple"},"acf":[],"yoast_head":"<!-- This site is optimized with the Yoast SEO plugin v26.8 - https:\/\/yoast.com\/product\/yoast-seo-wordpress\/ -->\n<title>Vanille Pompona noire \u2013\u00a0Gousses\u00a0g\u00e9antes - Company Lazaro<\/title>\n<meta name=\"robots\" content=\"index, follow, max-snippet:-1, max-image-preview:large, max-video-preview:-1\" \/>\n<link rel=\"canonical\" href=\"https:\/\/lazaro.mg\/en\/nos-produits\/vanille\/vanille-pompona-gousses-geantes-et-rares-a-madagascar\/\" \/>\n<meta property=\"og:locale\" content=\"en_US\" \/>\n<meta property=\"og:type\" content=\"article\" \/>\n<meta property=\"og:title\" content=\"Vanille Pompona noire \u2013\u00a0Gousses\u00a0g\u00e9antes - Company Lazaro\" \/>\n<meta property=\"og:description\" content=\"Vanille Pompona, la favorite des parfumeurs La&nbsp;vanille&nbsp;Pompona&nbsp;de&nbsp;Madagascar&nbsp;(vanille Mexique) se distingue par ses gousses g\u00e9antes jusqu\u2019\u00e0 25 cm, charnues, tr\u00e8s parfum\u00e9es, mais \u00e0 faible taux de vanilline,&nbsp;souples&nbsp;et brillantes.&nbsp;Son profil aromatique intense&nbsp;r\u00e9v\u00e8leblack pompona des notes bois\u00e9es, de cuir, de caramel et de fleurs, pour une exp\u00e9rience gustative raffin\u00e9e.&nbsp;Originaire des Antilles et du Mexique mais&nbsp;adapt\u00e9e \u00e0 la r\u00e9gion Nord-Est de Madagascar, cette vari\u00e9t\u00e9 rare demande un savoir-faire artisanal et un&nbsp;affinage plus lent que la vanille Bourbon. Appr\u00e9ci\u00e9e&nbsp;des parfumeurs pour sa richesse naturelle en coumarine et des chefs gastronomes pour ses ar\u00f4mes d\u2019exception.  Il existe aussi de la vanille Pompona noire Tsy Taitry,\u00a0dite\u00a0hybride.\" \/>\n<meta property=\"og:url\" content=\"https:\/\/lazaro.mg\/en\/nos-produits\/vanille\/vanille-pompona-gousses-geantes-et-rares-a-madagascar\/\" \/>\n<meta property=\"og:site_name\" content=\"Company Lazaro\" \/>\n<meta property=\"article:modified_time\" content=\"2025-10-24T21:01:14+00:00\" \/>\n<meta property=\"og:image\" content=\"https:\/\/lazaro.mg\/wp-content\/uploads\/2025\/10\/Lazaro-Pompona-noire-3-min.png\" \/>\n\t<meta property=\"og:image:width\" content=\"2308\" \/>\n\t<meta property=\"og:image:height\" content=\"2308\" \/>\n\t<meta property=\"og:image:type\" content=\"image\/png\" \/>\n<meta name=\"twitter:card\" content=\"summary_large_image\" \/>\n<script type=\"application\/ld+json\" class=\"yoast-schema-graph\">{\"@context\":\"https:\/\/schema.org\",\"@graph\":[{\"@type\":\"WebPage\",\"@id\":\"https:\/\/lazaro.mg\/nos-produits\/vanille\/vanille-pompona-gousses-geantes-et-rares-a-madagascar\/\",\"url\":\"https:\/\/lazaro.mg\/nos-produits\/vanille\/vanille-pompona-gousses-geantes-et-rares-a-madagascar\/\",\"name\":\"Vanille Pompona noire \u2013\u00a0Gousses\u00a0g\u00e9antes - Company Lazaro\",\"isPartOf\":{\"@id\":\"https:\/\/lazaro.mg\/#website\"},\"primaryImageOfPage\":{\"@id\":\"https:\/\/lazaro.mg\/nos-produits\/vanille\/vanille-pompona-gousses-geantes-et-rares-a-madagascar\/#primaryimage\"},\"image\":{\"@id\":\"https:\/\/lazaro.mg\/nos-produits\/vanille\/vanille-pompona-gousses-geantes-et-rares-a-madagascar\/#primaryimage\"},\"thumbnailUrl\":\"https:\/\/lazaro.mg\/wp-content\/uploads\/2025\/10\/Lazaro-Pompona-noire-3-min.png\",\"datePublished\":\"2025-09-19T08:33:39+00:00\",\"dateModified\":\"2025-10-24T21:01:14+00:00\",\"breadcrumb\":{\"@id\":\"https:\/\/lazaro.mg\/nos-produits\/vanille\/vanille-pompona-gousses-geantes-et-rares-a-madagascar\/#breadcrumb\"},\"inLanguage\":\"en-US\",\"potentialAction\":[{\"@type\":\"ReadAction\",\"target\":[\"https:\/\/lazaro.mg\/nos-produits\/vanille\/vanille-pompona-gousses-geantes-et-rares-a-madagascar\/\"]}]},{\"@type\":\"ImageObject\",\"inLanguage\":\"en-US\",\"@id\":\"https:\/\/lazaro.mg\/nos-produits\/vanille\/vanille-pompona-gousses-geantes-et-rares-a-madagascar\/#primaryimage\",\"url\":\"https:\/\/lazaro.mg\/wp-content\/uploads\/2025\/10\/Lazaro-Pompona-noire-3-min.png\",\"contentUrl\":\"https:\/\/lazaro.mg\/wp-content\/uploads\/2025\/10\/Lazaro-Pompona-noire-3-min.png\",\"width\":2308,\"height\":2308},{\"@type\":\"BreadcrumbList\",\"@id\":\"https:\/\/lazaro.mg\/nos-produits\/vanille\/vanille-pompona-gousses-geantes-et-rares-a-madagascar\/#breadcrumb\",\"itemListElement\":[{\"@type\":\"ListItem\",\"position\":1,\"name\":\"Accueil\",\"item\":\"https:\/\/lazaro.mg\/\"},{\"@type\":\"ListItem\",\"position\":2,\"name\":\"Nos produits\",\"item\":\"https:\/\/lazaro.mg\/nos-produits\/\"},{\"@type\":\"ListItem\",\"position\":3,\"name\":\"Vanille Pompona noire \u2013\u00a0Gousses\u00a0g\u00e9antes\"}]},{\"@type\":\"WebSite\",\"@id\":\"https:\/\/lazaro.mg\/#website\",\"url\":\"https:\/\/lazaro.mg\/\",\"name\":\"Company Lazaro\",\"description\":\"Lazaro\",\"publisher\":{\"@id\":\"https:\/\/lazaro.mg\/#organization\"},\"potentialAction\":[{\"@type\":\"SearchAction\",\"target\":{\"@type\":\"EntryPoint\",\"urlTemplate\":\"https:\/\/lazaro.mg\/?s={search_term_string}\"},\"query-input\":{\"@type\":\"PropertyValueSpecification\",\"valueRequired\":true,\"valueName\":\"search_term_string\"}}],\"inLanguage\":\"en-US\"},{\"@type\":\"Organization\",\"@id\":\"https:\/\/lazaro.mg\/#organization\",\"name\":\"Company Lazaro\",\"url\":\"https:\/\/lazaro.mg\/\",\"logo\":{\"@type\":\"ImageObject\",\"inLanguage\":\"en-US\",\"@id\":\"https:\/\/lazaro.mg\/#\/schema\/logo\/image\/\",\"url\":\"https:\/\/lazaro.mg\/wp-content\/uploads\/2025\/09\/cropped-Lazaro-logo-referencement-1.png\",\"contentUrl\":\"https:\/\/lazaro.mg\/wp-content\/uploads\/2025\/09\/cropped-Lazaro-logo-referencement-1.png\",\"width\":512,\"height\":511,\"caption\":\"Company Lazaro\"},\"image\":{\"@id\":\"https:\/\/lazaro.mg\/#\/schema\/logo\/image\/\"}}]}<\/script>\n<!-- \/ Yoast SEO plugin. -->","yoast_head_json":{"title":"Vanille Pompona noire \u2013\u00a0Gousses\u00a0g\u00e9antes - Company Lazaro","robots":{"index":"index","follow":"follow","max-snippet":"max-snippet:-1","max-image-preview":"max-image-preview:large","max-video-preview":"max-video-preview:-1"},"canonical":"https:\/\/lazaro.mg\/en\/nos-produits\/vanille\/vanille-pompona-gousses-geantes-et-rares-a-madagascar\/","og_locale":"en_US","og_type":"article","og_title":"Vanille Pompona noire \u2013\u00a0Gousses\u00a0g\u00e9antes - Company Lazaro","og_description":"Vanille Pompona, la favorite des parfumeurs La&nbsp;vanille&nbsp;Pompona&nbsp;de&nbsp;Madagascar&nbsp;(vanille Mexique) se distingue par ses gousses g\u00e9antes jusqu\u2019\u00e0 25 cm, charnues, tr\u00e8s parfum\u00e9es, mais \u00e0 faible taux de vanilline,&nbsp;souples&nbsp;et brillantes.&nbsp;Son profil aromatique intense&nbsp;r\u00e9v\u00e8leblack pompona des notes bois\u00e9es, de cuir, de caramel et de fleurs, pour une exp\u00e9rience gustative raffin\u00e9e.&nbsp;Originaire des Antilles et du Mexique mais&nbsp;adapt\u00e9e \u00e0 la r\u00e9gion Nord-Est de Madagascar, cette vari\u00e9t\u00e9 rare demande un savoir-faire artisanal et un&nbsp;affinage plus lent que la vanille Bourbon. Appr\u00e9ci\u00e9e&nbsp;des parfumeurs pour sa richesse naturelle en coumarine et des chefs gastronomes pour ses ar\u00f4mes d\u2019exception.  Il existe aussi de la vanille Pompona noire Tsy Taitry,\u00a0dite\u00a0hybride.","og_url":"https:\/\/lazaro.mg\/en\/nos-produits\/vanille\/vanille-pompona-gousses-geantes-et-rares-a-madagascar\/","og_site_name":"Company Lazaro","article_modified_time":"2025-10-24T21:01:14+00:00","og_image":[{"width":2308,"height":2308,"url":"https:\/\/lazaro.mg\/wp-content\/uploads\/2025\/10\/Lazaro-Pompona-noire-3-min.png","type":"image\/png"}],"twitter_card":"summary_large_image","schema":{"@context":"https:\/\/schema.org","@graph":[{"@type":"WebPage","@id":"https:\/\/lazaro.mg\/nos-produits\/vanille\/vanille-pompona-gousses-geantes-et-rares-a-madagascar\/","url":"https:\/\/lazaro.mg\/nos-produits\/vanille\/vanille-pompona-gousses-geantes-et-rares-a-madagascar\/","name":"Vanille Pompona noire \u2013\u00a0Gousses\u00a0g\u00e9antes - Company Lazaro","isPartOf":{"@id":"https:\/\/lazaro.mg\/#website"},"primaryImageOfPage":{"@id":"https:\/\/lazaro.mg\/nos-produits\/vanille\/vanille-pompona-gousses-geantes-et-rares-a-madagascar\/#primaryimage"},"image":{"@id":"https:\/\/lazaro.mg\/nos-produits\/vanille\/vanille-pompona-gousses-geantes-et-rares-a-madagascar\/#primaryimage"},"thumbnailUrl":"https:\/\/lazaro.mg\/wp-content\/uploads\/2025\/10\/Lazaro-Pompona-noire-3-min.png","datePublished":"2025-09-19T08:33:39+00:00","dateModified":"2025-10-24T21:01:14+00:00","breadcrumb":{"@id":"https:\/\/lazaro.mg\/nos-produits\/vanille\/vanille-pompona-gousses-geantes-et-rares-a-madagascar\/#breadcrumb"},"inLanguage":"en-US","potentialAction":[{"@type":"ReadAction","target":["https:\/\/lazaro.mg\/nos-produits\/vanille\/vanille-pompona-gousses-geantes-et-rares-a-madagascar\/"]}]},{"@type":"ImageObject","inLanguage":"en-US","@id":"https:\/\/lazaro.mg\/nos-produits\/vanille\/vanille-pompona-gousses-geantes-et-rares-a-madagascar\/#primaryimage","url":"https:\/\/lazaro.mg\/wp-content\/uploads\/2025\/10\/Lazaro-Pompona-noire-3-min.png","contentUrl":"https:\/\/lazaro.mg\/wp-content\/uploads\/2025\/10\/Lazaro-Pompona-noire-3-min.png","width":2308,"height":2308},{"@type":"BreadcrumbList","@id":"https:\/\/lazaro.mg\/nos-produits\/vanille\/vanille-pompona-gousses-geantes-et-rares-a-madagascar\/#breadcrumb","itemListElement":[{"@type":"ListItem","position":1,"name":"Accueil","item":"https:\/\/lazaro.mg\/"},{"@type":"ListItem","position":2,"name":"Nos produits","item":"https:\/\/lazaro.mg\/nos-produits\/"},{"@type":"ListItem","position":3,"name":"Vanille Pompona noire \u2013\u00a0Gousses\u00a0g\u00e9antes"}]},{"@type":"WebSite","@id":"https:\/\/lazaro.mg\/#website","url":"https:\/\/lazaro.mg\/","name":"Company Lazaro","description":"Lazaro","publisher":{"@id":"https:\/\/lazaro.mg\/#organization"},"potentialAction":[{"@type":"SearchAction","target":{"@type":"EntryPoint","urlTemplate":"https:\/\/lazaro.mg\/?s={search_term_string}"},"query-input":{"@type":"PropertyValueSpecification","valueRequired":true,"valueName":"search_term_string"}}],"inLanguage":"en-US"},{"@type":"Organization","@id":"https:\/\/lazaro.mg\/#organization","name":"Company Lazaro","url":"https:\/\/lazaro.mg\/","logo":{"@type":"ImageObject","inLanguage":"en-US","@id":"https:\/\/lazaro.mg\/#\/schema\/logo\/image\/","url":"https:\/\/lazaro.mg\/wp-content\/uploads\/2025\/09\/cropped-Lazaro-logo-referencement-1.png","contentUrl":"https:\/\/lazaro.mg\/wp-content\/uploads\/2025\/09\/cropped-Lazaro-logo-referencement-1.png","width":512,"height":511,"caption":"Company Lazaro"},"image":{"@id":"https:\/\/lazaro.mg\/#\/schema\/logo\/image\/"}}]}},"_links":{"self":[{"href":"https:\/\/lazaro.mg\/en\/wp-json\/wp\/v2\/product\/4747","targetHints":{"allow":["GET"]}}],"collection":[{"href":"https:\/\/lazaro.mg\/en\/wp-json\/wp\/v2\/product"}],"about":[{"href":"https:\/\/lazaro.mg\/en\/wp-json\/wp\/v2\/types\/product"}],"wp:featuredmedia":[{"embeddable":true,"href":"https:\/\/lazaro.mg\/en\/wp-json\/wp\/v2\/media\/5172"}],"wp:attachment":[{"href":"https:\/\/lazaro.mg\/en\/wp-json\/wp\/v2\/media?parent=4747"}],"wp:term":[{"taxonomy":"product_brand","embeddable":true,"href":"https:\/\/lazaro.mg\/en\/wp-json\/wp\/v2\/product_brand?post=4747"},{"taxonomy":"product_cat","embeddable":true,"href":"https:\/\/lazaro.mg\/en\/wp-json\/wp\/v2\/product_cat?post=4747"},{"taxonomy":"product_tag","embeddable":true,"href":"https:\/\/lazaro.mg\/en\/wp-json\/wp\/v2\/product_tag?post=4747"}],"curies":[{"name":"wp","href":"https:\/\/api.w.org\/{rel}","templated":true}]}}