{"id":4750,"date":"2025-09-19T11:19:01","date_gmt":"2025-09-19T08:19:01","guid":{"rendered":"https:\/\/lazaro.mg\/?post_type=product&#038;p=4750"},"modified":"2025-10-24T23:38:23","modified_gmt":"2025-10-24T20:38:23","slug":"graines-de-vanille-bourbon-petits-grains-grands-effets","status":"publish","type":"product","link":"https:\/\/lazaro.mg\/en\/nos-produits\/vanille\/graines-de-vanille-bourbon-petits-grains-grands-effets\/","title":{"rendered":"Vanilla Beans \u2013 Tiny Grains, Great Flavor"},"content":{"rendered":"","protected":false},"excerpt":{"rendered":"<span class=\"subtitle subtitle-block subtitle-above subtitle-left use-body-font\">100% Natural Bourbon Vanilla Seeds<\/span>\r\nMadagascar Bourbon Vanilla Beans stand out for their deep black shine, intense aroma, and gourmet notes of caramel and nuts. These fine, round beans are carefully hand-extracted from premium vanilla beans, offering a refined visual touch and exceptional flavor to every culinary creation. Completely pure and additive-free, Lazaro\u2019s vanilla beans are the perfect ingredient for professionals seeking both authenticity and elegance.","protected":false},"featured_media":4985,"template":"","meta":{"_acf_changed":false},"product_brand":[],"product_cat":[48],"product_tag":[],"class_list":{"0":"post-4750","1":"product","2":"type-product","3":"status-publish","4":"has-post-thumbnail","6":"product_cat-vanille","8":"first","9":"instock","10":"shipping-taxable","11":"product-type-simple"},"acf":[],"yoast_head":"<!-- This site is optimized with the Yoast SEO plugin v26.8 - https:\/\/yoast.com\/product\/yoast-seo-wordpress\/ -->\n<title>Graines de vanille - Petits grains, grands effets - Company Lazaro<\/title>\n<meta name=\"robots\" content=\"index, follow, max-snippet:-1, max-image-preview:large, max-video-preview:-1\" \/>\n<link rel=\"canonical\" href=\"https:\/\/lazaro.mg\/en\/nos-produits\/vanille\/graines-de-vanille-bourbon-petits-grains-grands-effets\/\" \/>\n<meta property=\"og:locale\" content=\"en_US\" \/>\n<meta property=\"og:type\" content=\"article\" \/>\n<meta property=\"og:title\" content=\"Graines de vanille - Petits grains, grands effets - Company Lazaro\" \/>\n<meta property=\"og:description\" content=\"Graines de vanille 100 % naturelles Les graines de vanille Bourbon de Madagascar se distinguent par leur noir brillant, leur ar\u00f4me intense et des notes gourmandes de caramel et de noix. Ces petits grains fins et ronds sont extraits \u00e0 la main de l\u2019int\u00e9rieur des gousses premium. Ils apportent une touche visuelle \u00e9l\u00e9gante \u00e0 toutes les cr\u00e9ations culinaires en plus de leur saveur exceptionnelle. Les graines de vanille sont pures, sans aucun additif.\" \/>\n<meta property=\"og:url\" content=\"https:\/\/lazaro.mg\/en\/nos-produits\/vanille\/graines-de-vanille-bourbon-petits-grains-grands-effets\/\" \/>\n<meta property=\"og:site_name\" content=\"Company Lazaro\" \/>\n<meta property=\"article:modified_time\" content=\"2025-10-24T20:38:23+00:00\" \/>\n<meta property=\"og:image\" content=\"https:\/\/lazaro.mg\/wp-content\/uploads\/2025\/10\/Lazaro-Graines-vanille-3-1024x1024.png\" \/>\n\t<meta property=\"og:image:width\" content=\"1024\" \/>\n\t<meta property=\"og:image:height\" content=\"1024\" \/>\n\t<meta property=\"og:image:type\" content=\"image\/png\" \/>\n<meta name=\"twitter:card\" content=\"summary_large_image\" \/>\n<script type=\"application\/ld+json\" class=\"yoast-schema-graph\">{\"@context\":\"https:\/\/schema.org\",\"@graph\":[{\"@type\":\"WebPage\",\"@id\":\"https:\/\/lazaro.mg\/nos-produits\/vanille\/graines-de-vanille-bourbon-petits-grains-grands-effets\/\",\"url\":\"https:\/\/lazaro.mg\/nos-produits\/vanille\/graines-de-vanille-bourbon-petits-grains-grands-effets\/\",\"name\":\"Graines de vanille - Petits grains, grands effets - Company Lazaro\",\"isPartOf\":{\"@id\":\"https:\/\/lazaro.mg\/#website\"},\"primaryImageOfPage\":{\"@id\":\"https:\/\/lazaro.mg\/nos-produits\/vanille\/graines-de-vanille-bourbon-petits-grains-grands-effets\/#primaryimage\"},\"image\":{\"@id\":\"https:\/\/lazaro.mg\/nos-produits\/vanille\/graines-de-vanille-bourbon-petits-grains-grands-effets\/#primaryimage\"},\"thumbnailUrl\":\"https:\/\/lazaro.mg\/wp-content\/uploads\/2025\/10\/Lazaro-Graines-vanille-3.png\",\"datePublished\":\"2025-09-19T08:19:01+00:00\",\"dateModified\":\"2025-10-24T20:38:23+00:00\",\"breadcrumb\":{\"@id\":\"https:\/\/lazaro.mg\/nos-produits\/vanille\/graines-de-vanille-bourbon-petits-grains-grands-effets\/#breadcrumb\"},\"inLanguage\":\"en-US\",\"potentialAction\":[{\"@type\":\"ReadAction\",\"target\":[\"https:\/\/lazaro.mg\/nos-produits\/vanille\/graines-de-vanille-bourbon-petits-grains-grands-effets\/\"]}]},{\"@type\":\"ImageObject\",\"inLanguage\":\"en-US\",\"@id\":\"https:\/\/lazaro.mg\/nos-produits\/vanille\/graines-de-vanille-bourbon-petits-grains-grands-effets\/#primaryimage\",\"url\":\"https:\/\/lazaro.mg\/wp-content\/uploads\/2025\/10\/Lazaro-Graines-vanille-3.png\",\"contentUrl\":\"https:\/\/lazaro.mg\/wp-content\/uploads\/2025\/10\/Lazaro-Graines-vanille-3.png\",\"width\":2308,\"height\":2308,\"caption\":\"Lazaro -Graines vanille (3)\"},{\"@type\":\"BreadcrumbList\",\"@id\":\"https:\/\/lazaro.mg\/nos-produits\/vanille\/graines-de-vanille-bourbon-petits-grains-grands-effets\/#breadcrumb\",\"itemListElement\":[{\"@type\":\"ListItem\",\"position\":1,\"name\":\"Accueil\",\"item\":\"https:\/\/lazaro.mg\/\"},{\"@type\":\"ListItem\",\"position\":2,\"name\":\"Nos produits\",\"item\":\"https:\/\/lazaro.mg\/nos-produits\/\"},{\"@type\":\"ListItem\",\"position\":3,\"name\":\"Graines de vanille &#8211; Petits grains, grands effets\"}]},{\"@type\":\"WebSite\",\"@id\":\"https:\/\/lazaro.mg\/#website\",\"url\":\"https:\/\/lazaro.mg\/\",\"name\":\"Company Lazaro\",\"description\":\"Lazaro\",\"publisher\":{\"@id\":\"https:\/\/lazaro.mg\/#organization\"},\"potentialAction\":[{\"@type\":\"SearchAction\",\"target\":{\"@type\":\"EntryPoint\",\"urlTemplate\":\"https:\/\/lazaro.mg\/?s={search_term_string}\"},\"query-input\":{\"@type\":\"PropertyValueSpecification\",\"valueRequired\":true,\"valueName\":\"search_term_string\"}}],\"inLanguage\":\"en-US\"},{\"@type\":\"Organization\",\"@id\":\"https:\/\/lazaro.mg\/#organization\",\"name\":\"Company Lazaro\",\"url\":\"https:\/\/lazaro.mg\/\",\"logo\":{\"@type\":\"ImageObject\",\"inLanguage\":\"en-US\",\"@id\":\"https:\/\/lazaro.mg\/#\/schema\/logo\/image\/\",\"url\":\"https:\/\/lazaro.mg\/wp-content\/uploads\/2025\/09\/cropped-Lazaro-logo-referencement-1.png\",\"contentUrl\":\"https:\/\/lazaro.mg\/wp-content\/uploads\/2025\/09\/cropped-Lazaro-logo-referencement-1.png\",\"width\":512,\"height\":511,\"caption\":\"Company Lazaro\"},\"image\":{\"@id\":\"https:\/\/lazaro.mg\/#\/schema\/logo\/image\/\"}}]}<\/script>\n<!-- \/ Yoast SEO plugin. -->","yoast_head_json":{"title":"Graines de vanille - Petits grains, grands effets - Company Lazaro","robots":{"index":"index","follow":"follow","max-snippet":"max-snippet:-1","max-image-preview":"max-image-preview:large","max-video-preview":"max-video-preview:-1"},"canonical":"https:\/\/lazaro.mg\/en\/nos-produits\/vanille\/graines-de-vanille-bourbon-petits-grains-grands-effets\/","og_locale":"en_US","og_type":"article","og_title":"Graines de vanille - Petits grains, grands effets - Company Lazaro","og_description":"Graines de vanille 100 % naturelles Les graines de vanille Bourbon de Madagascar se distinguent par leur noir brillant, leur ar\u00f4me intense et des notes gourmandes de caramel et de noix. Ces petits grains fins et ronds sont extraits \u00e0 la main de l\u2019int\u00e9rieur des gousses premium. Ils apportent une touche visuelle \u00e9l\u00e9gante \u00e0 toutes les cr\u00e9ations culinaires en plus de leur saveur exceptionnelle. Les graines de vanille sont pures, sans aucun additif.","og_url":"https:\/\/lazaro.mg\/en\/nos-produits\/vanille\/graines-de-vanille-bourbon-petits-grains-grands-effets\/","og_site_name":"Company Lazaro","article_modified_time":"2025-10-24T20:38:23+00:00","og_image":[{"width":1024,"height":1024,"url":"https:\/\/lazaro.mg\/wp-content\/uploads\/2025\/10\/Lazaro-Graines-vanille-3-1024x1024.png","type":"image\/png"}],"twitter_card":"summary_large_image","schema":{"@context":"https:\/\/schema.org","@graph":[{"@type":"WebPage","@id":"https:\/\/lazaro.mg\/nos-produits\/vanille\/graines-de-vanille-bourbon-petits-grains-grands-effets\/","url":"https:\/\/lazaro.mg\/nos-produits\/vanille\/graines-de-vanille-bourbon-petits-grains-grands-effets\/","name":"Graines de vanille - Petits grains, grands effets - Company Lazaro","isPartOf":{"@id":"https:\/\/lazaro.mg\/#website"},"primaryImageOfPage":{"@id":"https:\/\/lazaro.mg\/nos-produits\/vanille\/graines-de-vanille-bourbon-petits-grains-grands-effets\/#primaryimage"},"image":{"@id":"https:\/\/lazaro.mg\/nos-produits\/vanille\/graines-de-vanille-bourbon-petits-grains-grands-effets\/#primaryimage"},"thumbnailUrl":"https:\/\/lazaro.mg\/wp-content\/uploads\/2025\/10\/Lazaro-Graines-vanille-3.png","datePublished":"2025-09-19T08:19:01+00:00","dateModified":"2025-10-24T20:38:23+00:00","breadcrumb":{"@id":"https:\/\/lazaro.mg\/nos-produits\/vanille\/graines-de-vanille-bourbon-petits-grains-grands-effets\/#breadcrumb"},"inLanguage":"en-US","potentialAction":[{"@type":"ReadAction","target":["https:\/\/lazaro.mg\/nos-produits\/vanille\/graines-de-vanille-bourbon-petits-grains-grands-effets\/"]}]},{"@type":"ImageObject","inLanguage":"en-US","@id":"https:\/\/lazaro.mg\/nos-produits\/vanille\/graines-de-vanille-bourbon-petits-grains-grands-effets\/#primaryimage","url":"https:\/\/lazaro.mg\/wp-content\/uploads\/2025\/10\/Lazaro-Graines-vanille-3.png","contentUrl":"https:\/\/lazaro.mg\/wp-content\/uploads\/2025\/10\/Lazaro-Graines-vanille-3.png","width":2308,"height":2308,"caption":"Lazaro -Graines vanille (3)"},{"@type":"BreadcrumbList","@id":"https:\/\/lazaro.mg\/nos-produits\/vanille\/graines-de-vanille-bourbon-petits-grains-grands-effets\/#breadcrumb","itemListElement":[{"@type":"ListItem","position":1,"name":"Accueil","item":"https:\/\/lazaro.mg\/"},{"@type":"ListItem","position":2,"name":"Nos produits","item":"https:\/\/lazaro.mg\/nos-produits\/"},{"@type":"ListItem","position":3,"name":"Graines de vanille &#8211; Petits grains, grands effets"}]},{"@type":"WebSite","@id":"https:\/\/lazaro.mg\/#website","url":"https:\/\/lazaro.mg\/","name":"Company Lazaro","description":"Lazaro","publisher":{"@id":"https:\/\/lazaro.mg\/#organization"},"potentialAction":[{"@type":"SearchAction","target":{"@type":"EntryPoint","urlTemplate":"https:\/\/lazaro.mg\/?s={search_term_string}"},"query-input":{"@type":"PropertyValueSpecification","valueRequired":true,"valueName":"search_term_string"}}],"inLanguage":"en-US"},{"@type":"Organization","@id":"https:\/\/lazaro.mg\/#organization","name":"Company Lazaro","url":"https:\/\/lazaro.mg\/","logo":{"@type":"ImageObject","inLanguage":"en-US","@id":"https:\/\/lazaro.mg\/#\/schema\/logo\/image\/","url":"https:\/\/lazaro.mg\/wp-content\/uploads\/2025\/09\/cropped-Lazaro-logo-referencement-1.png","contentUrl":"https:\/\/lazaro.mg\/wp-content\/uploads\/2025\/09\/cropped-Lazaro-logo-referencement-1.png","width":512,"height":511,"caption":"Company Lazaro"},"image":{"@id":"https:\/\/lazaro.mg\/#\/schema\/logo\/image\/"}}]}},"_links":{"self":[{"href":"https:\/\/lazaro.mg\/en\/wp-json\/wp\/v2\/product\/4750","targetHints":{"allow":["GET"]}}],"collection":[{"href":"https:\/\/lazaro.mg\/en\/wp-json\/wp\/v2\/product"}],"about":[{"href":"https:\/\/lazaro.mg\/en\/wp-json\/wp\/v2\/types\/product"}],"wp:featuredmedia":[{"embeddable":true,"href":"https:\/\/lazaro.mg\/en\/wp-json\/wp\/v2\/media\/4985"}],"wp:attachment":[{"href":"https:\/\/lazaro.mg\/en\/wp-json\/wp\/v2\/media?parent=4750"}],"wp:term":[{"taxonomy":"product_brand","embeddable":true,"href":"https:\/\/lazaro.mg\/en\/wp-json\/wp\/v2\/product_brand?post=4750"},{"taxonomy":"product_cat","embeddable":true,"href":"https:\/\/lazaro.mg\/en\/wp-json\/wp\/v2\/product_cat?post=4750"},{"taxonomy":"product_tag","embeddable":true,"href":"https:\/\/lazaro.mg\/en\/wp-json\/wp\/v2\/product_tag?post=4750"}],"curies":[{"name":"wp","href":"https:\/\/api.w.org\/{rel}","templated":true}]}}