{"id":4751,"date":"2025-09-19T11:18:13","date_gmt":"2025-09-19T08:18:13","guid":{"rendered":"https:\/\/lazaro.mg\/?post_type=product&#038;p=4751"},"modified":"2025-10-24T23:24:58","modified_gmt":"2025-10-24T20:24:58","slug":"caviar-de-vanille-bourbon-un-pur-delice-gustatif","status":"publish","type":"product","link":"https:\/\/lazaro.mg\/en\/nos-produits\/vanille\/caviar-de-vanille-bourbon-un-pur-delice-gustatif\/","title":{"rendered":"Bourbon Vanilla Caviar \u2013 A Pure Gourmet Delight"},"content":{"rendered":"","protected":false},"excerpt":{"rendered":"<span class=\"subtitle subtitle-block subtitle-above subtitle-left use-body-font\">Bourbon Vanilla Caviar \u2013 Pure Gourmet Essence<\/span>\r\nMadagascar Premium Vanilla Caviar is delicately extracted from the plump Gourmet Bourbon vanilla beans. The Premium Caviar comes directly from the pure pulp inside the pods, while the Standard Caviar blends natural vanilla extract with authentic vanilla beans to create an exceptional aromatic experience. These moist black pearls elevate every culinary creation with their elegant texture and deep aroma. It takes over 6 kg of premium beans to produce just 1 kg of pure vanilla caviar, making it one of the most precious vanilla products in the world.","protected":false},"featured_media":5050,"template":"","meta":{"_acf_changed":false},"product_brand":[],"product_cat":[48],"product_tag":[],"class_list":{"0":"post-4751","1":"product","2":"type-product","3":"status-publish","4":"has-post-thumbnail","6":"product_cat-vanille","8":"first","9":"instock","10":"shipping-taxable","11":"product-type-simple"},"acf":[],"yoast_head":"<!-- This site is optimized with the Yoast SEO plugin v26.8 - https:\/\/yoast.com\/product\/yoast-seo-wordpress\/ -->\n<title>Caviar de vanille Bourbon - Un pur d\u00e9lice gustatif - Company Lazaro<\/title>\n<meta name=\"robots\" content=\"index, follow, max-snippet:-1, max-image-preview:large, max-video-preview:-1\" \/>\n<link rel=\"canonical\" href=\"https:\/\/lazaro.mg\/en\/nos-produits\/vanille\/caviar-de-vanille-bourbon-un-pur-delice-gustatif\/\" \/>\n<meta property=\"og:locale\" content=\"en_US\" \/>\n<meta property=\"og:type\" content=\"article\" \/>\n<meta property=\"og:title\" content=\"Caviar de vanille Bourbon - Un pur d\u00e9lice gustatif - Company Lazaro\" \/>\n<meta property=\"og:description\" content=\"Caviar de vanille, de sublimes perles noires Le caviar Premium de Madagascar est extrait directement des gousses charnues de la vanille Gourmet. Le caviar standard est, quant \u00e0 lui, compos\u00e9 de grains de vanille purs m\u00eal\u00e9s \u00e0 un extrait naturel de vanille, offrant ainsi une exp\u00e9rience aromatique exceptionnelle. Ces petites perles noires humides sont pr\u00e9lev\u00e9es \u00e0 l\u2019int\u00e9rieur des gousses de vanille Gourmet. Elles subliment parfaitement toutes les recettes. Il faut plus de 6 kg de gousses premium pour obtenir 1 kg de caviar pur, ce qui explique son prix.\" \/>\n<meta property=\"og:url\" content=\"https:\/\/lazaro.mg\/en\/nos-produits\/vanille\/caviar-de-vanille-bourbon-un-pur-delice-gustatif\/\" \/>\n<meta property=\"og:site_name\" content=\"Company Lazaro\" \/>\n<meta property=\"article:modified_time\" content=\"2025-10-24T20:24:58+00:00\" \/>\n<meta property=\"og:image\" content=\"https:\/\/lazaro.mg\/wp-content\/uploads\/2025\/10\/Lazaro-Vaciar-Vanille-Bourbon-1-min.png\" \/>\n\t<meta property=\"og:image:width\" content=\"2308\" \/>\n\t<meta property=\"og:image:height\" content=\"2308\" \/>\n\t<meta property=\"og:image:type\" content=\"image\/png\" \/>\n<meta name=\"twitter:card\" content=\"summary_large_image\" \/>\n<script type=\"application\/ld+json\" class=\"yoast-schema-graph\">{\"@context\":\"https:\/\/schema.org\",\"@graph\":[{\"@type\":\"WebPage\",\"@id\":\"https:\/\/lazaro.mg\/nos-produits\/vanille\/caviar-de-vanille-bourbon-un-pur-delice-gustatif\/\",\"url\":\"https:\/\/lazaro.mg\/nos-produits\/vanille\/caviar-de-vanille-bourbon-un-pur-delice-gustatif\/\",\"name\":\"Caviar de vanille Bourbon - Un pur d\u00e9lice gustatif - Company Lazaro\",\"isPartOf\":{\"@id\":\"https:\/\/lazaro.mg\/#website\"},\"primaryImageOfPage\":{\"@id\":\"https:\/\/lazaro.mg\/nos-produits\/vanille\/caviar-de-vanille-bourbon-un-pur-delice-gustatif\/#primaryimage\"},\"image\":{\"@id\":\"https:\/\/lazaro.mg\/nos-produits\/vanille\/caviar-de-vanille-bourbon-un-pur-delice-gustatif\/#primaryimage\"},\"thumbnailUrl\":\"https:\/\/lazaro.mg\/wp-content\/uploads\/2025\/10\/Lazaro-Vaciar-Vanille-Bourbon-1-min.png\",\"datePublished\":\"2025-09-19T08:18:13+00:00\",\"dateModified\":\"2025-10-24T20:24:58+00:00\",\"breadcrumb\":{\"@id\":\"https:\/\/lazaro.mg\/nos-produits\/vanille\/caviar-de-vanille-bourbon-un-pur-delice-gustatif\/#breadcrumb\"},\"inLanguage\":\"en-US\",\"potentialAction\":[{\"@type\":\"ReadAction\",\"target\":[\"https:\/\/lazaro.mg\/nos-produits\/vanille\/caviar-de-vanille-bourbon-un-pur-delice-gustatif\/\"]}]},{\"@type\":\"ImageObject\",\"inLanguage\":\"en-US\",\"@id\":\"https:\/\/lazaro.mg\/nos-produits\/vanille\/caviar-de-vanille-bourbon-un-pur-delice-gustatif\/#primaryimage\",\"url\":\"https:\/\/lazaro.mg\/wp-content\/uploads\/2025\/10\/Lazaro-Vaciar-Vanille-Bourbon-1-min.png\",\"contentUrl\":\"https:\/\/lazaro.mg\/wp-content\/uploads\/2025\/10\/Lazaro-Vaciar-Vanille-Bourbon-1-min.png\",\"width\":2308,\"height\":2308},{\"@type\":\"BreadcrumbList\",\"@id\":\"https:\/\/lazaro.mg\/nos-produits\/vanille\/caviar-de-vanille-bourbon-un-pur-delice-gustatif\/#breadcrumb\",\"itemListElement\":[{\"@type\":\"ListItem\",\"position\":1,\"name\":\"Accueil\",\"item\":\"https:\/\/lazaro.mg\/\"},{\"@type\":\"ListItem\",\"position\":2,\"name\":\"Nos produits\",\"item\":\"https:\/\/lazaro.mg\/nos-produits\/\"},{\"@type\":\"ListItem\",\"position\":3,\"name\":\"Caviar de vanille Bourbon &#8211; Un pur d\u00e9lice gustatif\"}]},{\"@type\":\"WebSite\",\"@id\":\"https:\/\/lazaro.mg\/#website\",\"url\":\"https:\/\/lazaro.mg\/\",\"name\":\"Company Lazaro\",\"description\":\"Lazaro\",\"publisher\":{\"@id\":\"https:\/\/lazaro.mg\/#organization\"},\"potentialAction\":[{\"@type\":\"SearchAction\",\"target\":{\"@type\":\"EntryPoint\",\"urlTemplate\":\"https:\/\/lazaro.mg\/?s={search_term_string}\"},\"query-input\":{\"@type\":\"PropertyValueSpecification\",\"valueRequired\":true,\"valueName\":\"search_term_string\"}}],\"inLanguage\":\"en-US\"},{\"@type\":\"Organization\",\"@id\":\"https:\/\/lazaro.mg\/#organization\",\"name\":\"Company Lazaro\",\"url\":\"https:\/\/lazaro.mg\/\",\"logo\":{\"@type\":\"ImageObject\",\"inLanguage\":\"en-US\",\"@id\":\"https:\/\/lazaro.mg\/#\/schema\/logo\/image\/\",\"url\":\"https:\/\/lazaro.mg\/wp-content\/uploads\/2025\/09\/cropped-Lazaro-logo-referencement-1.png\",\"contentUrl\":\"https:\/\/lazaro.mg\/wp-content\/uploads\/2025\/09\/cropped-Lazaro-logo-referencement-1.png\",\"width\":512,\"height\":511,\"caption\":\"Company Lazaro\"},\"image\":{\"@id\":\"https:\/\/lazaro.mg\/#\/schema\/logo\/image\/\"}}]}<\/script>\n<!-- \/ Yoast SEO plugin. -->","yoast_head_json":{"title":"Caviar de vanille Bourbon - Un pur d\u00e9lice gustatif - Company Lazaro","robots":{"index":"index","follow":"follow","max-snippet":"max-snippet:-1","max-image-preview":"max-image-preview:large","max-video-preview":"max-video-preview:-1"},"canonical":"https:\/\/lazaro.mg\/en\/nos-produits\/vanille\/caviar-de-vanille-bourbon-un-pur-delice-gustatif\/","og_locale":"en_US","og_type":"article","og_title":"Caviar de vanille Bourbon - Un pur d\u00e9lice gustatif - Company Lazaro","og_description":"Caviar de vanille, de sublimes perles noires Le caviar Premium de Madagascar est extrait directement des gousses charnues de la vanille Gourmet. Le caviar standard est, quant \u00e0 lui, compos\u00e9 de grains de vanille purs m\u00eal\u00e9s \u00e0 un extrait naturel de vanille, offrant ainsi une exp\u00e9rience aromatique exceptionnelle. Ces petites perles noires humides sont pr\u00e9lev\u00e9es \u00e0 l\u2019int\u00e9rieur des gousses de vanille Gourmet. Elles subliment parfaitement toutes les recettes. Il faut plus de 6 kg de gousses premium pour obtenir 1 kg de caviar pur, ce qui explique son prix.","og_url":"https:\/\/lazaro.mg\/en\/nos-produits\/vanille\/caviar-de-vanille-bourbon-un-pur-delice-gustatif\/","og_site_name":"Company Lazaro","article_modified_time":"2025-10-24T20:24:58+00:00","og_image":[{"width":2308,"height":2308,"url":"https:\/\/lazaro.mg\/wp-content\/uploads\/2025\/10\/Lazaro-Vaciar-Vanille-Bourbon-1-min.png","type":"image\/png"}],"twitter_card":"summary_large_image","schema":{"@context":"https:\/\/schema.org","@graph":[{"@type":"WebPage","@id":"https:\/\/lazaro.mg\/nos-produits\/vanille\/caviar-de-vanille-bourbon-un-pur-delice-gustatif\/","url":"https:\/\/lazaro.mg\/nos-produits\/vanille\/caviar-de-vanille-bourbon-un-pur-delice-gustatif\/","name":"Caviar de vanille Bourbon - Un pur d\u00e9lice gustatif - Company Lazaro","isPartOf":{"@id":"https:\/\/lazaro.mg\/#website"},"primaryImageOfPage":{"@id":"https:\/\/lazaro.mg\/nos-produits\/vanille\/caviar-de-vanille-bourbon-un-pur-delice-gustatif\/#primaryimage"},"image":{"@id":"https:\/\/lazaro.mg\/nos-produits\/vanille\/caviar-de-vanille-bourbon-un-pur-delice-gustatif\/#primaryimage"},"thumbnailUrl":"https:\/\/lazaro.mg\/wp-content\/uploads\/2025\/10\/Lazaro-Vaciar-Vanille-Bourbon-1-min.png","datePublished":"2025-09-19T08:18:13+00:00","dateModified":"2025-10-24T20:24:58+00:00","breadcrumb":{"@id":"https:\/\/lazaro.mg\/nos-produits\/vanille\/caviar-de-vanille-bourbon-un-pur-delice-gustatif\/#breadcrumb"},"inLanguage":"en-US","potentialAction":[{"@type":"ReadAction","target":["https:\/\/lazaro.mg\/nos-produits\/vanille\/caviar-de-vanille-bourbon-un-pur-delice-gustatif\/"]}]},{"@type":"ImageObject","inLanguage":"en-US","@id":"https:\/\/lazaro.mg\/nos-produits\/vanille\/caviar-de-vanille-bourbon-un-pur-delice-gustatif\/#primaryimage","url":"https:\/\/lazaro.mg\/wp-content\/uploads\/2025\/10\/Lazaro-Vaciar-Vanille-Bourbon-1-min.png","contentUrl":"https:\/\/lazaro.mg\/wp-content\/uploads\/2025\/10\/Lazaro-Vaciar-Vanille-Bourbon-1-min.png","width":2308,"height":2308},{"@type":"BreadcrumbList","@id":"https:\/\/lazaro.mg\/nos-produits\/vanille\/caviar-de-vanille-bourbon-un-pur-delice-gustatif\/#breadcrumb","itemListElement":[{"@type":"ListItem","position":1,"name":"Accueil","item":"https:\/\/lazaro.mg\/"},{"@type":"ListItem","position":2,"name":"Nos produits","item":"https:\/\/lazaro.mg\/nos-produits\/"},{"@type":"ListItem","position":3,"name":"Caviar de vanille Bourbon &#8211; Un pur d\u00e9lice gustatif"}]},{"@type":"WebSite","@id":"https:\/\/lazaro.mg\/#website","url":"https:\/\/lazaro.mg\/","name":"Company Lazaro","description":"Lazaro","publisher":{"@id":"https:\/\/lazaro.mg\/#organization"},"potentialAction":[{"@type":"SearchAction","target":{"@type":"EntryPoint","urlTemplate":"https:\/\/lazaro.mg\/?s={search_term_string}"},"query-input":{"@type":"PropertyValueSpecification","valueRequired":true,"valueName":"search_term_string"}}],"inLanguage":"en-US"},{"@type":"Organization","@id":"https:\/\/lazaro.mg\/#organization","name":"Company Lazaro","url":"https:\/\/lazaro.mg\/","logo":{"@type":"ImageObject","inLanguage":"en-US","@id":"https:\/\/lazaro.mg\/#\/schema\/logo\/image\/","url":"https:\/\/lazaro.mg\/wp-content\/uploads\/2025\/09\/cropped-Lazaro-logo-referencement-1.png","contentUrl":"https:\/\/lazaro.mg\/wp-content\/uploads\/2025\/09\/cropped-Lazaro-logo-referencement-1.png","width":512,"height":511,"caption":"Company Lazaro"},"image":{"@id":"https:\/\/lazaro.mg\/#\/schema\/logo\/image\/"}}]}},"_links":{"self":[{"href":"https:\/\/lazaro.mg\/en\/wp-json\/wp\/v2\/product\/4751","targetHints":{"allow":["GET"]}}],"collection":[{"href":"https:\/\/lazaro.mg\/en\/wp-json\/wp\/v2\/product"}],"about":[{"href":"https:\/\/lazaro.mg\/en\/wp-json\/wp\/v2\/types\/product"}],"wp:featuredmedia":[{"embeddable":true,"href":"https:\/\/lazaro.mg\/en\/wp-json\/wp\/v2\/media\/5050"}],"wp:attachment":[{"href":"https:\/\/lazaro.mg\/en\/wp-json\/wp\/v2\/media?parent=4751"}],"wp:term":[{"taxonomy":"product_brand","embeddable":true,"href":"https:\/\/lazaro.mg\/en\/wp-json\/wp\/v2\/product_brand?post=4751"},{"taxonomy":"product_cat","embeddable":true,"href":"https:\/\/lazaro.mg\/en\/wp-json\/wp\/v2\/product_cat?post=4751"},{"taxonomy":"product_tag","embeddable":true,"href":"https:\/\/lazaro.mg\/en\/wp-json\/wp\/v2\/product_tag?post=4751"}],"curies":[{"name":"wp","href":"https:\/\/api.w.org\/{rel}","templated":true}]}}