{"id":4752,"date":"2025-09-19T11:17:11","date_gmt":"2025-09-19T08:17:11","guid":{"rendered":"https:\/\/lazaro.mg\/?post_type=product&#038;p=4752"},"modified":"2025-11-24T11:40:47","modified_gmt":"2025-11-24T08:40:47","slug":"extrait-de-vanille-essence-naturelle-de-madagascar","status":"publish","type":"product","link":"https:\/\/lazaro.mg\/en\/nos-produits\/vanille\/extrait-de-vanille-essence-naturelle-de-madagascar\/","title":{"rendered":"Natural Vanilla Extract \u2013 The Essence of Madagascar"},"content":{"rendered":"","protected":false},"excerpt":{"rendered":"<span class=\"subtitle subtitle-block subtitle-above subtitle-left use-body-font\">Bourbon Vanilla Extract \u2013 The aroma of excellence in a bottle<\/span>\r\nThe natural Bourbon Vanilla Extract from Madagascar is crafted from extraction-grade vanilla beans rich in vanillin, combined with water (alcohol-free version) or with food-grade alcohol (standard version). During maceration, the beans release a deep, woody, cocoa-like aroma with hints of caramel. Free from artificial flavors or synthetic additives, this pure extract delivers an authentic aromatic experience \u2013 ideal for both sweet and savory creations, hot or cold.","protected":false},"featured_media":4923,"template":"","meta":{"_acf_changed":false},"product_brand":[],"product_cat":[48],"product_tag":[],"class_list":{"0":"post-4752","1":"product","2":"type-product","3":"status-publish","4":"has-post-thumbnail","6":"product_cat-vanille","8":"first","9":"instock","10":"shipping-taxable","11":"product-type-simple"},"acf":[],"yoast_head":"<!-- This site is optimized with the Yoast SEO plugin v26.8 - https:\/\/yoast.com\/product\/yoast-seo-wordpress\/ -->\n<title>Extrait de vanille - Essence naturelle de Madagascar - Company Lazaro<\/title>\n<meta name=\"robots\" content=\"index, follow, max-snippet:-1, max-image-preview:large, max-video-preview:-1\" \/>\n<link rel=\"canonical\" href=\"https:\/\/lazaro.mg\/en\/nos-produits\/vanille\/extrait-de-vanille-essence-naturelle-de-madagascar\/\" \/>\n<meta property=\"og:locale\" content=\"en_US\" \/>\n<meta property=\"og:type\" content=\"article\" \/>\n<meta property=\"og:title\" content=\"Extrait de vanille - Essence naturelle de Madagascar - Company Lazaro\" \/>\n<meta property=\"og:description\" content=\"Extrait de vanille Bourbon, l\u2019ar\u00f4me en bouteille L\u2019extrait de vanille Bourbon naturel de Madagascar est \u00e9labor\u00e9 \u00e0 partir de gousses de type d\u2019extraction riches en vanilline et d\u2019eau (version sans alcool) ou d\u2019eau et alcool alimentaire (version avec alcool) que l\u2019on fait bouillir pour obtenir un concentr\u00e9. En mac\u00e9rant, les gousses lib\u00e8rent une saveur profonde, bois\u00e9e et cacaot\u00e9e, aux notes de caramel. Sans ar\u00f4mes artificiels ni produit de synth\u00e8se, l\u2019extrait de vanille offre une exp\u00e9rience aromatique agr\u00e9able, id\u00e9ale pour des cr\u00e9ations sucr\u00e9es ou sal\u00e9es, chaudes ou froides.\" \/>\n<meta property=\"og:url\" content=\"https:\/\/lazaro.mg\/en\/nos-produits\/vanille\/extrait-de-vanille-essence-naturelle-de-madagascar\/\" \/>\n<meta property=\"og:site_name\" content=\"Company Lazaro\" \/>\n<meta property=\"article:modified_time\" content=\"2025-11-24T08:40:47+00:00\" \/>\n<meta property=\"og:image\" content=\"https:\/\/lazaro.mg\/wp-content\/uploads\/2025\/09\/Lazaro-Extrait-vanille-Bourbon-3.png\" \/>\n\t<meta property=\"og:image:width\" content=\"2308\" \/>\n\t<meta property=\"og:image:height\" content=\"2308\" \/>\n\t<meta property=\"og:image:type\" content=\"image\/png\" \/>\n<meta name=\"twitter:card\" content=\"summary_large_image\" \/>\n<meta name=\"twitter:label1\" content=\"Est. reading time\" \/>\n\t<meta name=\"twitter:data1\" content=\"1 minute\" \/>\n<script type=\"application\/ld+json\" class=\"yoast-schema-graph\">{\"@context\":\"https:\/\/schema.org\",\"@graph\":[{\"@type\":\"WebPage\",\"@id\":\"https:\/\/lazaro.mg\/nos-produits\/vanille\/extrait-de-vanille-essence-naturelle-de-madagascar\/\",\"url\":\"https:\/\/lazaro.mg\/nos-produits\/vanille\/extrait-de-vanille-essence-naturelle-de-madagascar\/\",\"name\":\"Extrait de vanille - Essence naturelle de Madagascar - Company Lazaro\",\"isPartOf\":{\"@id\":\"https:\/\/lazaro.mg\/#website\"},\"primaryImageOfPage\":{\"@id\":\"https:\/\/lazaro.mg\/nos-produits\/vanille\/extrait-de-vanille-essence-naturelle-de-madagascar\/#primaryimage\"},\"image\":{\"@id\":\"https:\/\/lazaro.mg\/nos-produits\/vanille\/extrait-de-vanille-essence-naturelle-de-madagascar\/#primaryimage\"},\"thumbnailUrl\":\"https:\/\/lazaro.mg\/wp-content\/uploads\/2025\/09\/Lazaro-Extrait-vanille-Bourbon-3.png\",\"datePublished\":\"2025-09-19T08:17:11+00:00\",\"dateModified\":\"2025-11-24T08:40:47+00:00\",\"breadcrumb\":{\"@id\":\"https:\/\/lazaro.mg\/nos-produits\/vanille\/extrait-de-vanille-essence-naturelle-de-madagascar\/#breadcrumb\"},\"inLanguage\":\"en-US\",\"potentialAction\":[{\"@type\":\"ReadAction\",\"target\":[\"https:\/\/lazaro.mg\/nos-produits\/vanille\/extrait-de-vanille-essence-naturelle-de-madagascar\/\"]}]},{\"@type\":\"ImageObject\",\"inLanguage\":\"en-US\",\"@id\":\"https:\/\/lazaro.mg\/nos-produits\/vanille\/extrait-de-vanille-essence-naturelle-de-madagascar\/#primaryimage\",\"url\":\"https:\/\/lazaro.mg\/wp-content\/uploads\/2025\/09\/Lazaro-Extrait-vanille-Bourbon-3.png\",\"contentUrl\":\"https:\/\/lazaro.mg\/wp-content\/uploads\/2025\/09\/Lazaro-Extrait-vanille-Bourbon-3.png\",\"width\":2308,\"height\":2308},{\"@type\":\"BreadcrumbList\",\"@id\":\"https:\/\/lazaro.mg\/nos-produits\/vanille\/extrait-de-vanille-essence-naturelle-de-madagascar\/#breadcrumb\",\"itemListElement\":[{\"@type\":\"ListItem\",\"position\":1,\"name\":\"Accueil\",\"item\":\"https:\/\/lazaro.mg\/\"},{\"@type\":\"ListItem\",\"position\":2,\"name\":\"Nos produits\",\"item\":\"https:\/\/lazaro.mg\/nos-produits\/\"},{\"@type\":\"ListItem\",\"position\":3,\"name\":\"Extrait de vanille &#8211; Essence naturelle de Madagascar\"}]},{\"@type\":\"WebSite\",\"@id\":\"https:\/\/lazaro.mg\/#website\",\"url\":\"https:\/\/lazaro.mg\/\",\"name\":\"Company Lazaro\",\"description\":\"Lazaro\",\"publisher\":{\"@id\":\"https:\/\/lazaro.mg\/#organization\"},\"potentialAction\":[{\"@type\":\"SearchAction\",\"target\":{\"@type\":\"EntryPoint\",\"urlTemplate\":\"https:\/\/lazaro.mg\/?s={search_term_string}\"},\"query-input\":{\"@type\":\"PropertyValueSpecification\",\"valueRequired\":true,\"valueName\":\"search_term_string\"}}],\"inLanguage\":\"en-US\"},{\"@type\":\"Organization\",\"@id\":\"https:\/\/lazaro.mg\/#organization\",\"name\":\"Company Lazaro\",\"url\":\"https:\/\/lazaro.mg\/\",\"logo\":{\"@type\":\"ImageObject\",\"inLanguage\":\"en-US\",\"@id\":\"https:\/\/lazaro.mg\/#\/schema\/logo\/image\/\",\"url\":\"https:\/\/lazaro.mg\/wp-content\/uploads\/2025\/09\/cropped-Lazaro-logo-referencement-1.png\",\"contentUrl\":\"https:\/\/lazaro.mg\/wp-content\/uploads\/2025\/09\/cropped-Lazaro-logo-referencement-1.png\",\"width\":512,\"height\":511,\"caption\":\"Company Lazaro\"},\"image\":{\"@id\":\"https:\/\/lazaro.mg\/#\/schema\/logo\/image\/\"}}]}<\/script>\n<!-- \/ Yoast SEO plugin. -->","yoast_head_json":{"title":"Extrait de vanille - Essence naturelle de Madagascar - Company Lazaro","robots":{"index":"index","follow":"follow","max-snippet":"max-snippet:-1","max-image-preview":"max-image-preview:large","max-video-preview":"max-video-preview:-1"},"canonical":"https:\/\/lazaro.mg\/en\/nos-produits\/vanille\/extrait-de-vanille-essence-naturelle-de-madagascar\/","og_locale":"en_US","og_type":"article","og_title":"Extrait de vanille - Essence naturelle de Madagascar - Company Lazaro","og_description":"Extrait de vanille Bourbon, l\u2019ar\u00f4me en bouteille L\u2019extrait de vanille Bourbon naturel de Madagascar est \u00e9labor\u00e9 \u00e0 partir de gousses de type d\u2019extraction riches en vanilline et d\u2019eau (version sans alcool) ou d\u2019eau et alcool alimentaire (version avec alcool) que l\u2019on fait bouillir pour obtenir un concentr\u00e9. En mac\u00e9rant, les gousses lib\u00e8rent une saveur profonde, bois\u00e9e et cacaot\u00e9e, aux notes de caramel. Sans ar\u00f4mes artificiels ni produit de synth\u00e8se, l\u2019extrait de vanille offre une exp\u00e9rience aromatique agr\u00e9able, id\u00e9ale pour des cr\u00e9ations sucr\u00e9es ou sal\u00e9es, chaudes ou froides.","og_url":"https:\/\/lazaro.mg\/en\/nos-produits\/vanille\/extrait-de-vanille-essence-naturelle-de-madagascar\/","og_site_name":"Company Lazaro","article_modified_time":"2025-11-24T08:40:47+00:00","og_image":[{"width":2308,"height":2308,"url":"https:\/\/lazaro.mg\/wp-content\/uploads\/2025\/09\/Lazaro-Extrait-vanille-Bourbon-3.png","type":"image\/png"}],"twitter_card":"summary_large_image","twitter_misc":{"Est. reading time":"1 minute"},"schema":{"@context":"https:\/\/schema.org","@graph":[{"@type":"WebPage","@id":"https:\/\/lazaro.mg\/nos-produits\/vanille\/extrait-de-vanille-essence-naturelle-de-madagascar\/","url":"https:\/\/lazaro.mg\/nos-produits\/vanille\/extrait-de-vanille-essence-naturelle-de-madagascar\/","name":"Extrait de vanille - Essence naturelle de Madagascar - Company Lazaro","isPartOf":{"@id":"https:\/\/lazaro.mg\/#website"},"primaryImageOfPage":{"@id":"https:\/\/lazaro.mg\/nos-produits\/vanille\/extrait-de-vanille-essence-naturelle-de-madagascar\/#primaryimage"},"image":{"@id":"https:\/\/lazaro.mg\/nos-produits\/vanille\/extrait-de-vanille-essence-naturelle-de-madagascar\/#primaryimage"},"thumbnailUrl":"https:\/\/lazaro.mg\/wp-content\/uploads\/2025\/09\/Lazaro-Extrait-vanille-Bourbon-3.png","datePublished":"2025-09-19T08:17:11+00:00","dateModified":"2025-11-24T08:40:47+00:00","breadcrumb":{"@id":"https:\/\/lazaro.mg\/nos-produits\/vanille\/extrait-de-vanille-essence-naturelle-de-madagascar\/#breadcrumb"},"inLanguage":"en-US","potentialAction":[{"@type":"ReadAction","target":["https:\/\/lazaro.mg\/nos-produits\/vanille\/extrait-de-vanille-essence-naturelle-de-madagascar\/"]}]},{"@type":"ImageObject","inLanguage":"en-US","@id":"https:\/\/lazaro.mg\/nos-produits\/vanille\/extrait-de-vanille-essence-naturelle-de-madagascar\/#primaryimage","url":"https:\/\/lazaro.mg\/wp-content\/uploads\/2025\/09\/Lazaro-Extrait-vanille-Bourbon-3.png","contentUrl":"https:\/\/lazaro.mg\/wp-content\/uploads\/2025\/09\/Lazaro-Extrait-vanille-Bourbon-3.png","width":2308,"height":2308},{"@type":"BreadcrumbList","@id":"https:\/\/lazaro.mg\/nos-produits\/vanille\/extrait-de-vanille-essence-naturelle-de-madagascar\/#breadcrumb","itemListElement":[{"@type":"ListItem","position":1,"name":"Accueil","item":"https:\/\/lazaro.mg\/"},{"@type":"ListItem","position":2,"name":"Nos produits","item":"https:\/\/lazaro.mg\/nos-produits\/"},{"@type":"ListItem","position":3,"name":"Extrait de vanille &#8211; Essence naturelle de Madagascar"}]},{"@type":"WebSite","@id":"https:\/\/lazaro.mg\/#website","url":"https:\/\/lazaro.mg\/","name":"Company Lazaro","description":"Lazaro","publisher":{"@id":"https:\/\/lazaro.mg\/#organization"},"potentialAction":[{"@type":"SearchAction","target":{"@type":"EntryPoint","urlTemplate":"https:\/\/lazaro.mg\/?s={search_term_string}"},"query-input":{"@type":"PropertyValueSpecification","valueRequired":true,"valueName":"search_term_string"}}],"inLanguage":"en-US"},{"@type":"Organization","@id":"https:\/\/lazaro.mg\/#organization","name":"Company Lazaro","url":"https:\/\/lazaro.mg\/","logo":{"@type":"ImageObject","inLanguage":"en-US","@id":"https:\/\/lazaro.mg\/#\/schema\/logo\/image\/","url":"https:\/\/lazaro.mg\/wp-content\/uploads\/2025\/09\/cropped-Lazaro-logo-referencement-1.png","contentUrl":"https:\/\/lazaro.mg\/wp-content\/uploads\/2025\/09\/cropped-Lazaro-logo-referencement-1.png","width":512,"height":511,"caption":"Company Lazaro"},"image":{"@id":"https:\/\/lazaro.mg\/#\/schema\/logo\/image\/"}}]}},"_links":{"self":[{"href":"https:\/\/lazaro.mg\/en\/wp-json\/wp\/v2\/product\/4752","targetHints":{"allow":["GET"]}}],"collection":[{"href":"https:\/\/lazaro.mg\/en\/wp-json\/wp\/v2\/product"}],"about":[{"href":"https:\/\/lazaro.mg\/en\/wp-json\/wp\/v2\/types\/product"}],"wp:featuredmedia":[{"embeddable":true,"href":"https:\/\/lazaro.mg\/en\/wp-json\/wp\/v2\/media\/4923"}],"wp:attachment":[{"href":"https:\/\/lazaro.mg\/en\/wp-json\/wp\/v2\/media?parent=4752"}],"wp:term":[{"taxonomy":"product_brand","embeddable":true,"href":"https:\/\/lazaro.mg\/en\/wp-json\/wp\/v2\/product_brand?post=4752"},{"taxonomy":"product_cat","embeddable":true,"href":"https:\/\/lazaro.mg\/en\/wp-json\/wp\/v2\/product_cat?post=4752"},{"taxonomy":"product_tag","embeddable":true,"href":"https:\/\/lazaro.mg\/en\/wp-json\/wp\/v2\/product_tag?post=4752"}],"curies":[{"name":"wp","href":"https:\/\/api.w.org\/{rel}","templated":true}]}}