{"id":5054,"date":"2025-09-19T11:32:01","date_gmt":"2025-09-19T08:32:01","guid":{"rendered":"https:\/\/lazaro.mg\/?post_type=product&#038;p=5054"},"modified":"2025-10-24T23:49:41","modified_gmt":"2025-10-24T20:49:41","slug":"vanille-pompona-rouge-gousses-geantes","status":"publish","type":"product","link":"https:\/\/lazaro.mg\/en\/nos-produits\/vanille\/vanille-pompona-rouge-gousses-geantes\/","title":{"rendered":"Red Pompona Vanilla \u2013 Fleshy Pods"},"content":{"rendered":"","protected":false},"excerpt":{"rendered":"<span class=\"subtitle subtitle-block subtitle-above subtitle-left use-body-font\">Red Pompona Vanilla \u2013 The perfumers\u2019 favorite<\/span>\r\n<span style=\"font-weight: 400;\">Madagascar Red Pompona Vanilla (Mexican Vanilla) stands out for its large, fleshy pods up to 25 cm long \u2013 shiny, supple, and intensely aromatic despite their lower vanillin content. Its complex fragrance combines woody, leathery, floral, and caramel notes, offering a refined and distinctive sensory experience. Originally from Mexico and the Caribbean, this rare species has adapted beautifully to the northeast region of Madagascar. It requires exceptional craftsmanship and a longer curing process than Bourbon vanilla. Highly valued by perfumers for its natural richness in coumarin and by gourmet chefs for its rare and sophisticated aroma.<\/span>\r\n\r\nA hybrid variety, Red Pompona Tsy Taitry, is also available.","protected":false},"featured_media":5176,"template":"","meta":{"_acf_changed":false},"product_brand":[],"product_cat":[48],"product_tag":[],"class_list":{"0":"post-5054","1":"product","2":"type-product","3":"status-publish","4":"has-post-thumbnail","6":"product_cat-vanille","8":"first","9":"instock","10":"shipping-taxable","11":"product-type-simple"},"acf":[],"yoast_head":"<!-- This site is optimized with the Yoast SEO plugin v26.8 - https:\/\/yoast.com\/product\/yoast-seo-wordpress\/ -->\n<title>Vanille Pompona rouge \u2013 Gousses charnues - Company Lazaro<\/title>\n<meta name=\"robots\" content=\"index, follow, max-snippet:-1, max-image-preview:large, max-video-preview:-1\" \/>\n<link rel=\"canonical\" href=\"https:\/\/lazaro.mg\/en\/nos-produits\/vanille\/vanille-pompona-rouge-gousses-geantes\/\" \/>\n<meta property=\"og:locale\" content=\"en_US\" \/>\n<meta property=\"og:type\" content=\"article\" \/>\n<meta property=\"og:title\" content=\"Vanille Pompona rouge \u2013 Gousses charnues - Company Lazaro\" \/>\n<meta property=\"og:description\" content=\"Vanille&nbsp;Pompona, la favorite des parfumeurs La vanille Pompona de Madagascar (vanille Mexique) se distingue par ses gousses g\u00e9antes jusqu\u2019\u00e0 25 cm, charnues, tr\u00e8s parfum\u00e9es, mais \u00e0 faible taux de vanilline, souples et brillantes. Son profil aromatique intense r\u00e9v\u00e8le des notes bois\u00e9es, de cuir, de caramel et de fleurs, pour une exp\u00e9rience gustative raffin\u00e9e. Originaire des Antilles et du Mexique mais adapt\u00e9e \u00e0 la r\u00e9gion Nord-Est de Madagascar, cette vari\u00e9t\u00e9 rare demande un savoir-faire artisanal et un affinage plus lent que la vanille Bourbon. Appr\u00e9ci\u00e9e des parfumeurs pour sa richesse naturelle en coumarine et des chefs gastronomes pour ses ar\u00f4mes d\u2019exception.  Il existe aussi de la vanille Pompona rouge Tsy Taitry,\u00a0dite\u00a0hybride.\" \/>\n<meta property=\"og:url\" content=\"https:\/\/lazaro.mg\/en\/nos-produits\/vanille\/vanille-pompona-rouge-gousses-geantes\/\" \/>\n<meta property=\"og:site_name\" content=\"Company Lazaro\" \/>\n<meta property=\"article:modified_time\" content=\"2025-10-24T20:49:41+00:00\" \/>\n<meta property=\"og:image\" content=\"https:\/\/lazaro.mg\/wp-content\/uploads\/2025\/10\/Lazaro-Pompona-rouge-13-min.png\" \/>\n\t<meta property=\"og:image:width\" content=\"2308\" \/>\n\t<meta property=\"og:image:height\" content=\"2308\" \/>\n\t<meta property=\"og:image:type\" content=\"image\/png\" \/>\n<meta name=\"twitter:card\" content=\"summary_large_image\" \/>\n<script type=\"application\/ld+json\" class=\"yoast-schema-graph\">{\"@context\":\"https:\/\/schema.org\",\"@graph\":[{\"@type\":\"WebPage\",\"@id\":\"https:\/\/lazaro.mg\/nos-produits\/vanille\/vanille-pompona-rouge-gousses-geantes\/\",\"url\":\"https:\/\/lazaro.mg\/nos-produits\/vanille\/vanille-pompona-rouge-gousses-geantes\/\",\"name\":\"Vanille Pompona rouge \u2013 Gousses charnues - Company Lazaro\",\"isPartOf\":{\"@id\":\"https:\/\/lazaro.mg\/#website\"},\"primaryImageOfPage\":{\"@id\":\"https:\/\/lazaro.mg\/nos-produits\/vanille\/vanille-pompona-rouge-gousses-geantes\/#primaryimage\"},\"image\":{\"@id\":\"https:\/\/lazaro.mg\/nos-produits\/vanille\/vanille-pompona-rouge-gousses-geantes\/#primaryimage\"},\"thumbnailUrl\":\"https:\/\/lazaro.mg\/wp-content\/uploads\/2025\/10\/Lazaro-Pompona-rouge-13-min.png\",\"datePublished\":\"2025-09-19T08:32:01+00:00\",\"dateModified\":\"2025-10-24T20:49:41+00:00\",\"breadcrumb\":{\"@id\":\"https:\/\/lazaro.mg\/nos-produits\/vanille\/vanille-pompona-rouge-gousses-geantes\/#breadcrumb\"},\"inLanguage\":\"en-US\",\"potentialAction\":[{\"@type\":\"ReadAction\",\"target\":[\"https:\/\/lazaro.mg\/nos-produits\/vanille\/vanille-pompona-rouge-gousses-geantes\/\"]}]},{\"@type\":\"ImageObject\",\"inLanguage\":\"en-US\",\"@id\":\"https:\/\/lazaro.mg\/nos-produits\/vanille\/vanille-pompona-rouge-gousses-geantes\/#primaryimage\",\"url\":\"https:\/\/lazaro.mg\/wp-content\/uploads\/2025\/10\/Lazaro-Pompona-rouge-13-min.png\",\"contentUrl\":\"https:\/\/lazaro.mg\/wp-content\/uploads\/2025\/10\/Lazaro-Pompona-rouge-13-min.png\",\"width\":2308,\"height\":2308},{\"@type\":\"BreadcrumbList\",\"@id\":\"https:\/\/lazaro.mg\/nos-produits\/vanille\/vanille-pompona-rouge-gousses-geantes\/#breadcrumb\",\"itemListElement\":[{\"@type\":\"ListItem\",\"position\":1,\"name\":\"Accueil\",\"item\":\"https:\/\/lazaro.mg\/\"},{\"@type\":\"ListItem\",\"position\":2,\"name\":\"Nos produits\",\"item\":\"https:\/\/lazaro.mg\/nos-produits\/\"},{\"@type\":\"ListItem\",\"position\":3,\"name\":\"Vanille Pompona rouge \u2013 Gousses charnues\"}]},{\"@type\":\"WebSite\",\"@id\":\"https:\/\/lazaro.mg\/#website\",\"url\":\"https:\/\/lazaro.mg\/\",\"name\":\"Company Lazaro\",\"description\":\"Lazaro\",\"publisher\":{\"@id\":\"https:\/\/lazaro.mg\/#organization\"},\"potentialAction\":[{\"@type\":\"SearchAction\",\"target\":{\"@type\":\"EntryPoint\",\"urlTemplate\":\"https:\/\/lazaro.mg\/?s={search_term_string}\"},\"query-input\":{\"@type\":\"PropertyValueSpecification\",\"valueRequired\":true,\"valueName\":\"search_term_string\"}}],\"inLanguage\":\"en-US\"},{\"@type\":\"Organization\",\"@id\":\"https:\/\/lazaro.mg\/#organization\",\"name\":\"Company Lazaro\",\"url\":\"https:\/\/lazaro.mg\/\",\"logo\":{\"@type\":\"ImageObject\",\"inLanguage\":\"en-US\",\"@id\":\"https:\/\/lazaro.mg\/#\/schema\/logo\/image\/\",\"url\":\"https:\/\/lazaro.mg\/wp-content\/uploads\/2025\/09\/cropped-Lazaro-logo-referencement-1.png\",\"contentUrl\":\"https:\/\/lazaro.mg\/wp-content\/uploads\/2025\/09\/cropped-Lazaro-logo-referencement-1.png\",\"width\":512,\"height\":511,\"caption\":\"Company Lazaro\"},\"image\":{\"@id\":\"https:\/\/lazaro.mg\/#\/schema\/logo\/image\/\"}}]}<\/script>\n<!-- \/ Yoast SEO plugin. -->","yoast_head_json":{"title":"Vanille Pompona rouge \u2013 Gousses charnues - Company Lazaro","robots":{"index":"index","follow":"follow","max-snippet":"max-snippet:-1","max-image-preview":"max-image-preview:large","max-video-preview":"max-video-preview:-1"},"canonical":"https:\/\/lazaro.mg\/en\/nos-produits\/vanille\/vanille-pompona-rouge-gousses-geantes\/","og_locale":"en_US","og_type":"article","og_title":"Vanille Pompona rouge \u2013 Gousses charnues - Company Lazaro","og_description":"Vanille&nbsp;Pompona, la favorite des parfumeurs La vanille Pompona de Madagascar (vanille Mexique) se distingue par ses gousses g\u00e9antes jusqu\u2019\u00e0 25 cm, charnues, tr\u00e8s parfum\u00e9es, mais \u00e0 faible taux de vanilline, souples et brillantes. Son profil aromatique intense r\u00e9v\u00e8le des notes bois\u00e9es, de cuir, de caramel et de fleurs, pour une exp\u00e9rience gustative raffin\u00e9e. Originaire des Antilles et du Mexique mais adapt\u00e9e \u00e0 la r\u00e9gion Nord-Est de Madagascar, cette vari\u00e9t\u00e9 rare demande un savoir-faire artisanal et un affinage plus lent que la vanille Bourbon. Appr\u00e9ci\u00e9e des parfumeurs pour sa richesse naturelle en coumarine et des chefs gastronomes pour ses ar\u00f4mes d\u2019exception.  Il existe aussi de la vanille Pompona rouge Tsy Taitry,\u00a0dite\u00a0hybride.","og_url":"https:\/\/lazaro.mg\/en\/nos-produits\/vanille\/vanille-pompona-rouge-gousses-geantes\/","og_site_name":"Company Lazaro","article_modified_time":"2025-10-24T20:49:41+00:00","og_image":[{"width":2308,"height":2308,"url":"https:\/\/lazaro.mg\/wp-content\/uploads\/2025\/10\/Lazaro-Pompona-rouge-13-min.png","type":"image\/png"}],"twitter_card":"summary_large_image","schema":{"@context":"https:\/\/schema.org","@graph":[{"@type":"WebPage","@id":"https:\/\/lazaro.mg\/nos-produits\/vanille\/vanille-pompona-rouge-gousses-geantes\/","url":"https:\/\/lazaro.mg\/nos-produits\/vanille\/vanille-pompona-rouge-gousses-geantes\/","name":"Vanille Pompona rouge \u2013 Gousses charnues - Company Lazaro","isPartOf":{"@id":"https:\/\/lazaro.mg\/#website"},"primaryImageOfPage":{"@id":"https:\/\/lazaro.mg\/nos-produits\/vanille\/vanille-pompona-rouge-gousses-geantes\/#primaryimage"},"image":{"@id":"https:\/\/lazaro.mg\/nos-produits\/vanille\/vanille-pompona-rouge-gousses-geantes\/#primaryimage"},"thumbnailUrl":"https:\/\/lazaro.mg\/wp-content\/uploads\/2025\/10\/Lazaro-Pompona-rouge-13-min.png","datePublished":"2025-09-19T08:32:01+00:00","dateModified":"2025-10-24T20:49:41+00:00","breadcrumb":{"@id":"https:\/\/lazaro.mg\/nos-produits\/vanille\/vanille-pompona-rouge-gousses-geantes\/#breadcrumb"},"inLanguage":"en-US","potentialAction":[{"@type":"ReadAction","target":["https:\/\/lazaro.mg\/nos-produits\/vanille\/vanille-pompona-rouge-gousses-geantes\/"]}]},{"@type":"ImageObject","inLanguage":"en-US","@id":"https:\/\/lazaro.mg\/nos-produits\/vanille\/vanille-pompona-rouge-gousses-geantes\/#primaryimage","url":"https:\/\/lazaro.mg\/wp-content\/uploads\/2025\/10\/Lazaro-Pompona-rouge-13-min.png","contentUrl":"https:\/\/lazaro.mg\/wp-content\/uploads\/2025\/10\/Lazaro-Pompona-rouge-13-min.png","width":2308,"height":2308},{"@type":"BreadcrumbList","@id":"https:\/\/lazaro.mg\/nos-produits\/vanille\/vanille-pompona-rouge-gousses-geantes\/#breadcrumb","itemListElement":[{"@type":"ListItem","position":1,"name":"Accueil","item":"https:\/\/lazaro.mg\/"},{"@type":"ListItem","position":2,"name":"Nos produits","item":"https:\/\/lazaro.mg\/nos-produits\/"},{"@type":"ListItem","position":3,"name":"Vanille Pompona rouge \u2013 Gousses charnues"}]},{"@type":"WebSite","@id":"https:\/\/lazaro.mg\/#website","url":"https:\/\/lazaro.mg\/","name":"Company Lazaro","description":"Lazaro","publisher":{"@id":"https:\/\/lazaro.mg\/#organization"},"potentialAction":[{"@type":"SearchAction","target":{"@type":"EntryPoint","urlTemplate":"https:\/\/lazaro.mg\/?s={search_term_string}"},"query-input":{"@type":"PropertyValueSpecification","valueRequired":true,"valueName":"search_term_string"}}],"inLanguage":"en-US"},{"@type":"Organization","@id":"https:\/\/lazaro.mg\/#organization","name":"Company Lazaro","url":"https:\/\/lazaro.mg\/","logo":{"@type":"ImageObject","inLanguage":"en-US","@id":"https:\/\/lazaro.mg\/#\/schema\/logo\/image\/","url":"https:\/\/lazaro.mg\/wp-content\/uploads\/2025\/09\/cropped-Lazaro-logo-referencement-1.png","contentUrl":"https:\/\/lazaro.mg\/wp-content\/uploads\/2025\/09\/cropped-Lazaro-logo-referencement-1.png","width":512,"height":511,"caption":"Company Lazaro"},"image":{"@id":"https:\/\/lazaro.mg\/#\/schema\/logo\/image\/"}}]}},"_links":{"self":[{"href":"https:\/\/lazaro.mg\/en\/wp-json\/wp\/v2\/product\/5054","targetHints":{"allow":["GET"]}}],"collection":[{"href":"https:\/\/lazaro.mg\/en\/wp-json\/wp\/v2\/product"}],"about":[{"href":"https:\/\/lazaro.mg\/en\/wp-json\/wp\/v2\/types\/product"}],"wp:featuredmedia":[{"embeddable":true,"href":"https:\/\/lazaro.mg\/en\/wp-json\/wp\/v2\/media\/5176"}],"wp:attachment":[{"href":"https:\/\/lazaro.mg\/en\/wp-json\/wp\/v2\/media?parent=5054"}],"wp:term":[{"taxonomy":"product_brand","embeddable":true,"href":"https:\/\/lazaro.mg\/en\/wp-json\/wp\/v2\/product_brand?post=5054"},{"taxonomy":"product_cat","embeddable":true,"href":"https:\/\/lazaro.mg\/en\/wp-json\/wp\/v2\/product_cat?post=5054"},{"taxonomy":"product_tag","embeddable":true,"href":"https:\/\/lazaro.mg\/en\/wp-json\/wp\/v2\/product_tag?post=5054"}],"curies":[{"name":"wp","href":"https:\/\/api.w.org\/{rel}","templated":true}]}}