{"id":5058,"date":"2025-10-04T17:48:47","date_gmt":"2025-10-04T14:48:47","guid":{"rendered":"https:\/\/lazaro.mg\/?post_type=product&#038;p=5058"},"modified":"2025-10-22T20:47:59","modified_gmt":"2025-10-22T17:47:59","slug":"clous-de-girofle-madagascar-cuisine-et-pharmacopee","status":"publish","type":"product","link":"https:\/\/lazaro.mg\/en\/nos-produits\/epices-condiments\/clous-de-girofle-madagascar-cuisine-et-pharmacopee\/","title":{"rendered":"Madagascar Cloves \u2013 Culinary and Medicinal Treasure"},"content":{"rendered":"","protected":false},"excerpt":{"rendered":"<span class=\"subtitle subtitle-block subtitle-above subtitle-left use-body-font\">Cloves \u2013 The Queen Spice of the Indian Ocean<\/span>\r\n<span style=\"font-weight: 400;\">Madagascar is the world\u2019s second-largest producer of cloves, renowned for their intense fragrance and warm flavor with woody and camphor notes. Hand-picked in October before the flower buds open, the cloves are then sun-dried and carefully sorted to retain only premium quality buds. An essential spice in gourmet cuisine, fine charcuterie, and pastry, cloves are also highly valued in phytotherapy, pharmaceuticals, and perfumery for their antioxidant and antiseptic properties.<\/span>","protected":false},"featured_media":4943,"template":"","meta":{"_acf_changed":false},"product_brand":[],"product_cat":[49],"product_tag":[],"class_list":{"0":"post-5058","1":"product","2":"type-product","3":"status-publish","4":"has-post-thumbnail","6":"product_cat-epices-condiments","8":"first","9":"instock","10":"shipping-taxable","11":"product-type-simple"},"acf":[],"yoast_head":"<!-- This site is optimized with the Yoast SEO plugin v26.8 - https:\/\/yoast.com\/product\/yoast-seo-wordpress\/ -->\n<title>Clous de girofle Madagascar \u2013 Cuisine et pharmacop\u00e9e - Company Lazaro<\/title>\n<meta name=\"robots\" content=\"index, follow, max-snippet:-1, max-image-preview:large, max-video-preview:-1\" \/>\n<link rel=\"canonical\" href=\"https:\/\/lazaro.mg\/en\/nos-produits\/epices-condiments\/clous-de-girofle-madagascar-cuisine-et-pharmacopee\/\" \/>\n<meta property=\"og:locale\" content=\"en_US\" \/>\n<meta property=\"og:type\" content=\"article\" \/>\n<meta property=\"og:title\" content=\"Clous de girofle Madagascar \u2013 Cuisine et pharmacop\u00e9e - Company Lazaro\" \/>\n<meta property=\"og:description\" content=\"Clous de girofle \u2013 \u00e9pice reine de l\u2019oc\u00e9an Indien Madagascar est le deuxi\u00e8me producteur mondial de clous de girofle qui sont r\u00e9put\u00e9s pour leur parfum intense et leur saveur chaude avec des notes de bois et de camphre. Cueillis \u00e0 la main courant du mois d\u2019octobre avant l\u2019\u00e9closion, les boutons floraux sont ensuite s\u00e9ch\u00e9s puis tri\u00e9s pour ne retenir que les clous de haute qualit\u00e9. \u00c9pice incontournable en cuisine gastronomique, p\u00e2tisserie, charcuterie fine, le clou de girofle est aussi pris\u00e9 en phytoth\u00e9rapie, industrie pharmaceutique et parfumerie pour ses propri\u00e9t\u00e9s antioxydantes et antiseptiques.\" \/>\n<meta property=\"og:url\" content=\"https:\/\/lazaro.mg\/en\/nos-produits\/epices-condiments\/clous-de-girofle-madagascar-cuisine-et-pharmacopee\/\" \/>\n<meta property=\"og:site_name\" content=\"Company Lazaro\" \/>\n<meta property=\"article:modified_time\" content=\"2025-10-22T17:47:59+00:00\" \/>\n<meta property=\"og:image\" content=\"https:\/\/lazaro.mg\/wp-content\/uploads\/2025\/10\/Lazaro-Girofle-Madagascar-1-1024x1024.png\" \/>\n\t<meta property=\"og:image:width\" content=\"1024\" \/>\n\t<meta property=\"og:image:height\" content=\"1024\" \/>\n\t<meta property=\"og:image:type\" content=\"image\/png\" \/>\n<meta name=\"twitter:card\" content=\"summary_large_image\" \/>\n<script type=\"application\/ld+json\" class=\"yoast-schema-graph\">{\"@context\":\"https:\/\/schema.org\",\"@graph\":[{\"@type\":\"WebPage\",\"@id\":\"https:\/\/lazaro.mg\/en\/nos-produits\/epices-condiments\/clous-de-girofle-madagascar-cuisine-et-pharmacopee\/\",\"url\":\"https:\/\/lazaro.mg\/en\/nos-produits\/epices-condiments\/clous-de-girofle-madagascar-cuisine-et-pharmacopee\/\",\"name\":\"Clous de girofle Madagascar \u2013 Cuisine et pharmacop\u00e9e - Company Lazaro\",\"isPartOf\":{\"@id\":\"https:\/\/lazaro.mg\/#website\"},\"primaryImageOfPage\":{\"@id\":\"https:\/\/lazaro.mg\/en\/nos-produits\/epices-condiments\/clous-de-girofle-madagascar-cuisine-et-pharmacopee\/#primaryimage\"},\"image\":{\"@id\":\"https:\/\/lazaro.mg\/en\/nos-produits\/epices-condiments\/clous-de-girofle-madagascar-cuisine-et-pharmacopee\/#primaryimage\"},\"thumbnailUrl\":\"https:\/\/lazaro.mg\/wp-content\/uploads\/2025\/10\/Lazaro-Girofle-Madagascar-1.png\",\"datePublished\":\"2025-10-04T14:48:47+00:00\",\"dateModified\":\"2025-10-22T17:47:59+00:00\",\"breadcrumb\":{\"@id\":\"https:\/\/lazaro.mg\/en\/nos-produits\/epices-condiments\/clous-de-girofle-madagascar-cuisine-et-pharmacopee\/#breadcrumb\"},\"inLanguage\":\"en-US\",\"potentialAction\":[{\"@type\":\"ReadAction\",\"target\":[\"https:\/\/lazaro.mg\/en\/nos-produits\/epices-condiments\/clous-de-girofle-madagascar-cuisine-et-pharmacopee\/\"]}]},{\"@type\":\"ImageObject\",\"inLanguage\":\"en-US\",\"@id\":\"https:\/\/lazaro.mg\/en\/nos-produits\/epices-condiments\/clous-de-girofle-madagascar-cuisine-et-pharmacopee\/#primaryimage\",\"url\":\"https:\/\/lazaro.mg\/wp-content\/uploads\/2025\/10\/Lazaro-Girofle-Madagascar-1.png\",\"contentUrl\":\"https:\/\/lazaro.mg\/wp-content\/uploads\/2025\/10\/Lazaro-Girofle-Madagascar-1.png\",\"width\":2308,\"height\":2308},{\"@type\":\"BreadcrumbList\",\"@id\":\"https:\/\/lazaro.mg\/en\/nos-produits\/epices-condiments\/clous-de-girofle-madagascar-cuisine-et-pharmacopee\/#breadcrumb\",\"itemListElement\":[{\"@type\":\"ListItem\",\"position\":1,\"name\":\"Accueil\",\"item\":\"https:\/\/lazaro.mg\/\"},{\"@type\":\"ListItem\",\"position\":2,\"name\":\"Nos produits\",\"item\":\"https:\/\/lazaro.mg\/nos-produits\/\"},{\"@type\":\"ListItem\",\"position\":3,\"name\":\"Clous de girofle Madagascar \u2013 Cuisine et pharmacop\u00e9e\"}]},{\"@type\":\"WebSite\",\"@id\":\"https:\/\/lazaro.mg\/#website\",\"url\":\"https:\/\/lazaro.mg\/\",\"name\":\"Company Lazaro\",\"description\":\"Lazaro\",\"publisher\":{\"@id\":\"https:\/\/lazaro.mg\/#organization\"},\"potentialAction\":[{\"@type\":\"SearchAction\",\"target\":{\"@type\":\"EntryPoint\",\"urlTemplate\":\"https:\/\/lazaro.mg\/?s={search_term_string}\"},\"query-input\":{\"@type\":\"PropertyValueSpecification\",\"valueRequired\":true,\"valueName\":\"search_term_string\"}}],\"inLanguage\":\"en-US\"},{\"@type\":\"Organization\",\"@id\":\"https:\/\/lazaro.mg\/#organization\",\"name\":\"Company Lazaro\",\"url\":\"https:\/\/lazaro.mg\/\",\"logo\":{\"@type\":\"ImageObject\",\"inLanguage\":\"en-US\",\"@id\":\"https:\/\/lazaro.mg\/#\/schema\/logo\/image\/\",\"url\":\"https:\/\/lazaro.mg\/wp-content\/uploads\/2025\/09\/cropped-Lazaro-logo-referencement-1.png\",\"contentUrl\":\"https:\/\/lazaro.mg\/wp-content\/uploads\/2025\/09\/cropped-Lazaro-logo-referencement-1.png\",\"width\":512,\"height\":511,\"caption\":\"Company Lazaro\"},\"image\":{\"@id\":\"https:\/\/lazaro.mg\/#\/schema\/logo\/image\/\"}}]}<\/script>\n<!-- \/ Yoast SEO plugin. -->","yoast_head_json":{"title":"Clous de girofle Madagascar \u2013 Cuisine et pharmacop\u00e9e - Company Lazaro","robots":{"index":"index","follow":"follow","max-snippet":"max-snippet:-1","max-image-preview":"max-image-preview:large","max-video-preview":"max-video-preview:-1"},"canonical":"https:\/\/lazaro.mg\/en\/nos-produits\/epices-condiments\/clous-de-girofle-madagascar-cuisine-et-pharmacopee\/","og_locale":"en_US","og_type":"article","og_title":"Clous de girofle Madagascar \u2013 Cuisine et pharmacop\u00e9e - Company Lazaro","og_description":"Clous de girofle \u2013 \u00e9pice reine de l\u2019oc\u00e9an Indien Madagascar est le deuxi\u00e8me producteur mondial de clous de girofle qui sont r\u00e9put\u00e9s pour leur parfum intense et leur saveur chaude avec des notes de bois et de camphre. Cueillis \u00e0 la main courant du mois d\u2019octobre avant l\u2019\u00e9closion, les boutons floraux sont ensuite s\u00e9ch\u00e9s puis tri\u00e9s pour ne retenir que les clous de haute qualit\u00e9. \u00c9pice incontournable en cuisine gastronomique, p\u00e2tisserie, charcuterie fine, le clou de girofle est aussi pris\u00e9 en phytoth\u00e9rapie, industrie pharmaceutique et parfumerie pour ses propri\u00e9t\u00e9s antioxydantes et antiseptiques.","og_url":"https:\/\/lazaro.mg\/en\/nos-produits\/epices-condiments\/clous-de-girofle-madagascar-cuisine-et-pharmacopee\/","og_site_name":"Company Lazaro","article_modified_time":"2025-10-22T17:47:59+00:00","og_image":[{"width":1024,"height":1024,"url":"https:\/\/lazaro.mg\/wp-content\/uploads\/2025\/10\/Lazaro-Girofle-Madagascar-1-1024x1024.png","type":"image\/png"}],"twitter_card":"summary_large_image","schema":{"@context":"https:\/\/schema.org","@graph":[{"@type":"WebPage","@id":"https:\/\/lazaro.mg\/en\/nos-produits\/epices-condiments\/clous-de-girofle-madagascar-cuisine-et-pharmacopee\/","url":"https:\/\/lazaro.mg\/en\/nos-produits\/epices-condiments\/clous-de-girofle-madagascar-cuisine-et-pharmacopee\/","name":"Clous de girofle Madagascar \u2013 Cuisine et pharmacop\u00e9e - Company Lazaro","isPartOf":{"@id":"https:\/\/lazaro.mg\/#website"},"primaryImageOfPage":{"@id":"https:\/\/lazaro.mg\/en\/nos-produits\/epices-condiments\/clous-de-girofle-madagascar-cuisine-et-pharmacopee\/#primaryimage"},"image":{"@id":"https:\/\/lazaro.mg\/en\/nos-produits\/epices-condiments\/clous-de-girofle-madagascar-cuisine-et-pharmacopee\/#primaryimage"},"thumbnailUrl":"https:\/\/lazaro.mg\/wp-content\/uploads\/2025\/10\/Lazaro-Girofle-Madagascar-1.png","datePublished":"2025-10-04T14:48:47+00:00","dateModified":"2025-10-22T17:47:59+00:00","breadcrumb":{"@id":"https:\/\/lazaro.mg\/en\/nos-produits\/epices-condiments\/clous-de-girofle-madagascar-cuisine-et-pharmacopee\/#breadcrumb"},"inLanguage":"en-US","potentialAction":[{"@type":"ReadAction","target":["https:\/\/lazaro.mg\/en\/nos-produits\/epices-condiments\/clous-de-girofle-madagascar-cuisine-et-pharmacopee\/"]}]},{"@type":"ImageObject","inLanguage":"en-US","@id":"https:\/\/lazaro.mg\/en\/nos-produits\/epices-condiments\/clous-de-girofle-madagascar-cuisine-et-pharmacopee\/#primaryimage","url":"https:\/\/lazaro.mg\/wp-content\/uploads\/2025\/10\/Lazaro-Girofle-Madagascar-1.png","contentUrl":"https:\/\/lazaro.mg\/wp-content\/uploads\/2025\/10\/Lazaro-Girofle-Madagascar-1.png","width":2308,"height":2308},{"@type":"BreadcrumbList","@id":"https:\/\/lazaro.mg\/en\/nos-produits\/epices-condiments\/clous-de-girofle-madagascar-cuisine-et-pharmacopee\/#breadcrumb","itemListElement":[{"@type":"ListItem","position":1,"name":"Accueil","item":"https:\/\/lazaro.mg\/"},{"@type":"ListItem","position":2,"name":"Nos produits","item":"https:\/\/lazaro.mg\/nos-produits\/"},{"@type":"ListItem","position":3,"name":"Clous de girofle Madagascar \u2013 Cuisine et pharmacop\u00e9e"}]},{"@type":"WebSite","@id":"https:\/\/lazaro.mg\/#website","url":"https:\/\/lazaro.mg\/","name":"Company Lazaro","description":"Lazaro","publisher":{"@id":"https:\/\/lazaro.mg\/#organization"},"potentialAction":[{"@type":"SearchAction","target":{"@type":"EntryPoint","urlTemplate":"https:\/\/lazaro.mg\/?s={search_term_string}"},"query-input":{"@type":"PropertyValueSpecification","valueRequired":true,"valueName":"search_term_string"}}],"inLanguage":"en-US"},{"@type":"Organization","@id":"https:\/\/lazaro.mg\/#organization","name":"Company Lazaro","url":"https:\/\/lazaro.mg\/","logo":{"@type":"ImageObject","inLanguage":"en-US","@id":"https:\/\/lazaro.mg\/#\/schema\/logo\/image\/","url":"https:\/\/lazaro.mg\/wp-content\/uploads\/2025\/09\/cropped-Lazaro-logo-referencement-1.png","contentUrl":"https:\/\/lazaro.mg\/wp-content\/uploads\/2025\/09\/cropped-Lazaro-logo-referencement-1.png","width":512,"height":511,"caption":"Company Lazaro"},"image":{"@id":"https:\/\/lazaro.mg\/#\/schema\/logo\/image\/"}}]}},"_links":{"self":[{"href":"https:\/\/lazaro.mg\/en\/wp-json\/wp\/v2\/product\/5058","targetHints":{"allow":["GET"]}}],"collection":[{"href":"https:\/\/lazaro.mg\/en\/wp-json\/wp\/v2\/product"}],"about":[{"href":"https:\/\/lazaro.mg\/en\/wp-json\/wp\/v2\/types\/product"}],"wp:featuredmedia":[{"embeddable":true,"href":"https:\/\/lazaro.mg\/en\/wp-json\/wp\/v2\/media\/4943"}],"wp:attachment":[{"href":"https:\/\/lazaro.mg\/en\/wp-json\/wp\/v2\/media?parent=5058"}],"wp:term":[{"taxonomy":"product_brand","embeddable":true,"href":"https:\/\/lazaro.mg\/en\/wp-json\/wp\/v2\/product_brand?post=5058"},{"taxonomy":"product_cat","embeddable":true,"href":"https:\/\/lazaro.mg\/en\/wp-json\/wp\/v2\/product_cat?post=5058"},{"taxonomy":"product_tag","embeddable":true,"href":"https:\/\/lazaro.mg\/en\/wp-json\/wp\/v2\/product_tag?post=5058"}],"curies":[{"name":"wp","href":"https:\/\/api.w.org\/{rel}","templated":true}]}}