{"id":5059,"date":"2025-10-04T08:22:38","date_gmt":"2025-10-04T05:22:38","guid":{"rendered":"https:\/\/lazaro.mg\/?post_type=product&#038;p=5059"},"modified":"2025-10-22T21:08:04","modified_gmt":"2025-10-22T18:08:04","slug":"noix-de-cajou-de-madagascar-croquantes-et-savoureuses","status":"publish","type":"product","link":"https:\/\/lazaro.mg\/en\/nos-produits\/epices-condiments\/noix-de-cajou-de-madagascar-croquantes-et-savoureuses\/","title":{"rendered":"Madagascar Cashew Nuts \u2013 Crunchy and Flavorful"},"content":{"rendered":"","protected":false},"excerpt":{"rendered":"<span class=\"subtitle subtitle-block subtitle-above subtitle-left use-body-font\">Cashew Nuts \u2013 Pure and Natural Taste<\/span>\r\n<span style=\"font-weight: 400;\">Grown using agroforestry and hand-harvested on the northwestern coast of Madagascar, our premium cashew nuts are distinguished by their delicate crunch and sweet, nutty flavor.<\/span>\r\n<span style=\"font-weight: 400;\">Carefully shelled and sun-dried to preserve nutrients and freshness, they are naturally rich in plant proteins, magnesium, and healthy fats. Perfect for gastronomy, pastries, chocolate making, snacks, vegan cuisine, and the food industry.<\/span>","protected":false},"featured_media":4953,"template":"","meta":{"_acf_changed":false},"product_brand":[],"product_cat":[49],"product_tag":[],"class_list":{"0":"post-5059","1":"product","2":"type-product","3":"status-publish","4":"has-post-thumbnail","6":"product_cat-epices-condiments","8":"first","9":"instock","10":"shipping-taxable","11":"product-type-simple"},"acf":[],"yoast_head":"<!-- This site is optimized with the Yoast SEO plugin v26.8 - https:\/\/yoast.com\/product\/yoast-seo-wordpress\/ -->\n<title>Noix de cajou de Madagascar \u2013 Croquantes et savoureuses - Company Lazaro<\/title>\n<meta name=\"robots\" content=\"index, follow, max-snippet:-1, max-image-preview:large, max-video-preview:-1\" \/>\n<link rel=\"canonical\" href=\"https:\/\/lazaro.mg\/en\/nos-produits\/epices-condiments\/noix-de-cajou-de-madagascar-croquantes-et-savoureuses\/\" \/>\n<meta property=\"og:locale\" content=\"en_US\" \/>\n<meta property=\"og:type\" content=\"article\" \/>\n<meta property=\"og:title\" content=\"Noix de cajou de Madagascar \u2013 Croquantes et savoureuses - Company Lazaro\" \/>\n<meta property=\"og:description\" content=\"Noix de cajou \u2013 Un go\u00fbt pur et naturel Cultiv\u00e9es en agroforesterie et r\u00e9colt\u00e9es \u00e0 la main sur la c\u00f4te nord-ouest de Madagascar, nos noix de cajou premium se distinguent par leur croquant d\u00e9licat et leur douce saveur de noisette. Elles sont soigneusement d\u00e9cortiqu\u00e9es et s\u00e9ch\u00e9es au soleil pour pr\u00e9server leurs nutriments et leur fra\u00eecheur. Naturellement riches en prot\u00e9ines v\u00e9g\u00e9tales, magn\u00e9sium et bons lipides, elles sont parfaites pour la gastronomie, la p\u00e2tisserie, la chocolaterie, les snacks, la cuisine vegan et l\u2019industrie agroalimentaire.\" \/>\n<meta property=\"og:url\" content=\"https:\/\/lazaro.mg\/en\/nos-produits\/epices-condiments\/noix-de-cajou-de-madagascar-croquantes-et-savoureuses\/\" \/>\n<meta property=\"og:site_name\" content=\"Company Lazaro\" \/>\n<meta property=\"article:modified_time\" content=\"2025-10-22T18:08:04+00:00\" \/>\n<meta property=\"og:image\" content=\"https:\/\/lazaro.mg\/wp-content\/uploads\/2025\/10\/Lazaro-Noix-de-cajou-Madagascar-2-1024x1024.png\" \/>\n\t<meta property=\"og:image:width\" content=\"1024\" \/>\n\t<meta property=\"og:image:height\" content=\"1024\" \/>\n\t<meta property=\"og:image:type\" content=\"image\/png\" \/>\n<meta name=\"twitter:card\" content=\"summary_large_image\" \/>\n<script type=\"application\/ld+json\" class=\"yoast-schema-graph\">{\"@context\":\"https:\/\/schema.org\",\"@graph\":[{\"@type\":\"WebPage\",\"@id\":\"https:\/\/lazaro.mg\/nos-produits\/epices-condiments\/noix-de-cajou-de-madagascar-croquantes-et-savoureuses\/\",\"url\":\"https:\/\/lazaro.mg\/nos-produits\/epices-condiments\/noix-de-cajou-de-madagascar-croquantes-et-savoureuses\/\",\"name\":\"Noix de cajou de Madagascar \u2013 Croquantes et savoureuses - Company Lazaro\",\"isPartOf\":{\"@id\":\"https:\/\/lazaro.mg\/#website\"},\"primaryImageOfPage\":{\"@id\":\"https:\/\/lazaro.mg\/nos-produits\/epices-condiments\/noix-de-cajou-de-madagascar-croquantes-et-savoureuses\/#primaryimage\"},\"image\":{\"@id\":\"https:\/\/lazaro.mg\/nos-produits\/epices-condiments\/noix-de-cajou-de-madagascar-croquantes-et-savoureuses\/#primaryimage\"},\"thumbnailUrl\":\"https:\/\/lazaro.mg\/wp-content\/uploads\/2025\/10\/Lazaro-Noix-de-cajou-Madagascar-2.png\",\"datePublished\":\"2025-10-04T05:22:38+00:00\",\"dateModified\":\"2025-10-22T18:08:04+00:00\",\"breadcrumb\":{\"@id\":\"https:\/\/lazaro.mg\/nos-produits\/epices-condiments\/noix-de-cajou-de-madagascar-croquantes-et-savoureuses\/#breadcrumb\"},\"inLanguage\":\"en-US\",\"potentialAction\":[{\"@type\":\"ReadAction\",\"target\":[\"https:\/\/lazaro.mg\/nos-produits\/epices-condiments\/noix-de-cajou-de-madagascar-croquantes-et-savoureuses\/\"]}]},{\"@type\":\"ImageObject\",\"inLanguage\":\"en-US\",\"@id\":\"https:\/\/lazaro.mg\/nos-produits\/epices-condiments\/noix-de-cajou-de-madagascar-croquantes-et-savoureuses\/#primaryimage\",\"url\":\"https:\/\/lazaro.mg\/wp-content\/uploads\/2025\/10\/Lazaro-Noix-de-cajou-Madagascar-2.png\",\"contentUrl\":\"https:\/\/lazaro.mg\/wp-content\/uploads\/2025\/10\/Lazaro-Noix-de-cajou-Madagascar-2.png\",\"width\":2308,\"height\":2308},{\"@type\":\"BreadcrumbList\",\"@id\":\"https:\/\/lazaro.mg\/nos-produits\/epices-condiments\/noix-de-cajou-de-madagascar-croquantes-et-savoureuses\/#breadcrumb\",\"itemListElement\":[{\"@type\":\"ListItem\",\"position\":1,\"name\":\"Accueil\",\"item\":\"https:\/\/lazaro.mg\/\"},{\"@type\":\"ListItem\",\"position\":2,\"name\":\"Nos produits\",\"item\":\"https:\/\/lazaro.mg\/nos-produits\/\"},{\"@type\":\"ListItem\",\"position\":3,\"name\":\"Noix de cajou de Madagascar \u2013 Croquantes et savoureuses\"}]},{\"@type\":\"WebSite\",\"@id\":\"https:\/\/lazaro.mg\/#website\",\"url\":\"https:\/\/lazaro.mg\/\",\"name\":\"Company Lazaro\",\"description\":\"Lazaro\",\"publisher\":{\"@id\":\"https:\/\/lazaro.mg\/#organization\"},\"potentialAction\":[{\"@type\":\"SearchAction\",\"target\":{\"@type\":\"EntryPoint\",\"urlTemplate\":\"https:\/\/lazaro.mg\/?s={search_term_string}\"},\"query-input\":{\"@type\":\"PropertyValueSpecification\",\"valueRequired\":true,\"valueName\":\"search_term_string\"}}],\"inLanguage\":\"en-US\"},{\"@type\":\"Organization\",\"@id\":\"https:\/\/lazaro.mg\/#organization\",\"name\":\"Company Lazaro\",\"url\":\"https:\/\/lazaro.mg\/\",\"logo\":{\"@type\":\"ImageObject\",\"inLanguage\":\"en-US\",\"@id\":\"https:\/\/lazaro.mg\/#\/schema\/logo\/image\/\",\"url\":\"https:\/\/lazaro.mg\/wp-content\/uploads\/2025\/09\/cropped-Lazaro-logo-referencement-1.png\",\"contentUrl\":\"https:\/\/lazaro.mg\/wp-content\/uploads\/2025\/09\/cropped-Lazaro-logo-referencement-1.png\",\"width\":512,\"height\":511,\"caption\":\"Company Lazaro\"},\"image\":{\"@id\":\"https:\/\/lazaro.mg\/#\/schema\/logo\/image\/\"}}]}<\/script>\n<!-- \/ Yoast SEO plugin. -->","yoast_head_json":{"title":"Noix de cajou de Madagascar \u2013 Croquantes et savoureuses - Company Lazaro","robots":{"index":"index","follow":"follow","max-snippet":"max-snippet:-1","max-image-preview":"max-image-preview:large","max-video-preview":"max-video-preview:-1"},"canonical":"https:\/\/lazaro.mg\/en\/nos-produits\/epices-condiments\/noix-de-cajou-de-madagascar-croquantes-et-savoureuses\/","og_locale":"en_US","og_type":"article","og_title":"Noix de cajou de Madagascar \u2013 Croquantes et savoureuses - Company Lazaro","og_description":"Noix de cajou \u2013 Un go\u00fbt pur et naturel Cultiv\u00e9es en agroforesterie et r\u00e9colt\u00e9es \u00e0 la main sur la c\u00f4te nord-ouest de Madagascar, nos noix de cajou premium se distinguent par leur croquant d\u00e9licat et leur douce saveur de noisette. Elles sont soigneusement d\u00e9cortiqu\u00e9es et s\u00e9ch\u00e9es au soleil pour pr\u00e9server leurs nutriments et leur fra\u00eecheur. Naturellement riches en prot\u00e9ines v\u00e9g\u00e9tales, magn\u00e9sium et bons lipides, elles sont parfaites pour la gastronomie, la p\u00e2tisserie, la chocolaterie, les snacks, la cuisine vegan et l\u2019industrie agroalimentaire.","og_url":"https:\/\/lazaro.mg\/en\/nos-produits\/epices-condiments\/noix-de-cajou-de-madagascar-croquantes-et-savoureuses\/","og_site_name":"Company Lazaro","article_modified_time":"2025-10-22T18:08:04+00:00","og_image":[{"width":1024,"height":1024,"url":"https:\/\/lazaro.mg\/wp-content\/uploads\/2025\/10\/Lazaro-Noix-de-cajou-Madagascar-2-1024x1024.png","type":"image\/png"}],"twitter_card":"summary_large_image","schema":{"@context":"https:\/\/schema.org","@graph":[{"@type":"WebPage","@id":"https:\/\/lazaro.mg\/nos-produits\/epices-condiments\/noix-de-cajou-de-madagascar-croquantes-et-savoureuses\/","url":"https:\/\/lazaro.mg\/nos-produits\/epices-condiments\/noix-de-cajou-de-madagascar-croquantes-et-savoureuses\/","name":"Noix de cajou de Madagascar \u2013 Croquantes et savoureuses - Company Lazaro","isPartOf":{"@id":"https:\/\/lazaro.mg\/#website"},"primaryImageOfPage":{"@id":"https:\/\/lazaro.mg\/nos-produits\/epices-condiments\/noix-de-cajou-de-madagascar-croquantes-et-savoureuses\/#primaryimage"},"image":{"@id":"https:\/\/lazaro.mg\/nos-produits\/epices-condiments\/noix-de-cajou-de-madagascar-croquantes-et-savoureuses\/#primaryimage"},"thumbnailUrl":"https:\/\/lazaro.mg\/wp-content\/uploads\/2025\/10\/Lazaro-Noix-de-cajou-Madagascar-2.png","datePublished":"2025-10-04T05:22:38+00:00","dateModified":"2025-10-22T18:08:04+00:00","breadcrumb":{"@id":"https:\/\/lazaro.mg\/nos-produits\/epices-condiments\/noix-de-cajou-de-madagascar-croquantes-et-savoureuses\/#breadcrumb"},"inLanguage":"en-US","potentialAction":[{"@type":"ReadAction","target":["https:\/\/lazaro.mg\/nos-produits\/epices-condiments\/noix-de-cajou-de-madagascar-croquantes-et-savoureuses\/"]}]},{"@type":"ImageObject","inLanguage":"en-US","@id":"https:\/\/lazaro.mg\/nos-produits\/epices-condiments\/noix-de-cajou-de-madagascar-croquantes-et-savoureuses\/#primaryimage","url":"https:\/\/lazaro.mg\/wp-content\/uploads\/2025\/10\/Lazaro-Noix-de-cajou-Madagascar-2.png","contentUrl":"https:\/\/lazaro.mg\/wp-content\/uploads\/2025\/10\/Lazaro-Noix-de-cajou-Madagascar-2.png","width":2308,"height":2308},{"@type":"BreadcrumbList","@id":"https:\/\/lazaro.mg\/nos-produits\/epices-condiments\/noix-de-cajou-de-madagascar-croquantes-et-savoureuses\/#breadcrumb","itemListElement":[{"@type":"ListItem","position":1,"name":"Accueil","item":"https:\/\/lazaro.mg\/"},{"@type":"ListItem","position":2,"name":"Nos produits","item":"https:\/\/lazaro.mg\/nos-produits\/"},{"@type":"ListItem","position":3,"name":"Noix de cajou de Madagascar \u2013 Croquantes et savoureuses"}]},{"@type":"WebSite","@id":"https:\/\/lazaro.mg\/#website","url":"https:\/\/lazaro.mg\/","name":"Company Lazaro","description":"Lazaro","publisher":{"@id":"https:\/\/lazaro.mg\/#organization"},"potentialAction":[{"@type":"SearchAction","target":{"@type":"EntryPoint","urlTemplate":"https:\/\/lazaro.mg\/?s={search_term_string}"},"query-input":{"@type":"PropertyValueSpecification","valueRequired":true,"valueName":"search_term_string"}}],"inLanguage":"en-US"},{"@type":"Organization","@id":"https:\/\/lazaro.mg\/#organization","name":"Company Lazaro","url":"https:\/\/lazaro.mg\/","logo":{"@type":"ImageObject","inLanguage":"en-US","@id":"https:\/\/lazaro.mg\/#\/schema\/logo\/image\/","url":"https:\/\/lazaro.mg\/wp-content\/uploads\/2025\/09\/cropped-Lazaro-logo-referencement-1.png","contentUrl":"https:\/\/lazaro.mg\/wp-content\/uploads\/2025\/09\/cropped-Lazaro-logo-referencement-1.png","width":512,"height":511,"caption":"Company Lazaro"},"image":{"@id":"https:\/\/lazaro.mg\/#\/schema\/logo\/image\/"}}]}},"_links":{"self":[{"href":"https:\/\/lazaro.mg\/en\/wp-json\/wp\/v2\/product\/5059","targetHints":{"allow":["GET"]}}],"collection":[{"href":"https:\/\/lazaro.mg\/en\/wp-json\/wp\/v2\/product"}],"about":[{"href":"https:\/\/lazaro.mg\/en\/wp-json\/wp\/v2\/types\/product"}],"wp:featuredmedia":[{"embeddable":true,"href":"https:\/\/lazaro.mg\/en\/wp-json\/wp\/v2\/media\/4953"}],"wp:attachment":[{"href":"https:\/\/lazaro.mg\/en\/wp-json\/wp\/v2\/media?parent=5059"}],"wp:term":[{"taxonomy":"product_brand","embeddable":true,"href":"https:\/\/lazaro.mg\/en\/wp-json\/wp\/v2\/product_brand?post=5059"},{"taxonomy":"product_cat","embeddable":true,"href":"https:\/\/lazaro.mg\/en\/wp-json\/wp\/v2\/product_cat?post=5059"},{"taxonomy":"product_tag","embeddable":true,"href":"https:\/\/lazaro.mg\/en\/wp-json\/wp\/v2\/product_tag?post=5059"}],"curies":[{"name":"wp","href":"https:\/\/api.w.org\/{rel}","templated":true}]}}