{"id":5062,"date":"2025-10-04T16:43:08","date_gmt":"2025-10-04T13:43:08","guid":{"rendered":"https:\/\/lazaro.mg\/?post_type=product&#038;p=5062"},"modified":"2025-10-24T22:47:51","modified_gmt":"2025-10-24T19:47:51","slug":"poivre-noir-de-madagascar-saveur-intense-et-piquante","status":"publish","type":"product","link":"https:\/\/lazaro.mg\/en\/nos-produits\/epices-condiments\/poivre-noir-de-madagascar-saveur-intense-et-piquante\/","title":{"rendered":"Madagascar Black Pepper \u2013 Intense and Spicy Flavor"},"content":{"rendered":"","protected":false},"excerpt":{"rendered":"<span class=\"subtitle subtitle-block subtitle-above subtitle-left use-body-font\">Black Pepper \u2013 An Essential Spice<\/span>\r\n<span style=\"font-weight: 400;\">Madagascar black pepper is renowned for its powerful aroma, balanced heat, and woody flavor. Grown using traditional and sustainable methods, it thrives in agroforestry under the shade of large trees, promoting biodiversity. Benefiting from volcanic soils and an ideal tropical climate, it develops a rich aromatic profile. Harvested at full maturity and naturally sun-dried, it preserves all its aromatic compounds and harmonious spiciness. Highly appreciated by gourmet chefs and flavor artisans worldwide.<\/span>","protected":false},"featured_media":5213,"template":"","meta":{"_acf_changed":false},"product_brand":[],"product_cat":[49],"product_tag":[],"class_list":{"0":"post-5062","1":"product","2":"type-product","3":"status-publish","4":"has-post-thumbnail","6":"product_cat-epices-condiments","8":"first","9":"instock","10":"shipping-taxable","11":"product-type-simple"},"acf":[],"yoast_head":"<!-- This site is optimized with the Yoast SEO plugin v26.8 - https:\/\/yoast.com\/product\/yoast-seo-wordpress\/ -->\n<title>Poivre noir de Madagascar \u2013 Saveur intense et piquante - Company Lazaro<\/title>\n<meta name=\"robots\" content=\"index, follow, max-snippet:-1, max-image-preview:large, max-video-preview:-1\" \/>\n<link rel=\"canonical\" href=\"https:\/\/lazaro.mg\/en\/nos-produits\/epices-condiments\/poivre-noir-de-madagascar-saveur-intense-et-piquante\/\" \/>\n<meta property=\"og:locale\" content=\"en_US\" \/>\n<meta property=\"og:type\" content=\"article\" \/>\n<meta property=\"og:title\" content=\"Poivre noir de Madagascar \u2013 Saveur intense et piquante - Company Lazaro\" \/>\n<meta property=\"og:description\" content=\"Poivre noir \u2013 Une \u00e9pice incontournable Le poivre noir de Madagascar est reconnu pour son ar\u00f4me puissant, sa chaleur \u00e9quilibr\u00e9e et sa saveur bois\u00e9e. Issu d\u2019une culture traditionnelle et durable, il pousse en agroforesterie, \u00e0 l\u2019ombre des grands arbres, favorisant la biodiversit\u00e9. Il b\u00e9n\u00e9ficie d\u2019un terroir volcanique et d\u2019un climat tropical id\u00e9al pour le d\u00e9veloppement de ses ar\u00f4mes. R\u00e9colt\u00e9 \u00e0 pleine maturit\u00e9, s\u00e9ch\u00e9 naturellement au soleil, il conserve tous ses compos\u00e9s aromatiques et son piquant harmonieux. Il est tr\u00e8s appr\u00e9ci\u00e9 des chefs gastronomes et des artisans du go\u00fbt \u00e0 travers le monde.\" \/>\n<meta property=\"og:url\" content=\"https:\/\/lazaro.mg\/en\/nos-produits\/epices-condiments\/poivre-noir-de-madagascar-saveur-intense-et-piquante\/\" \/>\n<meta property=\"og:site_name\" content=\"Company Lazaro\" \/>\n<meta property=\"article:modified_time\" content=\"2025-10-24T19:47:51+00:00\" \/>\n<meta property=\"og:image\" content=\"https:\/\/lazaro.mg\/wp-content\/uploads\/2025\/10\/Lazaro-poivre-noir-min-1024x1024.png\" \/>\n\t<meta property=\"og:image:width\" content=\"1024\" \/>\n\t<meta property=\"og:image:height\" content=\"1024\" \/>\n\t<meta property=\"og:image:type\" content=\"image\/png\" \/>\n<meta name=\"twitter:card\" content=\"summary_large_image\" \/>\n<script type=\"application\/ld+json\" class=\"yoast-schema-graph\">{\"@context\":\"https:\/\/schema.org\",\"@graph\":[{\"@type\":\"WebPage\",\"@id\":\"https:\/\/lazaro.mg\/nos-produits\/epices-condiments\/poivre-noir-de-madagascar-saveur-intense-et-piquante\/\",\"url\":\"https:\/\/lazaro.mg\/nos-produits\/epices-condiments\/poivre-noir-de-madagascar-saveur-intense-et-piquante\/\",\"name\":\"Poivre noir de Madagascar \u2013 Saveur intense et piquante - Company Lazaro\",\"isPartOf\":{\"@id\":\"https:\/\/lazaro.mg\/#website\"},\"primaryImageOfPage\":{\"@id\":\"https:\/\/lazaro.mg\/nos-produits\/epices-condiments\/poivre-noir-de-madagascar-saveur-intense-et-piquante\/#primaryimage\"},\"image\":{\"@id\":\"https:\/\/lazaro.mg\/nos-produits\/epices-condiments\/poivre-noir-de-madagascar-saveur-intense-et-piquante\/#primaryimage\"},\"thumbnailUrl\":\"https:\/\/lazaro.mg\/wp-content\/uploads\/2025\/10\/Lazaro-poivre-noir-min.png\",\"datePublished\":\"2025-10-04T13:43:08+00:00\",\"dateModified\":\"2025-10-24T19:47:51+00:00\",\"breadcrumb\":{\"@id\":\"https:\/\/lazaro.mg\/nos-produits\/epices-condiments\/poivre-noir-de-madagascar-saveur-intense-et-piquante\/#breadcrumb\"},\"inLanguage\":\"en-US\",\"potentialAction\":[{\"@type\":\"ReadAction\",\"target\":[\"https:\/\/lazaro.mg\/nos-produits\/epices-condiments\/poivre-noir-de-madagascar-saveur-intense-et-piquante\/\"]}]},{\"@type\":\"ImageObject\",\"inLanguage\":\"en-US\",\"@id\":\"https:\/\/lazaro.mg\/nos-produits\/epices-condiments\/poivre-noir-de-madagascar-saveur-intense-et-piquante\/#primaryimage\",\"url\":\"https:\/\/lazaro.mg\/wp-content\/uploads\/2025\/10\/Lazaro-poivre-noir-min.png\",\"contentUrl\":\"https:\/\/lazaro.mg\/wp-content\/uploads\/2025\/10\/Lazaro-poivre-noir-min.png\",\"width\":2308,\"height\":2308},{\"@type\":\"BreadcrumbList\",\"@id\":\"https:\/\/lazaro.mg\/nos-produits\/epices-condiments\/poivre-noir-de-madagascar-saveur-intense-et-piquante\/#breadcrumb\",\"itemListElement\":[{\"@type\":\"ListItem\",\"position\":1,\"name\":\"Accueil\",\"item\":\"https:\/\/lazaro.mg\/\"},{\"@type\":\"ListItem\",\"position\":2,\"name\":\"Nos produits\",\"item\":\"https:\/\/lazaro.mg\/nos-produits\/\"},{\"@type\":\"ListItem\",\"position\":3,\"name\":\"Poivre noir de Madagascar \u2013 Saveur intense et piquante\"}]},{\"@type\":\"WebSite\",\"@id\":\"https:\/\/lazaro.mg\/#website\",\"url\":\"https:\/\/lazaro.mg\/\",\"name\":\"Company Lazaro\",\"description\":\"Lazaro\",\"publisher\":{\"@id\":\"https:\/\/lazaro.mg\/#organization\"},\"potentialAction\":[{\"@type\":\"SearchAction\",\"target\":{\"@type\":\"EntryPoint\",\"urlTemplate\":\"https:\/\/lazaro.mg\/?s={search_term_string}\"},\"query-input\":{\"@type\":\"PropertyValueSpecification\",\"valueRequired\":true,\"valueName\":\"search_term_string\"}}],\"inLanguage\":\"en-US\"},{\"@type\":\"Organization\",\"@id\":\"https:\/\/lazaro.mg\/#organization\",\"name\":\"Company Lazaro\",\"url\":\"https:\/\/lazaro.mg\/\",\"logo\":{\"@type\":\"ImageObject\",\"inLanguage\":\"en-US\",\"@id\":\"https:\/\/lazaro.mg\/#\/schema\/logo\/image\/\",\"url\":\"https:\/\/lazaro.mg\/wp-content\/uploads\/2025\/09\/cropped-Lazaro-logo-referencement-1.png\",\"contentUrl\":\"https:\/\/lazaro.mg\/wp-content\/uploads\/2025\/09\/cropped-Lazaro-logo-referencement-1.png\",\"width\":512,\"height\":511,\"caption\":\"Company Lazaro\"},\"image\":{\"@id\":\"https:\/\/lazaro.mg\/#\/schema\/logo\/image\/\"}}]}<\/script>\n<!-- \/ Yoast SEO plugin. -->","yoast_head_json":{"title":"Poivre noir de Madagascar \u2013 Saveur intense et piquante - Company Lazaro","robots":{"index":"index","follow":"follow","max-snippet":"max-snippet:-1","max-image-preview":"max-image-preview:large","max-video-preview":"max-video-preview:-1"},"canonical":"https:\/\/lazaro.mg\/en\/nos-produits\/epices-condiments\/poivre-noir-de-madagascar-saveur-intense-et-piquante\/","og_locale":"en_US","og_type":"article","og_title":"Poivre noir de Madagascar \u2013 Saveur intense et piquante - Company Lazaro","og_description":"Poivre noir \u2013 Une \u00e9pice incontournable Le poivre noir de Madagascar est reconnu pour son ar\u00f4me puissant, sa chaleur \u00e9quilibr\u00e9e et sa saveur bois\u00e9e. Issu d\u2019une culture traditionnelle et durable, il pousse en agroforesterie, \u00e0 l\u2019ombre des grands arbres, favorisant la biodiversit\u00e9. Il b\u00e9n\u00e9ficie d\u2019un terroir volcanique et d\u2019un climat tropical id\u00e9al pour le d\u00e9veloppement de ses ar\u00f4mes. R\u00e9colt\u00e9 \u00e0 pleine maturit\u00e9, s\u00e9ch\u00e9 naturellement au soleil, il conserve tous ses compos\u00e9s aromatiques et son piquant harmonieux. Il est tr\u00e8s appr\u00e9ci\u00e9 des chefs gastronomes et des artisans du go\u00fbt \u00e0 travers le monde.","og_url":"https:\/\/lazaro.mg\/en\/nos-produits\/epices-condiments\/poivre-noir-de-madagascar-saveur-intense-et-piquante\/","og_site_name":"Company Lazaro","article_modified_time":"2025-10-24T19:47:51+00:00","og_image":[{"width":1024,"height":1024,"url":"https:\/\/lazaro.mg\/wp-content\/uploads\/2025\/10\/Lazaro-poivre-noir-min-1024x1024.png","type":"image\/png"}],"twitter_card":"summary_large_image","schema":{"@context":"https:\/\/schema.org","@graph":[{"@type":"WebPage","@id":"https:\/\/lazaro.mg\/nos-produits\/epices-condiments\/poivre-noir-de-madagascar-saveur-intense-et-piquante\/","url":"https:\/\/lazaro.mg\/nos-produits\/epices-condiments\/poivre-noir-de-madagascar-saveur-intense-et-piquante\/","name":"Poivre noir de Madagascar \u2013 Saveur intense et piquante - Company Lazaro","isPartOf":{"@id":"https:\/\/lazaro.mg\/#website"},"primaryImageOfPage":{"@id":"https:\/\/lazaro.mg\/nos-produits\/epices-condiments\/poivre-noir-de-madagascar-saveur-intense-et-piquante\/#primaryimage"},"image":{"@id":"https:\/\/lazaro.mg\/nos-produits\/epices-condiments\/poivre-noir-de-madagascar-saveur-intense-et-piquante\/#primaryimage"},"thumbnailUrl":"https:\/\/lazaro.mg\/wp-content\/uploads\/2025\/10\/Lazaro-poivre-noir-min.png","datePublished":"2025-10-04T13:43:08+00:00","dateModified":"2025-10-24T19:47:51+00:00","breadcrumb":{"@id":"https:\/\/lazaro.mg\/nos-produits\/epices-condiments\/poivre-noir-de-madagascar-saveur-intense-et-piquante\/#breadcrumb"},"inLanguage":"en-US","potentialAction":[{"@type":"ReadAction","target":["https:\/\/lazaro.mg\/nos-produits\/epices-condiments\/poivre-noir-de-madagascar-saveur-intense-et-piquante\/"]}]},{"@type":"ImageObject","inLanguage":"en-US","@id":"https:\/\/lazaro.mg\/nos-produits\/epices-condiments\/poivre-noir-de-madagascar-saveur-intense-et-piquante\/#primaryimage","url":"https:\/\/lazaro.mg\/wp-content\/uploads\/2025\/10\/Lazaro-poivre-noir-min.png","contentUrl":"https:\/\/lazaro.mg\/wp-content\/uploads\/2025\/10\/Lazaro-poivre-noir-min.png","width":2308,"height":2308},{"@type":"BreadcrumbList","@id":"https:\/\/lazaro.mg\/nos-produits\/epices-condiments\/poivre-noir-de-madagascar-saveur-intense-et-piquante\/#breadcrumb","itemListElement":[{"@type":"ListItem","position":1,"name":"Accueil","item":"https:\/\/lazaro.mg\/"},{"@type":"ListItem","position":2,"name":"Nos produits","item":"https:\/\/lazaro.mg\/nos-produits\/"},{"@type":"ListItem","position":3,"name":"Poivre noir de Madagascar \u2013 Saveur intense et piquante"}]},{"@type":"WebSite","@id":"https:\/\/lazaro.mg\/#website","url":"https:\/\/lazaro.mg\/","name":"Company Lazaro","description":"Lazaro","publisher":{"@id":"https:\/\/lazaro.mg\/#organization"},"potentialAction":[{"@type":"SearchAction","target":{"@type":"EntryPoint","urlTemplate":"https:\/\/lazaro.mg\/?s={search_term_string}"},"query-input":{"@type":"PropertyValueSpecification","valueRequired":true,"valueName":"search_term_string"}}],"inLanguage":"en-US"},{"@type":"Organization","@id":"https:\/\/lazaro.mg\/#organization","name":"Company Lazaro","url":"https:\/\/lazaro.mg\/","logo":{"@type":"ImageObject","inLanguage":"en-US","@id":"https:\/\/lazaro.mg\/#\/schema\/logo\/image\/","url":"https:\/\/lazaro.mg\/wp-content\/uploads\/2025\/09\/cropped-Lazaro-logo-referencement-1.png","contentUrl":"https:\/\/lazaro.mg\/wp-content\/uploads\/2025\/09\/cropped-Lazaro-logo-referencement-1.png","width":512,"height":511,"caption":"Company Lazaro"},"image":{"@id":"https:\/\/lazaro.mg\/#\/schema\/logo\/image\/"}}]}},"_links":{"self":[{"href":"https:\/\/lazaro.mg\/en\/wp-json\/wp\/v2\/product\/5062","targetHints":{"allow":["GET"]}}],"collection":[{"href":"https:\/\/lazaro.mg\/en\/wp-json\/wp\/v2\/product"}],"about":[{"href":"https:\/\/lazaro.mg\/en\/wp-json\/wp\/v2\/types\/product"}],"wp:featuredmedia":[{"embeddable":true,"href":"https:\/\/lazaro.mg\/en\/wp-json\/wp\/v2\/media\/5213"}],"wp:attachment":[{"href":"https:\/\/lazaro.mg\/en\/wp-json\/wp\/v2\/media?parent=5062"}],"wp:term":[{"taxonomy":"product_brand","embeddable":true,"href":"https:\/\/lazaro.mg\/en\/wp-json\/wp\/v2\/product_brand?post=5062"},{"taxonomy":"product_cat","embeddable":true,"href":"https:\/\/lazaro.mg\/en\/wp-json\/wp\/v2\/product_cat?post=5062"},{"taxonomy":"product_tag","embeddable":true,"href":"https:\/\/lazaro.mg\/en\/wp-json\/wp\/v2\/product_tag?post=5062"}],"curies":[{"name":"wp","href":"https:\/\/api.w.org\/{rel}","templated":true}]}}