{"id":5067,"date":"2025-10-04T16:36:10","date_gmt":"2025-10-04T13:36:10","guid":{"rendered":"https:\/\/lazaro.mg\/?post_type=product&#038;p=5067"},"modified":"2025-10-24T22:37:35","modified_gmt":"2025-10-24T19:37:35","slug":"ail-madagascar-lincontournable-des-cuisines","status":"publish","type":"product","link":"https:\/\/lazaro.mg\/en\/nos-produits\/epices-condiments\/ail-madagascar-lincontournable-des-cuisines\/","title":{"rendered":"Madagascar Garlic \u2013 A Kitchen Essential"},"content":{"rendered":"","protected":false},"excerpt":{"rendered":"<span class=\"subtitle subtitle-block subtitle-above subtitle-left use-body-font\">Garlic from Madagascar \u2013 The Clove Advantage<\/span>\r\n<span style=\"font-weight: 400;\">Grown using traditional agriculture without chemical inputs, Madagascar garlic thrives in rich, fertile soils and enjoys a sunny, dry climate ideal for its maturation. The cloves are known for their strong aroma and firm texture. Highly appreciated by gourmet chefs and the food industry, Madagascar garlic adds authentic flavor to all preparations. Excellent for health, it contributes to overall well-being. <\/span>","protected":false},"featured_media":4931,"template":"","meta":{"_acf_changed":false},"product_brand":[],"product_cat":[49],"product_tag":[],"class_list":{"0":"post-5067","1":"product","2":"type-product","3":"status-publish","4":"has-post-thumbnail","6":"product_cat-epices-condiments","8":"first","9":"instock","10":"shipping-taxable","11":"product-type-simple"},"acf":[],"yoast_head":"<!-- This site is optimized with the Yoast SEO plugin v26.8 - https:\/\/yoast.com\/product\/yoast-seo-wordpress\/ -->\n<title>Ail Madagascar \u2013 L\u2019incontournable des cuisines - Company Lazaro<\/title>\n<meta name=\"robots\" content=\"index, follow, max-snippet:-1, max-image-preview:large, max-video-preview:-1\" \/>\n<link rel=\"canonical\" href=\"https:\/\/lazaro.mg\/en\/nos-produits\/epices-condiments\/ail-madagascar-lincontournable-des-cuisines\/\" \/>\n<meta property=\"og:locale\" content=\"en_US\" \/>\n<meta property=\"og:type\" content=\"article\" \/>\n<meta property=\"og:title\" content=\"Ail Madagascar \u2013 L\u2019incontournable des cuisines - Company Lazaro\" \/>\n<meta property=\"og:description\" content=\"Ail de Madagascar \u2013 L\u2019atout gousses Issu d\u2019une agriculture traditionnelle sans intrants chimiques, l\u2019ail de Madagascar appr\u00e9cie les sols riches et fertiles et un climat ensoleill\u00e9 et sec id\u00e9al \u00e0 sa maturation. Les gousses sont r\u00e9put\u00e9es pour leur ar\u00f4me marqu\u00e9 et leur texture ferme. Tr\u00e8s appr\u00e9ci\u00e9 des chefs gastronomes et des industries agroalimentaires, l\u2019ail de Madagascar apporte une saveur authentique \u00e0 toutes les pr\u00e9parations. Excellent pour la sant\u00e9, il contribue aux bien-\u00eatre de tous.\" \/>\n<meta property=\"og:url\" content=\"https:\/\/lazaro.mg\/en\/nos-produits\/epices-condiments\/ail-madagascar-lincontournable-des-cuisines\/\" \/>\n<meta property=\"og:site_name\" content=\"Company Lazaro\" \/>\n<meta property=\"article:modified_time\" content=\"2025-10-24T19:37:35+00:00\" \/>\n<meta property=\"og:image\" content=\"https:\/\/lazaro.mg\/wp-content\/uploads\/2025\/10\/Lazaro-Ail-Madagascar-6-1024x1024.png\" \/>\n\t<meta property=\"og:image:width\" content=\"1024\" \/>\n\t<meta property=\"og:image:height\" content=\"1024\" \/>\n\t<meta property=\"og:image:type\" content=\"image\/png\" \/>\n<meta name=\"twitter:card\" content=\"summary_large_image\" \/>\n<script type=\"application\/ld+json\" class=\"yoast-schema-graph\">{\"@context\":\"https:\/\/schema.org\",\"@graph\":[{\"@type\":\"WebPage\",\"@id\":\"https:\/\/lazaro.mg\/nos-produits\/epices-condiments\/ail-madagascar-lincontournable-des-cuisines\/\",\"url\":\"https:\/\/lazaro.mg\/nos-produits\/epices-condiments\/ail-madagascar-lincontournable-des-cuisines\/\",\"name\":\"Ail Madagascar \u2013 L\u2019incontournable des cuisines - Company Lazaro\",\"isPartOf\":{\"@id\":\"https:\/\/lazaro.mg\/#website\"},\"primaryImageOfPage\":{\"@id\":\"https:\/\/lazaro.mg\/nos-produits\/epices-condiments\/ail-madagascar-lincontournable-des-cuisines\/#primaryimage\"},\"image\":{\"@id\":\"https:\/\/lazaro.mg\/nos-produits\/epices-condiments\/ail-madagascar-lincontournable-des-cuisines\/#primaryimage\"},\"thumbnailUrl\":\"https:\/\/lazaro.mg\/wp-content\/uploads\/2025\/10\/Lazaro-Ail-Madagascar-6.png\",\"datePublished\":\"2025-10-04T13:36:10+00:00\",\"dateModified\":\"2025-10-24T19:37:35+00:00\",\"breadcrumb\":{\"@id\":\"https:\/\/lazaro.mg\/nos-produits\/epices-condiments\/ail-madagascar-lincontournable-des-cuisines\/#breadcrumb\"},\"inLanguage\":\"en-US\",\"potentialAction\":[{\"@type\":\"ReadAction\",\"target\":[\"https:\/\/lazaro.mg\/nos-produits\/epices-condiments\/ail-madagascar-lincontournable-des-cuisines\/\"]}]},{\"@type\":\"ImageObject\",\"inLanguage\":\"en-US\",\"@id\":\"https:\/\/lazaro.mg\/nos-produits\/epices-condiments\/ail-madagascar-lincontournable-des-cuisines\/#primaryimage\",\"url\":\"https:\/\/lazaro.mg\/wp-content\/uploads\/2025\/10\/Lazaro-Ail-Madagascar-6.png\",\"contentUrl\":\"https:\/\/lazaro.mg\/wp-content\/uploads\/2025\/10\/Lazaro-Ail-Madagascar-6.png\",\"width\":2308,\"height\":2308},{\"@type\":\"BreadcrumbList\",\"@id\":\"https:\/\/lazaro.mg\/nos-produits\/epices-condiments\/ail-madagascar-lincontournable-des-cuisines\/#breadcrumb\",\"itemListElement\":[{\"@type\":\"ListItem\",\"position\":1,\"name\":\"Accueil\",\"item\":\"https:\/\/lazaro.mg\/\"},{\"@type\":\"ListItem\",\"position\":2,\"name\":\"Nos produits\",\"item\":\"https:\/\/lazaro.mg\/nos-produits\/\"},{\"@type\":\"ListItem\",\"position\":3,\"name\":\"Ail Madagascar \u2013 L\u2019incontournable des cuisines\"}]},{\"@type\":\"WebSite\",\"@id\":\"https:\/\/lazaro.mg\/#website\",\"url\":\"https:\/\/lazaro.mg\/\",\"name\":\"Company Lazaro\",\"description\":\"Lazaro\",\"publisher\":{\"@id\":\"https:\/\/lazaro.mg\/#organization\"},\"potentialAction\":[{\"@type\":\"SearchAction\",\"target\":{\"@type\":\"EntryPoint\",\"urlTemplate\":\"https:\/\/lazaro.mg\/?s={search_term_string}\"},\"query-input\":{\"@type\":\"PropertyValueSpecification\",\"valueRequired\":true,\"valueName\":\"search_term_string\"}}],\"inLanguage\":\"en-US\"},{\"@type\":\"Organization\",\"@id\":\"https:\/\/lazaro.mg\/#organization\",\"name\":\"Company Lazaro\",\"url\":\"https:\/\/lazaro.mg\/\",\"logo\":{\"@type\":\"ImageObject\",\"inLanguage\":\"en-US\",\"@id\":\"https:\/\/lazaro.mg\/#\/schema\/logo\/image\/\",\"url\":\"https:\/\/lazaro.mg\/wp-content\/uploads\/2025\/09\/cropped-Lazaro-logo-referencement-1.png\",\"contentUrl\":\"https:\/\/lazaro.mg\/wp-content\/uploads\/2025\/09\/cropped-Lazaro-logo-referencement-1.png\",\"width\":512,\"height\":511,\"caption\":\"Company Lazaro\"},\"image\":{\"@id\":\"https:\/\/lazaro.mg\/#\/schema\/logo\/image\/\"}}]}<\/script>\n<!-- \/ Yoast SEO plugin. -->","yoast_head_json":{"title":"Ail Madagascar \u2013 L\u2019incontournable des cuisines - Company Lazaro","robots":{"index":"index","follow":"follow","max-snippet":"max-snippet:-1","max-image-preview":"max-image-preview:large","max-video-preview":"max-video-preview:-1"},"canonical":"https:\/\/lazaro.mg\/en\/nos-produits\/epices-condiments\/ail-madagascar-lincontournable-des-cuisines\/","og_locale":"en_US","og_type":"article","og_title":"Ail Madagascar \u2013 L\u2019incontournable des cuisines - Company Lazaro","og_description":"Ail de Madagascar \u2013 L\u2019atout gousses Issu d\u2019une agriculture traditionnelle sans intrants chimiques, l\u2019ail de Madagascar appr\u00e9cie les sols riches et fertiles et un climat ensoleill\u00e9 et sec id\u00e9al \u00e0 sa maturation. Les gousses sont r\u00e9put\u00e9es pour leur ar\u00f4me marqu\u00e9 et leur texture ferme. Tr\u00e8s appr\u00e9ci\u00e9 des chefs gastronomes et des industries agroalimentaires, l\u2019ail de Madagascar apporte une saveur authentique \u00e0 toutes les pr\u00e9parations. Excellent pour la sant\u00e9, il contribue aux bien-\u00eatre de tous.","og_url":"https:\/\/lazaro.mg\/en\/nos-produits\/epices-condiments\/ail-madagascar-lincontournable-des-cuisines\/","og_site_name":"Company Lazaro","article_modified_time":"2025-10-24T19:37:35+00:00","og_image":[{"width":1024,"height":1024,"url":"https:\/\/lazaro.mg\/wp-content\/uploads\/2025\/10\/Lazaro-Ail-Madagascar-6-1024x1024.png","type":"image\/png"}],"twitter_card":"summary_large_image","schema":{"@context":"https:\/\/schema.org","@graph":[{"@type":"WebPage","@id":"https:\/\/lazaro.mg\/nos-produits\/epices-condiments\/ail-madagascar-lincontournable-des-cuisines\/","url":"https:\/\/lazaro.mg\/nos-produits\/epices-condiments\/ail-madagascar-lincontournable-des-cuisines\/","name":"Ail Madagascar \u2013 L\u2019incontournable des cuisines - Company Lazaro","isPartOf":{"@id":"https:\/\/lazaro.mg\/#website"},"primaryImageOfPage":{"@id":"https:\/\/lazaro.mg\/nos-produits\/epices-condiments\/ail-madagascar-lincontournable-des-cuisines\/#primaryimage"},"image":{"@id":"https:\/\/lazaro.mg\/nos-produits\/epices-condiments\/ail-madagascar-lincontournable-des-cuisines\/#primaryimage"},"thumbnailUrl":"https:\/\/lazaro.mg\/wp-content\/uploads\/2025\/10\/Lazaro-Ail-Madagascar-6.png","datePublished":"2025-10-04T13:36:10+00:00","dateModified":"2025-10-24T19:37:35+00:00","breadcrumb":{"@id":"https:\/\/lazaro.mg\/nos-produits\/epices-condiments\/ail-madagascar-lincontournable-des-cuisines\/#breadcrumb"},"inLanguage":"en-US","potentialAction":[{"@type":"ReadAction","target":["https:\/\/lazaro.mg\/nos-produits\/epices-condiments\/ail-madagascar-lincontournable-des-cuisines\/"]}]},{"@type":"ImageObject","inLanguage":"en-US","@id":"https:\/\/lazaro.mg\/nos-produits\/epices-condiments\/ail-madagascar-lincontournable-des-cuisines\/#primaryimage","url":"https:\/\/lazaro.mg\/wp-content\/uploads\/2025\/10\/Lazaro-Ail-Madagascar-6.png","contentUrl":"https:\/\/lazaro.mg\/wp-content\/uploads\/2025\/10\/Lazaro-Ail-Madagascar-6.png","width":2308,"height":2308},{"@type":"BreadcrumbList","@id":"https:\/\/lazaro.mg\/nos-produits\/epices-condiments\/ail-madagascar-lincontournable-des-cuisines\/#breadcrumb","itemListElement":[{"@type":"ListItem","position":1,"name":"Accueil","item":"https:\/\/lazaro.mg\/"},{"@type":"ListItem","position":2,"name":"Nos produits","item":"https:\/\/lazaro.mg\/nos-produits\/"},{"@type":"ListItem","position":3,"name":"Ail Madagascar \u2013 L\u2019incontournable des cuisines"}]},{"@type":"WebSite","@id":"https:\/\/lazaro.mg\/#website","url":"https:\/\/lazaro.mg\/","name":"Company Lazaro","description":"Lazaro","publisher":{"@id":"https:\/\/lazaro.mg\/#organization"},"potentialAction":[{"@type":"SearchAction","target":{"@type":"EntryPoint","urlTemplate":"https:\/\/lazaro.mg\/?s={search_term_string}"},"query-input":{"@type":"PropertyValueSpecification","valueRequired":true,"valueName":"search_term_string"}}],"inLanguage":"en-US"},{"@type":"Organization","@id":"https:\/\/lazaro.mg\/#organization","name":"Company Lazaro","url":"https:\/\/lazaro.mg\/","logo":{"@type":"ImageObject","inLanguage":"en-US","@id":"https:\/\/lazaro.mg\/#\/schema\/logo\/image\/","url":"https:\/\/lazaro.mg\/wp-content\/uploads\/2025\/09\/cropped-Lazaro-logo-referencement-1.png","contentUrl":"https:\/\/lazaro.mg\/wp-content\/uploads\/2025\/09\/cropped-Lazaro-logo-referencement-1.png","width":512,"height":511,"caption":"Company Lazaro"},"image":{"@id":"https:\/\/lazaro.mg\/#\/schema\/logo\/image\/"}}]}},"_links":{"self":[{"href":"https:\/\/lazaro.mg\/en\/wp-json\/wp\/v2\/product\/5067","targetHints":{"allow":["GET"]}}],"collection":[{"href":"https:\/\/lazaro.mg\/en\/wp-json\/wp\/v2\/product"}],"about":[{"href":"https:\/\/lazaro.mg\/en\/wp-json\/wp\/v2\/types\/product"}],"wp:featuredmedia":[{"embeddable":true,"href":"https:\/\/lazaro.mg\/en\/wp-json\/wp\/v2\/media\/4931"}],"wp:attachment":[{"href":"https:\/\/lazaro.mg\/en\/wp-json\/wp\/v2\/media?parent=5067"}],"wp:term":[{"taxonomy":"product_brand","embeddable":true,"href":"https:\/\/lazaro.mg\/en\/wp-json\/wp\/v2\/product_brand?post=5067"},{"taxonomy":"product_cat","embeddable":true,"href":"https:\/\/lazaro.mg\/en\/wp-json\/wp\/v2\/product_cat?post=5067"},{"taxonomy":"product_tag","embeddable":true,"href":"https:\/\/lazaro.mg\/en\/wp-json\/wp\/v2\/product_tag?post=5067"}],"curies":[{"name":"wp","href":"https:\/\/api.w.org\/{rel}","templated":true}]}}