{"id":5068,"date":"2025-10-04T16:45:15","date_gmt":"2025-10-04T13:45:15","guid":{"rendered":"https:\/\/lazaro.mg\/?post_type=product&#038;p=5068"},"modified":"2025-10-22T20:42:53","modified_gmt":"2025-10-22T17:42:53","slug":"feves-de-cacao-de-madagascar-un-arome-dexception","status":"publish","type":"product","link":"https:\/\/lazaro.mg\/en\/nos-produits\/epices-condiments\/feves-de-cacao-de-madagascar-un-arome-dexception\/","title":{"rendered":"Cocoa Beans from Madagascar \u2013 An Exceptional Flavor"},"content":{"rendered":"","protected":false},"excerpt":{"rendered":"<span class=\"subtitle subtitle-block subtitle-above subtitle-left use-body-font\">Cocoa Beans \u2013 Favored by Chocolatiers<\/span>\r\n<span style=\"font-weight: 400;\">Harvested in an exceptional terroir located in the fertile Ambanja valley \u2013 northwestern Madagascar, our cocoa beans are distinguished by their outstanding aromatic profile, featuring notes of red fruits, citrus, honey, and tropical flowers. Cultivated using traditional agroforestry methods, they benefit from a unique climate and rich volcanic soil, offering a remarkable aromatic complexity highly prized by chocolatiers.<\/span>","protected":false},"featured_media":5223,"template":"","meta":{"_acf_changed":false},"product_brand":[],"product_cat":[49],"product_tag":[],"class_list":{"0":"post-5068","1":"product","2":"type-product","3":"status-publish","4":"has-post-thumbnail","6":"product_cat-epices-condiments","8":"first","9":"instock","10":"shipping-taxable","11":"product-type-simple"},"acf":[],"yoast_head":"<!-- This site is optimized with the Yoast SEO plugin v26.8 - https:\/\/yoast.com\/product\/yoast-seo-wordpress\/ -->\n<title>F\u00e8ves de cacao de Madagascar \u2013 Un ar\u00f4me d\u2019exception - Company Lazaro<\/title>\n<meta name=\"robots\" content=\"index, follow, max-snippet:-1, max-image-preview:large, max-video-preview:-1\" \/>\n<link rel=\"canonical\" href=\"https:\/\/lazaro.mg\/en\/nos-produits\/epices-condiments\/feves-de-cacao-de-madagascar-un-arome-dexception\/\" \/>\n<meta property=\"og:locale\" content=\"en_US\" \/>\n<meta property=\"og:type\" content=\"article\" \/>\n<meta property=\"og:title\" content=\"F\u00e8ves de cacao de Madagascar \u2013 Un ar\u00f4me d\u2019exception - Company Lazaro\" \/>\n<meta property=\"og:description\" content=\"F\u00e8ves de cacao \u2013 Pl\u00e9biscit\u00e9es par les chocolatiers R\u00e9colt\u00e9es dans un terroir d\u2019exception, la vall\u00e9e fertile d\u2019Ambanja au nord-ouest de Madagascar, nos f\u00e8ves de cacao se distinguent par leur profil aromatique exceptionnel, avec des notes de fruits rouges, d\u2019agrumes, de miel et de fleurs tropicales. Cultiv\u00e9es en agroforesterie traditionnelle, elles b\u00e9n\u00e9ficient d\u2019un climat unique et d\u2019un terroir volcanique riche, offrant une complexit\u00e9 aromatique exceptionnelle pl\u00e9biscit\u00e9e par les chocolatiers.\" \/>\n<meta property=\"og:url\" content=\"https:\/\/lazaro.mg\/en\/nos-produits\/epices-condiments\/feves-de-cacao-de-madagascar-un-arome-dexception\/\" \/>\n<meta property=\"og:site_name\" content=\"Company Lazaro\" \/>\n<meta property=\"article:modified_time\" content=\"2025-10-22T17:42:53+00:00\" \/>\n<meta property=\"og:image\" content=\"https:\/\/lazaro.mg\/wp-content\/uploads\/2025\/10\/56-min.png\" \/>\n\t<meta property=\"og:image:width\" content=\"2308\" \/>\n\t<meta property=\"og:image:height\" content=\"2308\" \/>\n\t<meta property=\"og:image:type\" content=\"image\/png\" \/>\n<meta name=\"twitter:card\" content=\"summary_large_image\" \/>\n<script type=\"application\/ld+json\" class=\"yoast-schema-graph\">{\"@context\":\"https:\/\/schema.org\",\"@graph\":[{\"@type\":\"WebPage\",\"@id\":\"https:\/\/lazaro.mg\/nos-produits\/epices-condiments\/feves-de-cacao-de-madagascar-un-arome-dexception\/\",\"url\":\"https:\/\/lazaro.mg\/nos-produits\/epices-condiments\/feves-de-cacao-de-madagascar-un-arome-dexception\/\",\"name\":\"F\u00e8ves de cacao de Madagascar \u2013 Un ar\u00f4me d\u2019exception - Company Lazaro\",\"isPartOf\":{\"@id\":\"https:\/\/lazaro.mg\/#website\"},\"primaryImageOfPage\":{\"@id\":\"https:\/\/lazaro.mg\/nos-produits\/epices-condiments\/feves-de-cacao-de-madagascar-un-arome-dexception\/#primaryimage\"},\"image\":{\"@id\":\"https:\/\/lazaro.mg\/nos-produits\/epices-condiments\/feves-de-cacao-de-madagascar-un-arome-dexception\/#primaryimage\"},\"thumbnailUrl\":\"https:\/\/lazaro.mg\/wp-content\/uploads\/2025\/10\/56-min.png\",\"datePublished\":\"2025-10-04T13:45:15+00:00\",\"dateModified\":\"2025-10-22T17:42:53+00:00\",\"breadcrumb\":{\"@id\":\"https:\/\/lazaro.mg\/nos-produits\/epices-condiments\/feves-de-cacao-de-madagascar-un-arome-dexception\/#breadcrumb\"},\"inLanguage\":\"en-US\",\"potentialAction\":[{\"@type\":\"ReadAction\",\"target\":[\"https:\/\/lazaro.mg\/nos-produits\/epices-condiments\/feves-de-cacao-de-madagascar-un-arome-dexception\/\"]}]},{\"@type\":\"ImageObject\",\"inLanguage\":\"en-US\",\"@id\":\"https:\/\/lazaro.mg\/nos-produits\/epices-condiments\/feves-de-cacao-de-madagascar-un-arome-dexception\/#primaryimage\",\"url\":\"https:\/\/lazaro.mg\/wp-content\/uploads\/2025\/10\/56-min.png\",\"contentUrl\":\"https:\/\/lazaro.mg\/wp-content\/uploads\/2025\/10\/56-min.png\",\"width\":2308,\"height\":2308},{\"@type\":\"BreadcrumbList\",\"@id\":\"https:\/\/lazaro.mg\/nos-produits\/epices-condiments\/feves-de-cacao-de-madagascar-un-arome-dexception\/#breadcrumb\",\"itemListElement\":[{\"@type\":\"ListItem\",\"position\":1,\"name\":\"Accueil\",\"item\":\"https:\/\/lazaro.mg\/\"},{\"@type\":\"ListItem\",\"position\":2,\"name\":\"Nos produits\",\"item\":\"https:\/\/lazaro.mg\/nos-produits\/\"},{\"@type\":\"ListItem\",\"position\":3,\"name\":\"F\u00e8ves de cacao de Madagascar \u2013 Un ar\u00f4me d\u2019exception\"}]},{\"@type\":\"WebSite\",\"@id\":\"https:\/\/lazaro.mg\/#website\",\"url\":\"https:\/\/lazaro.mg\/\",\"name\":\"Company Lazaro\",\"description\":\"Lazaro\",\"publisher\":{\"@id\":\"https:\/\/lazaro.mg\/#organization\"},\"potentialAction\":[{\"@type\":\"SearchAction\",\"target\":{\"@type\":\"EntryPoint\",\"urlTemplate\":\"https:\/\/lazaro.mg\/?s={search_term_string}\"},\"query-input\":{\"@type\":\"PropertyValueSpecification\",\"valueRequired\":true,\"valueName\":\"search_term_string\"}}],\"inLanguage\":\"en-US\"},{\"@type\":\"Organization\",\"@id\":\"https:\/\/lazaro.mg\/#organization\",\"name\":\"Company Lazaro\",\"url\":\"https:\/\/lazaro.mg\/\",\"logo\":{\"@type\":\"ImageObject\",\"inLanguage\":\"en-US\",\"@id\":\"https:\/\/lazaro.mg\/#\/schema\/logo\/image\/\",\"url\":\"https:\/\/lazaro.mg\/wp-content\/uploads\/2025\/09\/cropped-Lazaro-logo-referencement-1.png\",\"contentUrl\":\"https:\/\/lazaro.mg\/wp-content\/uploads\/2025\/09\/cropped-Lazaro-logo-referencement-1.png\",\"width\":512,\"height\":511,\"caption\":\"Company Lazaro\"},\"image\":{\"@id\":\"https:\/\/lazaro.mg\/#\/schema\/logo\/image\/\"}}]}<\/script>\n<!-- \/ Yoast SEO plugin. -->","yoast_head_json":{"title":"F\u00e8ves de cacao de Madagascar \u2013 Un ar\u00f4me d\u2019exception - Company Lazaro","robots":{"index":"index","follow":"follow","max-snippet":"max-snippet:-1","max-image-preview":"max-image-preview:large","max-video-preview":"max-video-preview:-1"},"canonical":"https:\/\/lazaro.mg\/en\/nos-produits\/epices-condiments\/feves-de-cacao-de-madagascar-un-arome-dexception\/","og_locale":"en_US","og_type":"article","og_title":"F\u00e8ves de cacao de Madagascar \u2013 Un ar\u00f4me d\u2019exception - Company Lazaro","og_description":"F\u00e8ves de cacao \u2013 Pl\u00e9biscit\u00e9es par les chocolatiers R\u00e9colt\u00e9es dans un terroir d\u2019exception, la vall\u00e9e fertile d\u2019Ambanja au nord-ouest de Madagascar, nos f\u00e8ves de cacao se distinguent par leur profil aromatique exceptionnel, avec des notes de fruits rouges, d\u2019agrumes, de miel et de fleurs tropicales. Cultiv\u00e9es en agroforesterie traditionnelle, elles b\u00e9n\u00e9ficient d\u2019un climat unique et d\u2019un terroir volcanique riche, offrant une complexit\u00e9 aromatique exceptionnelle pl\u00e9biscit\u00e9e par les chocolatiers.","og_url":"https:\/\/lazaro.mg\/en\/nos-produits\/epices-condiments\/feves-de-cacao-de-madagascar-un-arome-dexception\/","og_site_name":"Company Lazaro","article_modified_time":"2025-10-22T17:42:53+00:00","og_image":[{"width":2308,"height":2308,"url":"https:\/\/lazaro.mg\/wp-content\/uploads\/2025\/10\/56-min.png","type":"image\/png"}],"twitter_card":"summary_large_image","schema":{"@context":"https:\/\/schema.org","@graph":[{"@type":"WebPage","@id":"https:\/\/lazaro.mg\/nos-produits\/epices-condiments\/feves-de-cacao-de-madagascar-un-arome-dexception\/","url":"https:\/\/lazaro.mg\/nos-produits\/epices-condiments\/feves-de-cacao-de-madagascar-un-arome-dexception\/","name":"F\u00e8ves de cacao de Madagascar \u2013 Un ar\u00f4me d\u2019exception - Company Lazaro","isPartOf":{"@id":"https:\/\/lazaro.mg\/#website"},"primaryImageOfPage":{"@id":"https:\/\/lazaro.mg\/nos-produits\/epices-condiments\/feves-de-cacao-de-madagascar-un-arome-dexception\/#primaryimage"},"image":{"@id":"https:\/\/lazaro.mg\/nos-produits\/epices-condiments\/feves-de-cacao-de-madagascar-un-arome-dexception\/#primaryimage"},"thumbnailUrl":"https:\/\/lazaro.mg\/wp-content\/uploads\/2025\/10\/56-min.png","datePublished":"2025-10-04T13:45:15+00:00","dateModified":"2025-10-22T17:42:53+00:00","breadcrumb":{"@id":"https:\/\/lazaro.mg\/nos-produits\/epices-condiments\/feves-de-cacao-de-madagascar-un-arome-dexception\/#breadcrumb"},"inLanguage":"en-US","potentialAction":[{"@type":"ReadAction","target":["https:\/\/lazaro.mg\/nos-produits\/epices-condiments\/feves-de-cacao-de-madagascar-un-arome-dexception\/"]}]},{"@type":"ImageObject","inLanguage":"en-US","@id":"https:\/\/lazaro.mg\/nos-produits\/epices-condiments\/feves-de-cacao-de-madagascar-un-arome-dexception\/#primaryimage","url":"https:\/\/lazaro.mg\/wp-content\/uploads\/2025\/10\/56-min.png","contentUrl":"https:\/\/lazaro.mg\/wp-content\/uploads\/2025\/10\/56-min.png","width":2308,"height":2308},{"@type":"BreadcrumbList","@id":"https:\/\/lazaro.mg\/nos-produits\/epices-condiments\/feves-de-cacao-de-madagascar-un-arome-dexception\/#breadcrumb","itemListElement":[{"@type":"ListItem","position":1,"name":"Accueil","item":"https:\/\/lazaro.mg\/"},{"@type":"ListItem","position":2,"name":"Nos produits","item":"https:\/\/lazaro.mg\/nos-produits\/"},{"@type":"ListItem","position":3,"name":"F\u00e8ves de cacao de Madagascar \u2013 Un ar\u00f4me d\u2019exception"}]},{"@type":"WebSite","@id":"https:\/\/lazaro.mg\/#website","url":"https:\/\/lazaro.mg\/","name":"Company Lazaro","description":"Lazaro","publisher":{"@id":"https:\/\/lazaro.mg\/#organization"},"potentialAction":[{"@type":"SearchAction","target":{"@type":"EntryPoint","urlTemplate":"https:\/\/lazaro.mg\/?s={search_term_string}"},"query-input":{"@type":"PropertyValueSpecification","valueRequired":true,"valueName":"search_term_string"}}],"inLanguage":"en-US"},{"@type":"Organization","@id":"https:\/\/lazaro.mg\/#organization","name":"Company Lazaro","url":"https:\/\/lazaro.mg\/","logo":{"@type":"ImageObject","inLanguage":"en-US","@id":"https:\/\/lazaro.mg\/#\/schema\/logo\/image\/","url":"https:\/\/lazaro.mg\/wp-content\/uploads\/2025\/09\/cropped-Lazaro-logo-referencement-1.png","contentUrl":"https:\/\/lazaro.mg\/wp-content\/uploads\/2025\/09\/cropped-Lazaro-logo-referencement-1.png","width":512,"height":511,"caption":"Company Lazaro"},"image":{"@id":"https:\/\/lazaro.mg\/#\/schema\/logo\/image\/"}}]}},"_links":{"self":[{"href":"https:\/\/lazaro.mg\/en\/wp-json\/wp\/v2\/product\/5068","targetHints":{"allow":["GET"]}}],"collection":[{"href":"https:\/\/lazaro.mg\/en\/wp-json\/wp\/v2\/product"}],"about":[{"href":"https:\/\/lazaro.mg\/en\/wp-json\/wp\/v2\/types\/product"}],"wp:featuredmedia":[{"embeddable":true,"href":"https:\/\/lazaro.mg\/en\/wp-json\/wp\/v2\/media\/5223"}],"wp:attachment":[{"href":"https:\/\/lazaro.mg\/en\/wp-json\/wp\/v2\/media?parent=5068"}],"wp:term":[{"taxonomy":"product_brand","embeddable":true,"href":"https:\/\/lazaro.mg\/en\/wp-json\/wp\/v2\/product_brand?post=5068"},{"taxonomy":"product_cat","embeddable":true,"href":"https:\/\/lazaro.mg\/en\/wp-json\/wp\/v2\/product_cat?post=5068"},{"taxonomy":"product_tag","embeddable":true,"href":"https:\/\/lazaro.mg\/en\/wp-json\/wp\/v2\/product_tag?post=5068"}],"curies":[{"name":"wp","href":"https:\/\/api.w.org\/{rel}","templated":true}]}}