{"id":5069,"date":"2025-10-04T08:20:56","date_gmt":"2025-10-04T05:20:56","guid":{"rendered":"https:\/\/lazaro.mg\/?post_type=product&#038;p=5069"},"modified":"2025-10-08T11:53:43","modified_gmt":"2025-10-08T08:53:43","slug":"pili-pili-de-madagascar-lintensite-du-piment-tropical","status":"publish","type":"product","link":"https:\/\/lazaro.mg\/en\/nos-produits\/epices-condiments\/pili-pili-de-madagascar-lintensite-du-piment-tropical\/","title":{"rendered":"Madagascar Pili-Pili \u2013 The Intensity of Tropical Chili"},"content":{"rendered":"","protected":false},"excerpt":{"rendered":"<span class=\"subtitle subtitle-block subtitle-above subtitle-left use-body-font\">Pili-Pili \u2013 Madagascar\u2019s Signature Chili<\/span>\r\n<span style=\"font-weight: 400;\">Grown using traditional and natural agriculture in Madagascar\u2019s coastal forests, pili-pili (bird\u2019s eye chili) is an iconic spice, renowned for its aromatic power and heat. Soaked in the strength of the sun, pili-pili turns intensely red at maturity. Highly valued in cooking to enhance sauces, meat or fish dishes, and exotic specialties, it captivates gourmet chefs and food industry professionals with its unique flavor. An unforgettable taste experience! <\/span>","protected":false},"featured_media":4957,"template":"","meta":{"_acf_changed":false},"product_brand":[],"product_cat":[49],"product_tag":[],"class_list":{"0":"post-5069","1":"product","2":"type-product","3":"status-publish","4":"has-post-thumbnail","6":"product_cat-epices-condiments","8":"first","9":"instock","10":"shipping-taxable","11":"product-type-simple"},"acf":[],"yoast_head":"<!-- This site is optimized with the Yoast SEO plugin v26.8 - https:\/\/yoast.com\/product\/yoast-seo-wordpress\/ -->\n<title>Pili-Pili de Madagascar \u2013 L\u2019intensit\u00e9 du piment tropical - Company Lazaro<\/title>\n<meta name=\"robots\" content=\"index, follow, max-snippet:-1, max-image-preview:large, max-video-preview:-1\" \/>\n<link rel=\"canonical\" href=\"https:\/\/lazaro.mg\/en\/nos-produits\/epices-condiments\/pili-pili-de-madagascar-lintensite-du-piment-tropical\/\" \/>\n<meta property=\"og:locale\" content=\"en_US\" \/>\n<meta property=\"og:type\" content=\"article\" \/>\n<meta property=\"og:title\" content=\"Pili-Pili de Madagascar \u2013 L\u2019intensit\u00e9 du piment tropical - Company Lazaro\" \/>\n<meta property=\"og:description\" content=\"Pili-Pili \u2013 Piment embl\u00e9matique de Madagascar Issu d\u2019une agriculture traditionnelle et naturelle dans les for\u00eats c\u00f4ti\u00e8res de Madagascar, le pili-pili (ou piment oiseau) est une \u00e9pice embl\u00e9matique, r\u00e9put\u00e9e pour sa puissance aromatique et son piquant. Se nourrissant de la force du soleil, le pili-pili devient intens\u00e9ment rouge \u00e0 maturit\u00e9. Tr\u00e8s pris\u00e9 en cuisine pour relever les sauces, les plats de viande ou de poisson, toutes sp\u00e9cialit\u00e9s exotiques, il s\u00e9duit les chefs gastronomes et les industriels agroalimentaires pour ses effets gustatifs. Une exp\u00e9rience inoubliable des papilles !\" \/>\n<meta property=\"og:url\" content=\"https:\/\/lazaro.mg\/en\/nos-produits\/epices-condiments\/pili-pili-de-madagascar-lintensite-du-piment-tropical\/\" \/>\n<meta property=\"og:site_name\" content=\"Company Lazaro\" \/>\n<meta property=\"article:modified_time\" content=\"2025-10-08T08:53:43+00:00\" \/>\n<meta property=\"og:image\" content=\"https:\/\/lazaro.mg\/wp-content\/uploads\/2025\/10\/Lazaro-Pili-pili-piment-rouge-1-1024x1024.png\" \/>\n\t<meta property=\"og:image:width\" content=\"1024\" \/>\n\t<meta property=\"og:image:height\" content=\"1024\" \/>\n\t<meta property=\"og:image:type\" content=\"image\/png\" \/>\n<meta name=\"twitter:card\" content=\"summary_large_image\" \/>\n<script type=\"application\/ld+json\" class=\"yoast-schema-graph\">{\"@context\":\"https:\/\/schema.org\",\"@graph\":[{\"@type\":\"WebPage\",\"@id\":\"https:\/\/lazaro.mg\/nos-produits\/epices-condiments\/pili-pili-de-madagascar-lintensite-du-piment-tropical\/\",\"url\":\"https:\/\/lazaro.mg\/nos-produits\/epices-condiments\/pili-pili-de-madagascar-lintensite-du-piment-tropical\/\",\"name\":\"Pili-Pili de Madagascar \u2013 L\u2019intensit\u00e9 du piment tropical - Company Lazaro\",\"isPartOf\":{\"@id\":\"https:\/\/lazaro.mg\/#website\"},\"primaryImageOfPage\":{\"@id\":\"https:\/\/lazaro.mg\/nos-produits\/epices-condiments\/pili-pili-de-madagascar-lintensite-du-piment-tropical\/#primaryimage\"},\"image\":{\"@id\":\"https:\/\/lazaro.mg\/nos-produits\/epices-condiments\/pili-pili-de-madagascar-lintensite-du-piment-tropical\/#primaryimage\"},\"thumbnailUrl\":\"https:\/\/lazaro.mg\/wp-content\/uploads\/2025\/10\/Lazaro-Pili-pili-piment-rouge-1.png\",\"datePublished\":\"2025-10-04T05:20:56+00:00\",\"dateModified\":\"2025-10-08T08:53:43+00:00\",\"breadcrumb\":{\"@id\":\"https:\/\/lazaro.mg\/nos-produits\/epices-condiments\/pili-pili-de-madagascar-lintensite-du-piment-tropical\/#breadcrumb\"},\"inLanguage\":\"en-US\",\"potentialAction\":[{\"@type\":\"ReadAction\",\"target\":[\"https:\/\/lazaro.mg\/nos-produits\/epices-condiments\/pili-pili-de-madagascar-lintensite-du-piment-tropical\/\"]}]},{\"@type\":\"ImageObject\",\"inLanguage\":\"en-US\",\"@id\":\"https:\/\/lazaro.mg\/nos-produits\/epices-condiments\/pili-pili-de-madagascar-lintensite-du-piment-tropical\/#primaryimage\",\"url\":\"https:\/\/lazaro.mg\/wp-content\/uploads\/2025\/10\/Lazaro-Pili-pili-piment-rouge-1.png\",\"contentUrl\":\"https:\/\/lazaro.mg\/wp-content\/uploads\/2025\/10\/Lazaro-Pili-pili-piment-rouge-1.png\",\"width\":2308,\"height\":2308},{\"@type\":\"BreadcrumbList\",\"@id\":\"https:\/\/lazaro.mg\/nos-produits\/epices-condiments\/pili-pili-de-madagascar-lintensite-du-piment-tropical\/#breadcrumb\",\"itemListElement\":[{\"@type\":\"ListItem\",\"position\":1,\"name\":\"Accueil\",\"item\":\"https:\/\/lazaro.mg\/\"},{\"@type\":\"ListItem\",\"position\":2,\"name\":\"Nos produits\",\"item\":\"https:\/\/lazaro.mg\/nos-produits\/\"},{\"@type\":\"ListItem\",\"position\":3,\"name\":\"Pili-Pili de Madagascar \u2013 L\u2019intensit\u00e9 du piment tropical\"}]},{\"@type\":\"WebSite\",\"@id\":\"https:\/\/lazaro.mg\/#website\",\"url\":\"https:\/\/lazaro.mg\/\",\"name\":\"Company Lazaro\",\"description\":\"Lazaro\",\"publisher\":{\"@id\":\"https:\/\/lazaro.mg\/#organization\"},\"potentialAction\":[{\"@type\":\"SearchAction\",\"target\":{\"@type\":\"EntryPoint\",\"urlTemplate\":\"https:\/\/lazaro.mg\/?s={search_term_string}\"},\"query-input\":{\"@type\":\"PropertyValueSpecification\",\"valueRequired\":true,\"valueName\":\"search_term_string\"}}],\"inLanguage\":\"en-US\"},{\"@type\":\"Organization\",\"@id\":\"https:\/\/lazaro.mg\/#organization\",\"name\":\"Company Lazaro\",\"url\":\"https:\/\/lazaro.mg\/\",\"logo\":{\"@type\":\"ImageObject\",\"inLanguage\":\"en-US\",\"@id\":\"https:\/\/lazaro.mg\/#\/schema\/logo\/image\/\",\"url\":\"https:\/\/lazaro.mg\/wp-content\/uploads\/2025\/09\/cropped-Lazaro-logo-referencement-1.png\",\"contentUrl\":\"https:\/\/lazaro.mg\/wp-content\/uploads\/2025\/09\/cropped-Lazaro-logo-referencement-1.png\",\"width\":512,\"height\":511,\"caption\":\"Company Lazaro\"},\"image\":{\"@id\":\"https:\/\/lazaro.mg\/#\/schema\/logo\/image\/\"}}]}<\/script>\n<!-- \/ Yoast SEO plugin. -->","yoast_head_json":{"title":"Pili-Pili de Madagascar \u2013 L\u2019intensit\u00e9 du piment tropical - Company Lazaro","robots":{"index":"index","follow":"follow","max-snippet":"max-snippet:-1","max-image-preview":"max-image-preview:large","max-video-preview":"max-video-preview:-1"},"canonical":"https:\/\/lazaro.mg\/en\/nos-produits\/epices-condiments\/pili-pili-de-madagascar-lintensite-du-piment-tropical\/","og_locale":"en_US","og_type":"article","og_title":"Pili-Pili de Madagascar \u2013 L\u2019intensit\u00e9 du piment tropical - Company Lazaro","og_description":"Pili-Pili \u2013 Piment embl\u00e9matique de Madagascar Issu d\u2019une agriculture traditionnelle et naturelle dans les for\u00eats c\u00f4ti\u00e8res de Madagascar, le pili-pili (ou piment oiseau) est une \u00e9pice embl\u00e9matique, r\u00e9put\u00e9e pour sa puissance aromatique et son piquant. Se nourrissant de la force du soleil, le pili-pili devient intens\u00e9ment rouge \u00e0 maturit\u00e9. Tr\u00e8s pris\u00e9 en cuisine pour relever les sauces, les plats de viande ou de poisson, toutes sp\u00e9cialit\u00e9s exotiques, il s\u00e9duit les chefs gastronomes et les industriels agroalimentaires pour ses effets gustatifs. Une exp\u00e9rience inoubliable des papilles !","og_url":"https:\/\/lazaro.mg\/en\/nos-produits\/epices-condiments\/pili-pili-de-madagascar-lintensite-du-piment-tropical\/","og_site_name":"Company Lazaro","article_modified_time":"2025-10-08T08:53:43+00:00","og_image":[{"width":1024,"height":1024,"url":"https:\/\/lazaro.mg\/wp-content\/uploads\/2025\/10\/Lazaro-Pili-pili-piment-rouge-1-1024x1024.png","type":"image\/png"}],"twitter_card":"summary_large_image","schema":{"@context":"https:\/\/schema.org","@graph":[{"@type":"WebPage","@id":"https:\/\/lazaro.mg\/nos-produits\/epices-condiments\/pili-pili-de-madagascar-lintensite-du-piment-tropical\/","url":"https:\/\/lazaro.mg\/nos-produits\/epices-condiments\/pili-pili-de-madagascar-lintensite-du-piment-tropical\/","name":"Pili-Pili de Madagascar \u2013 L\u2019intensit\u00e9 du piment tropical - Company Lazaro","isPartOf":{"@id":"https:\/\/lazaro.mg\/#website"},"primaryImageOfPage":{"@id":"https:\/\/lazaro.mg\/nos-produits\/epices-condiments\/pili-pili-de-madagascar-lintensite-du-piment-tropical\/#primaryimage"},"image":{"@id":"https:\/\/lazaro.mg\/nos-produits\/epices-condiments\/pili-pili-de-madagascar-lintensite-du-piment-tropical\/#primaryimage"},"thumbnailUrl":"https:\/\/lazaro.mg\/wp-content\/uploads\/2025\/10\/Lazaro-Pili-pili-piment-rouge-1.png","datePublished":"2025-10-04T05:20:56+00:00","dateModified":"2025-10-08T08:53:43+00:00","breadcrumb":{"@id":"https:\/\/lazaro.mg\/nos-produits\/epices-condiments\/pili-pili-de-madagascar-lintensite-du-piment-tropical\/#breadcrumb"},"inLanguage":"en-US","potentialAction":[{"@type":"ReadAction","target":["https:\/\/lazaro.mg\/nos-produits\/epices-condiments\/pili-pili-de-madagascar-lintensite-du-piment-tropical\/"]}]},{"@type":"ImageObject","inLanguage":"en-US","@id":"https:\/\/lazaro.mg\/nos-produits\/epices-condiments\/pili-pili-de-madagascar-lintensite-du-piment-tropical\/#primaryimage","url":"https:\/\/lazaro.mg\/wp-content\/uploads\/2025\/10\/Lazaro-Pili-pili-piment-rouge-1.png","contentUrl":"https:\/\/lazaro.mg\/wp-content\/uploads\/2025\/10\/Lazaro-Pili-pili-piment-rouge-1.png","width":2308,"height":2308},{"@type":"BreadcrumbList","@id":"https:\/\/lazaro.mg\/nos-produits\/epices-condiments\/pili-pili-de-madagascar-lintensite-du-piment-tropical\/#breadcrumb","itemListElement":[{"@type":"ListItem","position":1,"name":"Accueil","item":"https:\/\/lazaro.mg\/"},{"@type":"ListItem","position":2,"name":"Nos produits","item":"https:\/\/lazaro.mg\/nos-produits\/"},{"@type":"ListItem","position":3,"name":"Pili-Pili de Madagascar \u2013 L\u2019intensit\u00e9 du piment tropical"}]},{"@type":"WebSite","@id":"https:\/\/lazaro.mg\/#website","url":"https:\/\/lazaro.mg\/","name":"Company Lazaro","description":"Lazaro","publisher":{"@id":"https:\/\/lazaro.mg\/#organization"},"potentialAction":[{"@type":"SearchAction","target":{"@type":"EntryPoint","urlTemplate":"https:\/\/lazaro.mg\/?s={search_term_string}"},"query-input":{"@type":"PropertyValueSpecification","valueRequired":true,"valueName":"search_term_string"}}],"inLanguage":"en-US"},{"@type":"Organization","@id":"https:\/\/lazaro.mg\/#organization","name":"Company Lazaro","url":"https:\/\/lazaro.mg\/","logo":{"@type":"ImageObject","inLanguage":"en-US","@id":"https:\/\/lazaro.mg\/#\/schema\/logo\/image\/","url":"https:\/\/lazaro.mg\/wp-content\/uploads\/2025\/09\/cropped-Lazaro-logo-referencement-1.png","contentUrl":"https:\/\/lazaro.mg\/wp-content\/uploads\/2025\/09\/cropped-Lazaro-logo-referencement-1.png","width":512,"height":511,"caption":"Company Lazaro"},"image":{"@id":"https:\/\/lazaro.mg\/#\/schema\/logo\/image\/"}}]}},"_links":{"self":[{"href":"https:\/\/lazaro.mg\/en\/wp-json\/wp\/v2\/product\/5069","targetHints":{"allow":["GET"]}}],"collection":[{"href":"https:\/\/lazaro.mg\/en\/wp-json\/wp\/v2\/product"}],"about":[{"href":"https:\/\/lazaro.mg\/en\/wp-json\/wp\/v2\/types\/product"}],"wp:featuredmedia":[{"embeddable":true,"href":"https:\/\/lazaro.mg\/en\/wp-json\/wp\/v2\/media\/4957"}],"wp:attachment":[{"href":"https:\/\/lazaro.mg\/en\/wp-json\/wp\/v2\/media?parent=5069"}],"wp:term":[{"taxonomy":"product_brand","embeddable":true,"href":"https:\/\/lazaro.mg\/en\/wp-json\/wp\/v2\/product_brand?post=5069"},{"taxonomy":"product_cat","embeddable":true,"href":"https:\/\/lazaro.mg\/en\/wp-json\/wp\/v2\/product_cat?post=5069"},{"taxonomy":"product_tag","embeddable":true,"href":"https:\/\/lazaro.mg\/en\/wp-json\/wp\/v2\/product_tag?post=5069"}],"curies":[{"name":"wp","href":"https:\/\/api.w.org\/{rel}","templated":true}]}}