{"id":5070,"date":"2025-10-04T10:54:16","date_gmt":"2025-10-04T07:54:16","guid":{"rendered":"https:\/\/lazaro.mg\/?post_type=product&#038;p=5070"},"modified":"2025-10-08T11:52:25","modified_gmt":"2025-10-08T08:52:25","slug":"gingembre-de-madagascar-une-racine-aux-mille-vertus","status":"publish","type":"product","link":"https:\/\/lazaro.mg\/en\/nos-produits\/epices-condiments\/gingembre-de-madagascar-une-racine-aux-mille-vertus\/","title":{"rendered":"Madagascar Ginger \u2013 A Root with a Thousand Benefits"},"content":{"rendered":"","protected":false},"excerpt":{"rendered":"<span class=\"subtitle subtitle-block subtitle-above subtitle-left use-body-font\">Ginger \u2013 Culinary and Wellness Ally<\/span>\r\n<span style=\"font-weight: 400;\">Grown using traditional agriculture without chemical fertilizers or pesticides, Madagascar ginger is distinguished by its spicy aroma. The humid tropical climate is ideal for developing rhizomes rich in essential oils and gingerols. Used in gastronomy, pastry, cosmetics, and herbal medicine, Malagasy ginger enhances dishes and promotes well-being with its digestive and tonifying properties.<\/span>","protected":false},"featured_media":4940,"template":"","meta":{"_acf_changed":false},"product_brand":[],"product_cat":[49],"product_tag":[],"class_list":{"0":"post-5070","1":"product","2":"type-product","3":"status-publish","4":"has-post-thumbnail","6":"product_cat-epices-condiments","8":"first","9":"instock","10":"shipping-taxable","11":"product-type-simple"},"acf":[],"yoast_head":"<!-- This site is optimized with the Yoast SEO plugin v26.8 - https:\/\/yoast.com\/product\/yoast-seo-wordpress\/ -->\n<title>Gingembre de Madagascar \u2013 Une racine aux mille vertus - Company Lazaro<\/title>\n<meta name=\"robots\" content=\"index, follow, max-snippet:-1, max-image-preview:large, max-video-preview:-1\" \/>\n<link rel=\"canonical\" href=\"https:\/\/lazaro.mg\/en\/nos-produits\/epices-condiments\/gingembre-de-madagascar-une-racine-aux-mille-vertus\/\" \/>\n<meta property=\"og:locale\" content=\"en_US\" \/>\n<meta property=\"og:type\" content=\"article\" \/>\n<meta property=\"og:title\" content=\"Gingembre de Madagascar \u2013 Une racine aux mille vertus - Company Lazaro\" \/>\n<meta property=\"og:description\" content=\"Gingembre \u2013 L\u2019alli\u00e9 culinaire et bien-\u00eatre Issu d\u2019une agriculture traditionnelle, sans engrais chimiques ni pesticides, le gingembre de Madagascar se distingue par son ar\u00f4me piquant. Le climat tropical humide est id\u00e9al pour le d\u00e9veloppement d\u2019un rhizome riche en huiles essentielles et en ging\u00e9rols. Utilis\u00e9 en gastronomie, p\u00e2tisserie, cosm\u00e9tique et phytoth\u00e9rapie, le gingembre malgache rel\u00e8ve les plats et apporte bien-\u00eatre \u00e0 ses adeptes gr\u00e2ce \u00e0 ses propri\u00e9t\u00e9s digestives et tonifiantes.\" \/>\n<meta property=\"og:url\" content=\"https:\/\/lazaro.mg\/en\/nos-produits\/epices-condiments\/gingembre-de-madagascar-une-racine-aux-mille-vertus\/\" \/>\n<meta property=\"og:site_name\" content=\"Company Lazaro\" \/>\n<meta property=\"article:modified_time\" content=\"2025-10-08T08:52:25+00:00\" \/>\n<meta property=\"og:image\" content=\"https:\/\/lazaro.mg\/wp-content\/uploads\/2025\/10\/Lazaro-Gingembre-Madagascar-3-1024x1024.png\" \/>\n\t<meta property=\"og:image:width\" content=\"1024\" \/>\n\t<meta property=\"og:image:height\" content=\"1024\" \/>\n\t<meta property=\"og:image:type\" content=\"image\/png\" \/>\n<meta name=\"twitter:card\" content=\"summary_large_image\" \/>\n<script type=\"application\/ld+json\" class=\"yoast-schema-graph\">{\"@context\":\"https:\/\/schema.org\",\"@graph\":[{\"@type\":\"WebPage\",\"@id\":\"https:\/\/lazaro.mg\/nos-produits\/epices-condiments\/gingembre-de-madagascar-une-racine-aux-mille-vertus\/\",\"url\":\"https:\/\/lazaro.mg\/nos-produits\/epices-condiments\/gingembre-de-madagascar-une-racine-aux-mille-vertus\/\",\"name\":\"Gingembre de Madagascar \u2013 Une racine aux mille vertus - Company Lazaro\",\"isPartOf\":{\"@id\":\"https:\/\/lazaro.mg\/#website\"},\"primaryImageOfPage\":{\"@id\":\"https:\/\/lazaro.mg\/nos-produits\/epices-condiments\/gingembre-de-madagascar-une-racine-aux-mille-vertus\/#primaryimage\"},\"image\":{\"@id\":\"https:\/\/lazaro.mg\/nos-produits\/epices-condiments\/gingembre-de-madagascar-une-racine-aux-mille-vertus\/#primaryimage\"},\"thumbnailUrl\":\"https:\/\/lazaro.mg\/wp-content\/uploads\/2025\/10\/Lazaro-Gingembre-Madagascar-3.png\",\"datePublished\":\"2025-10-04T07:54:16+00:00\",\"dateModified\":\"2025-10-08T08:52:25+00:00\",\"breadcrumb\":{\"@id\":\"https:\/\/lazaro.mg\/nos-produits\/epices-condiments\/gingembre-de-madagascar-une-racine-aux-mille-vertus\/#breadcrumb\"},\"inLanguage\":\"en-US\",\"potentialAction\":[{\"@type\":\"ReadAction\",\"target\":[\"https:\/\/lazaro.mg\/nos-produits\/epices-condiments\/gingembre-de-madagascar-une-racine-aux-mille-vertus\/\"]}]},{\"@type\":\"ImageObject\",\"inLanguage\":\"en-US\",\"@id\":\"https:\/\/lazaro.mg\/nos-produits\/epices-condiments\/gingembre-de-madagascar-une-racine-aux-mille-vertus\/#primaryimage\",\"url\":\"https:\/\/lazaro.mg\/wp-content\/uploads\/2025\/10\/Lazaro-Gingembre-Madagascar-3.png\",\"contentUrl\":\"https:\/\/lazaro.mg\/wp-content\/uploads\/2025\/10\/Lazaro-Gingembre-Madagascar-3.png\",\"width\":2308,\"height\":2308},{\"@type\":\"BreadcrumbList\",\"@id\":\"https:\/\/lazaro.mg\/nos-produits\/epices-condiments\/gingembre-de-madagascar-une-racine-aux-mille-vertus\/#breadcrumb\",\"itemListElement\":[{\"@type\":\"ListItem\",\"position\":1,\"name\":\"Accueil\",\"item\":\"https:\/\/lazaro.mg\/\"},{\"@type\":\"ListItem\",\"position\":2,\"name\":\"Nos produits\",\"item\":\"https:\/\/lazaro.mg\/nos-produits\/\"},{\"@type\":\"ListItem\",\"position\":3,\"name\":\"Gingembre de Madagascar \u2013 Une racine aux mille vertus\"}]},{\"@type\":\"WebSite\",\"@id\":\"https:\/\/lazaro.mg\/#website\",\"url\":\"https:\/\/lazaro.mg\/\",\"name\":\"Company Lazaro\",\"description\":\"Lazaro\",\"publisher\":{\"@id\":\"https:\/\/lazaro.mg\/#organization\"},\"potentialAction\":[{\"@type\":\"SearchAction\",\"target\":{\"@type\":\"EntryPoint\",\"urlTemplate\":\"https:\/\/lazaro.mg\/?s={search_term_string}\"},\"query-input\":{\"@type\":\"PropertyValueSpecification\",\"valueRequired\":true,\"valueName\":\"search_term_string\"}}],\"inLanguage\":\"en-US\"},{\"@type\":\"Organization\",\"@id\":\"https:\/\/lazaro.mg\/#organization\",\"name\":\"Company Lazaro\",\"url\":\"https:\/\/lazaro.mg\/\",\"logo\":{\"@type\":\"ImageObject\",\"inLanguage\":\"en-US\",\"@id\":\"https:\/\/lazaro.mg\/#\/schema\/logo\/image\/\",\"url\":\"https:\/\/lazaro.mg\/wp-content\/uploads\/2025\/09\/cropped-Lazaro-logo-referencement-1.png\",\"contentUrl\":\"https:\/\/lazaro.mg\/wp-content\/uploads\/2025\/09\/cropped-Lazaro-logo-referencement-1.png\",\"width\":512,\"height\":511,\"caption\":\"Company Lazaro\"},\"image\":{\"@id\":\"https:\/\/lazaro.mg\/#\/schema\/logo\/image\/\"}}]}<\/script>\n<!-- \/ Yoast SEO plugin. -->","yoast_head_json":{"title":"Gingembre de Madagascar \u2013 Une racine aux mille vertus - Company Lazaro","robots":{"index":"index","follow":"follow","max-snippet":"max-snippet:-1","max-image-preview":"max-image-preview:large","max-video-preview":"max-video-preview:-1"},"canonical":"https:\/\/lazaro.mg\/en\/nos-produits\/epices-condiments\/gingembre-de-madagascar-une-racine-aux-mille-vertus\/","og_locale":"en_US","og_type":"article","og_title":"Gingembre de Madagascar \u2013 Une racine aux mille vertus - Company Lazaro","og_description":"Gingembre \u2013 L\u2019alli\u00e9 culinaire et bien-\u00eatre Issu d\u2019une agriculture traditionnelle, sans engrais chimiques ni pesticides, le gingembre de Madagascar se distingue par son ar\u00f4me piquant. Le climat tropical humide est id\u00e9al pour le d\u00e9veloppement d\u2019un rhizome riche en huiles essentielles et en ging\u00e9rols. Utilis\u00e9 en gastronomie, p\u00e2tisserie, cosm\u00e9tique et phytoth\u00e9rapie, le gingembre malgache rel\u00e8ve les plats et apporte bien-\u00eatre \u00e0 ses adeptes gr\u00e2ce \u00e0 ses propri\u00e9t\u00e9s digestives et tonifiantes.","og_url":"https:\/\/lazaro.mg\/en\/nos-produits\/epices-condiments\/gingembre-de-madagascar-une-racine-aux-mille-vertus\/","og_site_name":"Company Lazaro","article_modified_time":"2025-10-08T08:52:25+00:00","og_image":[{"width":1024,"height":1024,"url":"https:\/\/lazaro.mg\/wp-content\/uploads\/2025\/10\/Lazaro-Gingembre-Madagascar-3-1024x1024.png","type":"image\/png"}],"twitter_card":"summary_large_image","schema":{"@context":"https:\/\/schema.org","@graph":[{"@type":"WebPage","@id":"https:\/\/lazaro.mg\/nos-produits\/epices-condiments\/gingembre-de-madagascar-une-racine-aux-mille-vertus\/","url":"https:\/\/lazaro.mg\/nos-produits\/epices-condiments\/gingembre-de-madagascar-une-racine-aux-mille-vertus\/","name":"Gingembre de Madagascar \u2013 Une racine aux mille vertus - Company Lazaro","isPartOf":{"@id":"https:\/\/lazaro.mg\/#website"},"primaryImageOfPage":{"@id":"https:\/\/lazaro.mg\/nos-produits\/epices-condiments\/gingembre-de-madagascar-une-racine-aux-mille-vertus\/#primaryimage"},"image":{"@id":"https:\/\/lazaro.mg\/nos-produits\/epices-condiments\/gingembre-de-madagascar-une-racine-aux-mille-vertus\/#primaryimage"},"thumbnailUrl":"https:\/\/lazaro.mg\/wp-content\/uploads\/2025\/10\/Lazaro-Gingembre-Madagascar-3.png","datePublished":"2025-10-04T07:54:16+00:00","dateModified":"2025-10-08T08:52:25+00:00","breadcrumb":{"@id":"https:\/\/lazaro.mg\/nos-produits\/epices-condiments\/gingembre-de-madagascar-une-racine-aux-mille-vertus\/#breadcrumb"},"inLanguage":"en-US","potentialAction":[{"@type":"ReadAction","target":["https:\/\/lazaro.mg\/nos-produits\/epices-condiments\/gingembre-de-madagascar-une-racine-aux-mille-vertus\/"]}]},{"@type":"ImageObject","inLanguage":"en-US","@id":"https:\/\/lazaro.mg\/nos-produits\/epices-condiments\/gingembre-de-madagascar-une-racine-aux-mille-vertus\/#primaryimage","url":"https:\/\/lazaro.mg\/wp-content\/uploads\/2025\/10\/Lazaro-Gingembre-Madagascar-3.png","contentUrl":"https:\/\/lazaro.mg\/wp-content\/uploads\/2025\/10\/Lazaro-Gingembre-Madagascar-3.png","width":2308,"height":2308},{"@type":"BreadcrumbList","@id":"https:\/\/lazaro.mg\/nos-produits\/epices-condiments\/gingembre-de-madagascar-une-racine-aux-mille-vertus\/#breadcrumb","itemListElement":[{"@type":"ListItem","position":1,"name":"Accueil","item":"https:\/\/lazaro.mg\/"},{"@type":"ListItem","position":2,"name":"Nos produits","item":"https:\/\/lazaro.mg\/nos-produits\/"},{"@type":"ListItem","position":3,"name":"Gingembre de Madagascar \u2013 Une racine aux mille vertus"}]},{"@type":"WebSite","@id":"https:\/\/lazaro.mg\/#website","url":"https:\/\/lazaro.mg\/","name":"Company Lazaro","description":"Lazaro","publisher":{"@id":"https:\/\/lazaro.mg\/#organization"},"potentialAction":[{"@type":"SearchAction","target":{"@type":"EntryPoint","urlTemplate":"https:\/\/lazaro.mg\/?s={search_term_string}"},"query-input":{"@type":"PropertyValueSpecification","valueRequired":true,"valueName":"search_term_string"}}],"inLanguage":"en-US"},{"@type":"Organization","@id":"https:\/\/lazaro.mg\/#organization","name":"Company Lazaro","url":"https:\/\/lazaro.mg\/","logo":{"@type":"ImageObject","inLanguage":"en-US","@id":"https:\/\/lazaro.mg\/#\/schema\/logo\/image\/","url":"https:\/\/lazaro.mg\/wp-content\/uploads\/2025\/09\/cropped-Lazaro-logo-referencement-1.png","contentUrl":"https:\/\/lazaro.mg\/wp-content\/uploads\/2025\/09\/cropped-Lazaro-logo-referencement-1.png","width":512,"height":511,"caption":"Company Lazaro"},"image":{"@id":"https:\/\/lazaro.mg\/#\/schema\/logo\/image\/"}}]}},"_links":{"self":[{"href":"https:\/\/lazaro.mg\/en\/wp-json\/wp\/v2\/product\/5070","targetHints":{"allow":["GET"]}}],"collection":[{"href":"https:\/\/lazaro.mg\/en\/wp-json\/wp\/v2\/product"}],"about":[{"href":"https:\/\/lazaro.mg\/en\/wp-json\/wp\/v2\/types\/product"}],"wp:featuredmedia":[{"embeddable":true,"href":"https:\/\/lazaro.mg\/en\/wp-json\/wp\/v2\/media\/4940"}],"wp:attachment":[{"href":"https:\/\/lazaro.mg\/en\/wp-json\/wp\/v2\/media?parent=5070"}],"wp:term":[{"taxonomy":"product_brand","embeddable":true,"href":"https:\/\/lazaro.mg\/en\/wp-json\/wp\/v2\/product_brand?post=5070"},{"taxonomy":"product_cat","embeddable":true,"href":"https:\/\/lazaro.mg\/en\/wp-json\/wp\/v2\/product_cat?post=5070"},{"taxonomy":"product_tag","embeddable":true,"href":"https:\/\/lazaro.mg\/en\/wp-json\/wp\/v2\/product_tag?post=5070"}],"curies":[{"name":"wp","href":"https:\/\/api.w.org\/{rel}","templated":true}]}}