{"id":5081,"date":"2025-10-04T17:47:55","date_gmt":"2025-10-04T14:47:55","guid":{"rendered":"https:\/\/lazaro.mg\/?post_type=product&#038;p=5081"},"modified":"2025-10-08T11:54:43","modified_gmt":"2025-10-08T08:54:43","slug":"cafe-de-madagascar-un-arome-corse-et-de-caractere","status":"publish","type":"product","link":"https:\/\/lazaro.mg\/en\/nos-produits\/epices-condiments\/cafe-de-madagascar-un-arome-corse-et-de-caractere\/","title":{"rendered":"Madagascar Coffee \u2013 A Bold and Characterful Aroma"},"content":{"rendered":"","protected":false},"excerpt":{"rendered":"<span class=\"subtitle subtitle-block subtitle-above subtitle-left use-body-font\">Robusta Coffee \u2013 A Sensory Journey<\/span>\r\n<span style=\"font-weight: 400;\">Sourced from agroforestry, a natural and sustainable form of agriculture, and crafted using traditional expertise, Madagascar coffee reveals an exceptional aromatic palette, blending floral, woody, and chocolate notes. Hand-picked and naturally sun-dried, Robusta coffee offers a perfect balance of sweetness, strength, and character. Born from volcanic soils, it awakens the senses, inviting enthusiasts on a visual, olfactory, and gustatory journey. Bold and full-bodied, it makes all the difference!<\/span>","protected":false},"featured_media":5161,"template":"","meta":{"_acf_changed":false},"product_brand":[],"product_cat":[49],"product_tag":[],"class_list":{"0":"post-5081","1":"product","2":"type-product","3":"status-publish","4":"has-post-thumbnail","6":"product_cat-epices-condiments","8":"first","9":"instock","10":"shipping-taxable","11":"product-type-simple"},"acf":[],"yoast_head":"<!-- This site is optimized with the Yoast SEO plugin v26.8 - https:\/\/yoast.com\/product\/yoast-seo-wordpress\/ -->\n<title>Caf\u00e9 de Madagascar \u2013 Un ar\u00f4me cors\u00e9 et de caract\u00e8re - Company Lazaro<\/title>\n<meta name=\"robots\" content=\"index, follow, max-snippet:-1, max-image-preview:large, max-video-preview:-1\" \/>\n<link rel=\"canonical\" href=\"https:\/\/lazaro.mg\/en\/nos-produits\/epices-condiments\/cafe-de-madagascar-un-arome-corse-et-de-caractere\/\" \/>\n<meta property=\"og:locale\" content=\"en_US\" \/>\n<meta property=\"og:type\" content=\"article\" \/>\n<meta property=\"og:title\" content=\"Caf\u00e9 de Madagascar \u2013 Un ar\u00f4me cors\u00e9 et de caract\u00e8re - Company Lazaro\" \/>\n<meta property=\"og:description\" content=\"Caf\u00e9 Robusta \u2013 Un voyage sensoriel Issu de l\u2019agroforesterie, une agriculture naturelle et durable, d\u2019un savoir-faire traditionnel, le caf\u00e9 de Madagascar r\u00e9v\u00e8le une palette aromatique exceptionnelle, entre notes florales, bois\u00e9es et chocolat\u00e9es. R\u00e9colt\u00e9 \u00e0 la main et s\u00e9ch\u00e9 naturellement, notre caf\u00e9 Robusta pr\u00e9sente un \u00e9quilibre parfait entre douceur, puissance et caract\u00e8re. N\u00e9 des terres volcaniques, il \u00e9veille les sens, invitant ses adeptes \u00e0 un voyage sensoriel, visuel, olfactif, gustatif. Cors\u00e9, il fait la diff\u00e9rence !\" \/>\n<meta property=\"og:url\" content=\"https:\/\/lazaro.mg\/en\/nos-produits\/epices-condiments\/cafe-de-madagascar-un-arome-corse-et-de-caractere\/\" \/>\n<meta property=\"og:site_name\" content=\"Company Lazaro\" \/>\n<meta property=\"article:modified_time\" content=\"2025-10-08T08:54:43+00:00\" \/>\n<meta property=\"og:image\" content=\"https:\/\/lazaro.mg\/wp-content\/uploads\/2025\/10\/Lazaro-Cafe-grains-bruts-1-min.png\" \/>\n\t<meta property=\"og:image:width\" content=\"2308\" \/>\n\t<meta property=\"og:image:height\" content=\"2308\" \/>\n\t<meta property=\"og:image:type\" content=\"image\/png\" \/>\n<meta name=\"twitter:card\" content=\"summary_large_image\" \/>\n<script type=\"application\/ld+json\" class=\"yoast-schema-graph\">{\"@context\":\"https:\/\/schema.org\",\"@graph\":[{\"@type\":\"WebPage\",\"@id\":\"https:\/\/lazaro.mg\/nos-produits\/epices-condiments\/cafe-de-madagascar-un-arome-corse-et-de-caractere\/\",\"url\":\"https:\/\/lazaro.mg\/nos-produits\/epices-condiments\/cafe-de-madagascar-un-arome-corse-et-de-caractere\/\",\"name\":\"Caf\u00e9 de Madagascar \u2013 Un ar\u00f4me cors\u00e9 et de caract\u00e8re - Company Lazaro\",\"isPartOf\":{\"@id\":\"https:\/\/lazaro.mg\/#website\"},\"primaryImageOfPage\":{\"@id\":\"https:\/\/lazaro.mg\/nos-produits\/epices-condiments\/cafe-de-madagascar-un-arome-corse-et-de-caractere\/#primaryimage\"},\"image\":{\"@id\":\"https:\/\/lazaro.mg\/nos-produits\/epices-condiments\/cafe-de-madagascar-un-arome-corse-et-de-caractere\/#primaryimage\"},\"thumbnailUrl\":\"https:\/\/lazaro.mg\/wp-content\/uploads\/2025\/10\/Lazaro-Cafe-grains-bruts-1-min.png\",\"datePublished\":\"2025-10-04T14:47:55+00:00\",\"dateModified\":\"2025-10-08T08:54:43+00:00\",\"breadcrumb\":{\"@id\":\"https:\/\/lazaro.mg\/nos-produits\/epices-condiments\/cafe-de-madagascar-un-arome-corse-et-de-caractere\/#breadcrumb\"},\"inLanguage\":\"en-US\",\"potentialAction\":[{\"@type\":\"ReadAction\",\"target\":[\"https:\/\/lazaro.mg\/nos-produits\/epices-condiments\/cafe-de-madagascar-un-arome-corse-et-de-caractere\/\"]}]},{\"@type\":\"ImageObject\",\"inLanguage\":\"en-US\",\"@id\":\"https:\/\/lazaro.mg\/nos-produits\/epices-condiments\/cafe-de-madagascar-un-arome-corse-et-de-caractere\/#primaryimage\",\"url\":\"https:\/\/lazaro.mg\/wp-content\/uploads\/2025\/10\/Lazaro-Cafe-grains-bruts-1-min.png\",\"contentUrl\":\"https:\/\/lazaro.mg\/wp-content\/uploads\/2025\/10\/Lazaro-Cafe-grains-bruts-1-min.png\",\"width\":2308,\"height\":2308},{\"@type\":\"BreadcrumbList\",\"@id\":\"https:\/\/lazaro.mg\/nos-produits\/epices-condiments\/cafe-de-madagascar-un-arome-corse-et-de-caractere\/#breadcrumb\",\"itemListElement\":[{\"@type\":\"ListItem\",\"position\":1,\"name\":\"Accueil\",\"item\":\"https:\/\/lazaro.mg\/\"},{\"@type\":\"ListItem\",\"position\":2,\"name\":\"Nos produits\",\"item\":\"https:\/\/lazaro.mg\/nos-produits\/\"},{\"@type\":\"ListItem\",\"position\":3,\"name\":\"Caf\u00e9 de Madagascar \u2013 Un ar\u00f4me cors\u00e9 et de caract\u00e8re\"}]},{\"@type\":\"WebSite\",\"@id\":\"https:\/\/lazaro.mg\/#website\",\"url\":\"https:\/\/lazaro.mg\/\",\"name\":\"Company Lazaro\",\"description\":\"Lazaro\",\"publisher\":{\"@id\":\"https:\/\/lazaro.mg\/#organization\"},\"potentialAction\":[{\"@type\":\"SearchAction\",\"target\":{\"@type\":\"EntryPoint\",\"urlTemplate\":\"https:\/\/lazaro.mg\/?s={search_term_string}\"},\"query-input\":{\"@type\":\"PropertyValueSpecification\",\"valueRequired\":true,\"valueName\":\"search_term_string\"}}],\"inLanguage\":\"en-US\"},{\"@type\":\"Organization\",\"@id\":\"https:\/\/lazaro.mg\/#organization\",\"name\":\"Company Lazaro\",\"url\":\"https:\/\/lazaro.mg\/\",\"logo\":{\"@type\":\"ImageObject\",\"inLanguage\":\"en-US\",\"@id\":\"https:\/\/lazaro.mg\/#\/schema\/logo\/image\/\",\"url\":\"https:\/\/lazaro.mg\/wp-content\/uploads\/2025\/09\/cropped-Lazaro-logo-referencement-1.png\",\"contentUrl\":\"https:\/\/lazaro.mg\/wp-content\/uploads\/2025\/09\/cropped-Lazaro-logo-referencement-1.png\",\"width\":512,\"height\":511,\"caption\":\"Company Lazaro\"},\"image\":{\"@id\":\"https:\/\/lazaro.mg\/#\/schema\/logo\/image\/\"}}]}<\/script>\n<!-- \/ Yoast SEO plugin. -->","yoast_head_json":{"title":"Caf\u00e9 de Madagascar \u2013 Un ar\u00f4me cors\u00e9 et de caract\u00e8re - Company Lazaro","robots":{"index":"index","follow":"follow","max-snippet":"max-snippet:-1","max-image-preview":"max-image-preview:large","max-video-preview":"max-video-preview:-1"},"canonical":"https:\/\/lazaro.mg\/en\/nos-produits\/epices-condiments\/cafe-de-madagascar-un-arome-corse-et-de-caractere\/","og_locale":"en_US","og_type":"article","og_title":"Caf\u00e9 de Madagascar \u2013 Un ar\u00f4me cors\u00e9 et de caract\u00e8re - Company Lazaro","og_description":"Caf\u00e9 Robusta \u2013 Un voyage sensoriel Issu de l\u2019agroforesterie, une agriculture naturelle et durable, d\u2019un savoir-faire traditionnel, le caf\u00e9 de Madagascar r\u00e9v\u00e8le une palette aromatique exceptionnelle, entre notes florales, bois\u00e9es et chocolat\u00e9es. R\u00e9colt\u00e9 \u00e0 la main et s\u00e9ch\u00e9 naturellement, notre caf\u00e9 Robusta pr\u00e9sente un \u00e9quilibre parfait entre douceur, puissance et caract\u00e8re. N\u00e9 des terres volcaniques, il \u00e9veille les sens, invitant ses adeptes \u00e0 un voyage sensoriel, visuel, olfactif, gustatif. Cors\u00e9, il fait la diff\u00e9rence !","og_url":"https:\/\/lazaro.mg\/en\/nos-produits\/epices-condiments\/cafe-de-madagascar-un-arome-corse-et-de-caractere\/","og_site_name":"Company Lazaro","article_modified_time":"2025-10-08T08:54:43+00:00","og_image":[{"width":2308,"height":2308,"url":"https:\/\/lazaro.mg\/wp-content\/uploads\/2025\/10\/Lazaro-Cafe-grains-bruts-1-min.png","type":"image\/png"}],"twitter_card":"summary_large_image","schema":{"@context":"https:\/\/schema.org","@graph":[{"@type":"WebPage","@id":"https:\/\/lazaro.mg\/nos-produits\/epices-condiments\/cafe-de-madagascar-un-arome-corse-et-de-caractere\/","url":"https:\/\/lazaro.mg\/nos-produits\/epices-condiments\/cafe-de-madagascar-un-arome-corse-et-de-caractere\/","name":"Caf\u00e9 de Madagascar \u2013 Un ar\u00f4me cors\u00e9 et de caract\u00e8re - Company Lazaro","isPartOf":{"@id":"https:\/\/lazaro.mg\/#website"},"primaryImageOfPage":{"@id":"https:\/\/lazaro.mg\/nos-produits\/epices-condiments\/cafe-de-madagascar-un-arome-corse-et-de-caractere\/#primaryimage"},"image":{"@id":"https:\/\/lazaro.mg\/nos-produits\/epices-condiments\/cafe-de-madagascar-un-arome-corse-et-de-caractere\/#primaryimage"},"thumbnailUrl":"https:\/\/lazaro.mg\/wp-content\/uploads\/2025\/10\/Lazaro-Cafe-grains-bruts-1-min.png","datePublished":"2025-10-04T14:47:55+00:00","dateModified":"2025-10-08T08:54:43+00:00","breadcrumb":{"@id":"https:\/\/lazaro.mg\/nos-produits\/epices-condiments\/cafe-de-madagascar-un-arome-corse-et-de-caractere\/#breadcrumb"},"inLanguage":"en-US","potentialAction":[{"@type":"ReadAction","target":["https:\/\/lazaro.mg\/nos-produits\/epices-condiments\/cafe-de-madagascar-un-arome-corse-et-de-caractere\/"]}]},{"@type":"ImageObject","inLanguage":"en-US","@id":"https:\/\/lazaro.mg\/nos-produits\/epices-condiments\/cafe-de-madagascar-un-arome-corse-et-de-caractere\/#primaryimage","url":"https:\/\/lazaro.mg\/wp-content\/uploads\/2025\/10\/Lazaro-Cafe-grains-bruts-1-min.png","contentUrl":"https:\/\/lazaro.mg\/wp-content\/uploads\/2025\/10\/Lazaro-Cafe-grains-bruts-1-min.png","width":2308,"height":2308},{"@type":"BreadcrumbList","@id":"https:\/\/lazaro.mg\/nos-produits\/epices-condiments\/cafe-de-madagascar-un-arome-corse-et-de-caractere\/#breadcrumb","itemListElement":[{"@type":"ListItem","position":1,"name":"Accueil","item":"https:\/\/lazaro.mg\/"},{"@type":"ListItem","position":2,"name":"Nos produits","item":"https:\/\/lazaro.mg\/nos-produits\/"},{"@type":"ListItem","position":3,"name":"Caf\u00e9 de Madagascar \u2013 Un ar\u00f4me cors\u00e9 et de caract\u00e8re"}]},{"@type":"WebSite","@id":"https:\/\/lazaro.mg\/#website","url":"https:\/\/lazaro.mg\/","name":"Company Lazaro","description":"Lazaro","publisher":{"@id":"https:\/\/lazaro.mg\/#organization"},"potentialAction":[{"@type":"SearchAction","target":{"@type":"EntryPoint","urlTemplate":"https:\/\/lazaro.mg\/?s={search_term_string}"},"query-input":{"@type":"PropertyValueSpecification","valueRequired":true,"valueName":"search_term_string"}}],"inLanguage":"en-US"},{"@type":"Organization","@id":"https:\/\/lazaro.mg\/#organization","name":"Company Lazaro","url":"https:\/\/lazaro.mg\/","logo":{"@type":"ImageObject","inLanguage":"en-US","@id":"https:\/\/lazaro.mg\/#\/schema\/logo\/image\/","url":"https:\/\/lazaro.mg\/wp-content\/uploads\/2025\/09\/cropped-Lazaro-logo-referencement-1.png","contentUrl":"https:\/\/lazaro.mg\/wp-content\/uploads\/2025\/09\/cropped-Lazaro-logo-referencement-1.png","width":512,"height":511,"caption":"Company Lazaro"},"image":{"@id":"https:\/\/lazaro.mg\/#\/schema\/logo\/image\/"}}]}},"_links":{"self":[{"href":"https:\/\/lazaro.mg\/en\/wp-json\/wp\/v2\/product\/5081","targetHints":{"allow":["GET"]}}],"collection":[{"href":"https:\/\/lazaro.mg\/en\/wp-json\/wp\/v2\/product"}],"about":[{"href":"https:\/\/lazaro.mg\/en\/wp-json\/wp\/v2\/types\/product"}],"wp:featuredmedia":[{"embeddable":true,"href":"https:\/\/lazaro.mg\/en\/wp-json\/wp\/v2\/media\/5161"}],"wp:attachment":[{"href":"https:\/\/lazaro.mg\/en\/wp-json\/wp\/v2\/media?parent=5081"}],"wp:term":[{"taxonomy":"product_brand","embeddable":true,"href":"https:\/\/lazaro.mg\/en\/wp-json\/wp\/v2\/product_brand?post=5081"},{"taxonomy":"product_cat","embeddable":true,"href":"https:\/\/lazaro.mg\/en\/wp-json\/wp\/v2\/product_cat?post=5081"},{"taxonomy":"product_tag","embeddable":true,"href":"https:\/\/lazaro.mg\/en\/wp-json\/wp\/v2\/product_tag?post=5081"}],"curies":[{"name":"wp","href":"https:\/\/api.w.org\/{rel}","templated":true}]}}