{"id":5538,"date":"2026-02-20T17:00:42","date_gmt":"2026-02-20T14:00:42","guid":{"rendered":"https:\/\/lazaro.mg\/?post_type=product&#038;p=5538"},"modified":"2026-03-10T22:14:20","modified_gmt":"2026-03-10T19:14:20","slug":"etui-gousses-gourmet-5-tiges","status":"publish","type":"product","link":"https:\/\/lazaro.mg\/en\/nos-produits\/lavanyo\/etui-gousses-gourmet-5-tiges\/","title":{"rendered":"\u00c9tui Vanille Bourbon Gourmet &#8211; 5 gousses"},"content":{"rendered":"","protected":false},"excerpt":{"rendered":"<span class=\"subtitle subtitle-block subtitle-above subtitle-left use-body-font\">Vanille Bourbon de Madagascar en format \u00e9picerie fine<\/span>\r\n<span style=\"font-weight: 400;\">D\u00e9couvrez la quintessence de la vanille Bourbon de Madagascar dans un format \u00e9l\u00e9gant et pr\u00eat \u00e0 l\u2019emploi : 5 gousses Gourmet charnues, souples et brillantes, riches en grains et intens\u00e9ment parfum\u00e9es.\r\nProduit d\u2019exception issu du terroir malgache, cette vanille naturelle (100 % organique, sans OGM) est le fruit de notre terre et de nos mains.\r\nId\u00e9ale pour un usage domestique raffin\u00e9 comme pour la revente en boutique, cet \u00e9tui valorise un produit premium dans un conditionnement soign\u00e9 et appr\u00e9ci\u00e9 des gourmets.<\/span>\r\n<span style=\"font-weight: 400;\">\r\nUsages pour les passionn\u00e9s et les professionnels :\r\n<ul style=\"    margin-top: -30px;\">\r\n    <li>P\u00e2tisserie, chocolaterie, glaces, confitures, plats sucr\u00e9s ou sal\u00e9s<\/li>\r\n    <li>Cosm\u00e9tique <\/span>\r\n<\/ul>\r\n<\/span>\r\n<span style=\"font-weight: 400;\">\r\nEn savoir plus : <a style=\"color: #e65d12; font-weight: bold;\" href=\"https:\/\/lazaro.mg\/en\/nos-produits\/vanille\/vanille-gourmet-gousses-de-vanille-bourbon-premium\/\">https:\/\/lazaro.mg\/nos-produits\/vanille\/vanille-gourmet-gousses-de-vanille-bourbon-premium\/<\/a>\r\n<\/span>","protected":false},"featured_media":5540,"template":"","meta":{"_acf_changed":false},"product_brand":[],"product_cat":[55],"product_tag":[],"class_list":{"0":"post-5538","1":"product","2":"type-product","3":"status-publish","4":"has-post-thumbnail","6":"product_cat-lavanyo","8":"first","9":"instock","10":"shipping-taxable","11":"product-type-simple"},"acf":[],"yoast_head":"<!-- This site is optimized with the Yoast SEO plugin v26.8 - https:\/\/yoast.com\/product\/yoast-seo-wordpress\/ -->\n<title>\u00c9tui Vanille Bourbon Gourmet - 5 gousses - Company Lazaro<\/title>\n<meta name=\"robots\" content=\"index, follow, max-snippet:-1, max-image-preview:large, max-video-preview:-1\" \/>\n<link rel=\"canonical\" href=\"https:\/\/lazaro.mg\/en\/nos-produits\/lavanyo\/etui-gousses-gourmet-5-tiges\/\" \/>\n<meta property=\"og:locale\" content=\"en_US\" \/>\n<meta property=\"og:type\" content=\"article\" \/>\n<meta property=\"og:title\" content=\"\u00c9tui Vanille Bourbon Gourmet - 5 gousses - Company Lazaro\" \/>\n<meta property=\"og:description\" content=\"Vanille Bourbon de Madagascar en format \u00e9picerie fine D\u00e9couvrez la quintessence de la vanille Bourbon de Madagascar dans un format \u00e9l\u00e9gant et pr\u00eat \u00e0 l\u2019emploi : 5 gousses Gourmet charnues, souples et brillantes, riches en grains et intens\u00e9ment parfum\u00e9es. Produit d\u2019exception issu du terroir malgache, cette vanille naturelle (100 % organique, sans OGM) est le fruit de notre terre et de nos mains. Id\u00e9ale pour un usage domestique raffin\u00e9 comme pour la revente en boutique, cet \u00e9tui valorise un produit premium dans un conditionnement soign\u00e9 et appr\u00e9ci\u00e9 des gourmets.  Usages pour les passionn\u00e9s et les professionnels :    P\u00e2tisserie, chocolaterie, glaces, confitures, plats sucr\u00e9s ou sal\u00e9s   Cosm\u00e9tique     En savoir plus : https:\/\/lazaro.mg\/nos-produits\/vanille\/vanille-gourmet-gousses-de-vanille-bourbon-premium\/\" \/>\n<meta property=\"og:url\" content=\"https:\/\/lazaro.mg\/en\/nos-produits\/lavanyo\/etui-gousses-gourmet-5-tiges\/\" \/>\n<meta property=\"og:site_name\" content=\"Company Lazaro\" \/>\n<meta property=\"article:modified_time\" content=\"2026-03-10T19:14:20+00:00\" \/>\n<meta property=\"og:image\" content=\"https:\/\/lazaro.mg\/wp-content\/uploads\/2026\/02\/Lazaro-retail-etui-gousses-gourmet-5-tiges.png\" \/>\n\t<meta property=\"og:image:width\" content=\"1080\" \/>\n\t<meta property=\"og:image:height\" content=\"1080\" \/>\n\t<meta property=\"og:image:type\" content=\"image\/png\" \/>\n<meta name=\"twitter:card\" content=\"summary_large_image\" \/>\n<meta name=\"twitter:label1\" content=\"Est. reading time\" \/>\n\t<meta name=\"twitter:data1\" content=\"1 minute\" \/>\n<script type=\"application\/ld+json\" class=\"yoast-schema-graph\">{\"@context\":\"https:\/\/schema.org\",\"@graph\":[{\"@type\":\"WebPage\",\"@id\":\"https:\/\/lazaro.mg\/nos-produits\/lavanyo\/etui-gousses-gourmet-5-tiges\/\",\"url\":\"https:\/\/lazaro.mg\/nos-produits\/lavanyo\/etui-gousses-gourmet-5-tiges\/\",\"name\":\"\u00c9tui Vanille Bourbon Gourmet - 5 gousses - Company Lazaro\",\"isPartOf\":{\"@id\":\"https:\/\/lazaro.mg\/#website\"},\"primaryImageOfPage\":{\"@id\":\"https:\/\/lazaro.mg\/nos-produits\/lavanyo\/etui-gousses-gourmet-5-tiges\/#primaryimage\"},\"image\":{\"@id\":\"https:\/\/lazaro.mg\/nos-produits\/lavanyo\/etui-gousses-gourmet-5-tiges\/#primaryimage\"},\"thumbnailUrl\":\"https:\/\/lazaro.mg\/wp-content\/uploads\/2026\/02\/Lazaro-retail-etui-gousses-gourmet-5-tiges.png\",\"datePublished\":\"2026-02-20T14:00:42+00:00\",\"dateModified\":\"2026-03-10T19:14:20+00:00\",\"breadcrumb\":{\"@id\":\"https:\/\/lazaro.mg\/nos-produits\/lavanyo\/etui-gousses-gourmet-5-tiges\/#breadcrumb\"},\"inLanguage\":\"en-US\",\"potentialAction\":[{\"@type\":\"ReadAction\",\"target\":[\"https:\/\/lazaro.mg\/nos-produits\/lavanyo\/etui-gousses-gourmet-5-tiges\/\"]}]},{\"@type\":\"ImageObject\",\"inLanguage\":\"en-US\",\"@id\":\"https:\/\/lazaro.mg\/nos-produits\/lavanyo\/etui-gousses-gourmet-5-tiges\/#primaryimage\",\"url\":\"https:\/\/lazaro.mg\/wp-content\/uploads\/2026\/02\/Lazaro-retail-etui-gousses-gourmet-5-tiges.png\",\"contentUrl\":\"https:\/\/lazaro.mg\/wp-content\/uploads\/2026\/02\/Lazaro-retail-etui-gousses-gourmet-5-tiges.png\",\"width\":1080,\"height\":1080},{\"@type\":\"BreadcrumbList\",\"@id\":\"https:\/\/lazaro.mg\/nos-produits\/lavanyo\/etui-gousses-gourmet-5-tiges\/#breadcrumb\",\"itemListElement\":[{\"@type\":\"ListItem\",\"position\":1,\"name\":\"Accueil\",\"item\":\"https:\/\/lazaro.mg\/\"},{\"@type\":\"ListItem\",\"position\":2,\"name\":\"Nos produits\",\"item\":\"https:\/\/lazaro.mg\/nos-produits\/\"},{\"@type\":\"ListItem\",\"position\":3,\"name\":\"\u00c9tui Vanille Bourbon Gourmet &#8211; 5 gousses\"}]},{\"@type\":\"WebSite\",\"@id\":\"https:\/\/lazaro.mg\/#website\",\"url\":\"https:\/\/lazaro.mg\/\",\"name\":\"Company Lazaro\",\"description\":\"Lazaro\",\"publisher\":{\"@id\":\"https:\/\/lazaro.mg\/#organization\"},\"potentialAction\":[{\"@type\":\"SearchAction\",\"target\":{\"@type\":\"EntryPoint\",\"urlTemplate\":\"https:\/\/lazaro.mg\/?s={search_term_string}\"},\"query-input\":{\"@type\":\"PropertyValueSpecification\",\"valueRequired\":true,\"valueName\":\"search_term_string\"}}],\"inLanguage\":\"en-US\"},{\"@type\":\"Organization\",\"@id\":\"https:\/\/lazaro.mg\/#organization\",\"name\":\"Company Lazaro\",\"url\":\"https:\/\/lazaro.mg\/\",\"logo\":{\"@type\":\"ImageObject\",\"inLanguage\":\"en-US\",\"@id\":\"https:\/\/lazaro.mg\/#\/schema\/logo\/image\/\",\"url\":\"https:\/\/lazaro.mg\/wp-content\/uploads\/2025\/09\/cropped-Lazaro-logo-referencement-1.png\",\"contentUrl\":\"https:\/\/lazaro.mg\/wp-content\/uploads\/2025\/09\/cropped-Lazaro-logo-referencement-1.png\",\"width\":512,\"height\":511,\"caption\":\"Company Lazaro\"},\"image\":{\"@id\":\"https:\/\/lazaro.mg\/#\/schema\/logo\/image\/\"}}]}<\/script>\n<!-- \/ Yoast SEO plugin. -->","yoast_head_json":{"title":"\u00c9tui Vanille Bourbon Gourmet - 5 gousses - Company Lazaro","robots":{"index":"index","follow":"follow","max-snippet":"max-snippet:-1","max-image-preview":"max-image-preview:large","max-video-preview":"max-video-preview:-1"},"canonical":"https:\/\/lazaro.mg\/en\/nos-produits\/lavanyo\/etui-gousses-gourmet-5-tiges\/","og_locale":"en_US","og_type":"article","og_title":"\u00c9tui Vanille Bourbon Gourmet - 5 gousses - Company Lazaro","og_description":"Vanille Bourbon de Madagascar en format \u00e9picerie fine D\u00e9couvrez la quintessence de la vanille Bourbon de Madagascar dans un format \u00e9l\u00e9gant et pr\u00eat \u00e0 l\u2019emploi : 5 gousses Gourmet charnues, souples et brillantes, riches en grains et intens\u00e9ment parfum\u00e9es. Produit d\u2019exception issu du terroir malgache, cette vanille naturelle (100 % organique, sans OGM) est le fruit de notre terre et de nos mains. Id\u00e9ale pour un usage domestique raffin\u00e9 comme pour la revente en boutique, cet \u00e9tui valorise un produit premium dans un conditionnement soign\u00e9 et appr\u00e9ci\u00e9 des gourmets.  Usages pour les passionn\u00e9s et les professionnels :    P\u00e2tisserie, chocolaterie, glaces, confitures, plats sucr\u00e9s ou sal\u00e9s   Cosm\u00e9tique     En savoir plus : https:\/\/lazaro.mg\/nos-produits\/vanille\/vanille-gourmet-gousses-de-vanille-bourbon-premium\/","og_url":"https:\/\/lazaro.mg\/en\/nos-produits\/lavanyo\/etui-gousses-gourmet-5-tiges\/","og_site_name":"Company Lazaro","article_modified_time":"2026-03-10T19:14:20+00:00","og_image":[{"width":1080,"height":1080,"url":"https:\/\/lazaro.mg\/wp-content\/uploads\/2026\/02\/Lazaro-retail-etui-gousses-gourmet-5-tiges.png","type":"image\/png"}],"twitter_card":"summary_large_image","twitter_misc":{"Est. reading time":"1 minute"},"schema":{"@context":"https:\/\/schema.org","@graph":[{"@type":"WebPage","@id":"https:\/\/lazaro.mg\/nos-produits\/lavanyo\/etui-gousses-gourmet-5-tiges\/","url":"https:\/\/lazaro.mg\/nos-produits\/lavanyo\/etui-gousses-gourmet-5-tiges\/","name":"\u00c9tui Vanille Bourbon Gourmet - 5 gousses - Company Lazaro","isPartOf":{"@id":"https:\/\/lazaro.mg\/#website"},"primaryImageOfPage":{"@id":"https:\/\/lazaro.mg\/nos-produits\/lavanyo\/etui-gousses-gourmet-5-tiges\/#primaryimage"},"image":{"@id":"https:\/\/lazaro.mg\/nos-produits\/lavanyo\/etui-gousses-gourmet-5-tiges\/#primaryimage"},"thumbnailUrl":"https:\/\/lazaro.mg\/wp-content\/uploads\/2026\/02\/Lazaro-retail-etui-gousses-gourmet-5-tiges.png","datePublished":"2026-02-20T14:00:42+00:00","dateModified":"2026-03-10T19:14:20+00:00","breadcrumb":{"@id":"https:\/\/lazaro.mg\/nos-produits\/lavanyo\/etui-gousses-gourmet-5-tiges\/#breadcrumb"},"inLanguage":"en-US","potentialAction":[{"@type":"ReadAction","target":["https:\/\/lazaro.mg\/nos-produits\/lavanyo\/etui-gousses-gourmet-5-tiges\/"]}]},{"@type":"ImageObject","inLanguage":"en-US","@id":"https:\/\/lazaro.mg\/nos-produits\/lavanyo\/etui-gousses-gourmet-5-tiges\/#primaryimage","url":"https:\/\/lazaro.mg\/wp-content\/uploads\/2026\/02\/Lazaro-retail-etui-gousses-gourmet-5-tiges.png","contentUrl":"https:\/\/lazaro.mg\/wp-content\/uploads\/2026\/02\/Lazaro-retail-etui-gousses-gourmet-5-tiges.png","width":1080,"height":1080},{"@type":"BreadcrumbList","@id":"https:\/\/lazaro.mg\/nos-produits\/lavanyo\/etui-gousses-gourmet-5-tiges\/#breadcrumb","itemListElement":[{"@type":"ListItem","position":1,"name":"Accueil","item":"https:\/\/lazaro.mg\/"},{"@type":"ListItem","position":2,"name":"Nos produits","item":"https:\/\/lazaro.mg\/nos-produits\/"},{"@type":"ListItem","position":3,"name":"\u00c9tui Vanille Bourbon Gourmet &#8211; 5 gousses"}]},{"@type":"WebSite","@id":"https:\/\/lazaro.mg\/#website","url":"https:\/\/lazaro.mg\/","name":"Company Lazaro","description":"Lazaro","publisher":{"@id":"https:\/\/lazaro.mg\/#organization"},"potentialAction":[{"@type":"SearchAction","target":{"@type":"EntryPoint","urlTemplate":"https:\/\/lazaro.mg\/?s={search_term_string}"},"query-input":{"@type":"PropertyValueSpecification","valueRequired":true,"valueName":"search_term_string"}}],"inLanguage":"en-US"},{"@type":"Organization","@id":"https:\/\/lazaro.mg\/#organization","name":"Company Lazaro","url":"https:\/\/lazaro.mg\/","logo":{"@type":"ImageObject","inLanguage":"en-US","@id":"https:\/\/lazaro.mg\/#\/schema\/logo\/image\/","url":"https:\/\/lazaro.mg\/wp-content\/uploads\/2025\/09\/cropped-Lazaro-logo-referencement-1.png","contentUrl":"https:\/\/lazaro.mg\/wp-content\/uploads\/2025\/09\/cropped-Lazaro-logo-referencement-1.png","width":512,"height":511,"caption":"Company Lazaro"},"image":{"@id":"https:\/\/lazaro.mg\/#\/schema\/logo\/image\/"}}]}},"_links":{"self":[{"href":"https:\/\/lazaro.mg\/en\/wp-json\/wp\/v2\/product\/5538","targetHints":{"allow":["GET"]}}],"collection":[{"href":"https:\/\/lazaro.mg\/en\/wp-json\/wp\/v2\/product"}],"about":[{"href":"https:\/\/lazaro.mg\/en\/wp-json\/wp\/v2\/types\/product"}],"wp:featuredmedia":[{"embeddable":true,"href":"https:\/\/lazaro.mg\/en\/wp-json\/wp\/v2\/media\/5540"}],"wp:attachment":[{"href":"https:\/\/lazaro.mg\/en\/wp-json\/wp\/v2\/media?parent=5538"}],"wp:term":[{"taxonomy":"product_brand","embeddable":true,"href":"https:\/\/lazaro.mg\/en\/wp-json\/wp\/v2\/product_brand?post=5538"},{"taxonomy":"product_cat","embeddable":true,"href":"https:\/\/lazaro.mg\/en\/wp-json\/wp\/v2\/product_cat?post=5538"},{"taxonomy":"product_tag","embeddable":true,"href":"https:\/\/lazaro.mg\/en\/wp-json\/wp\/v2\/product_tag?post=5538"}],"curies":[{"name":"wp","href":"https:\/\/api.w.org\/{rel}","templated":true}]}}